

{"id":94617,"date":"2024-09-10T15:14:39","date_gmt":"2024-09-10T17:14:39","guid":{"rendered":"https:\/\/new.aavesa.com\/produs\/borkabat-1047\/"},"modified":"2024-09-10T15:14:39","modified_gmt":"2024-09-10T15:14:39","slug":"borkabat-1047","status":"publish","type":"product","link":"https:\/\/aavesa.com\/hu\/product\/borkabat-1047\/","title":{"rendered":"B\u0151rkab\u00e1t 1047"},"content":{"rendered":"<p>Ez a r\u00f6vid b\u0151rdzseki modern szab\u00e1ssal \u00e9s v\u00e1llp\u00e1ntokkal extra st\u00edlust \u00e9s kifinomults\u00e1got k\u00f6lcs\u00f6n\u00f6z ruhat\u00e1r\u00e1nak. Modern diz\u00e1jnj\u00e1nak k\u00f6sz\u00f6nhet\u0151en sokoldal\u00fa viselethez t\u00f6k\u00e9letes. K\u00e9t praktikus zsebbel \u00e9s gombos z\u00e1r\u00e1ssal rendelkezik, amelyek eleg\u00e1ns \u00e9s kifinomult megjelen\u00e9st biztos\u00edtanak. Ez a fekete \u00e9s z\u00f6ld sz\u00ednben kaphat\u00f3 kab\u00e1t ide\u00e1lis mind az alkalmi, mind az eleg\u00e1nsabb ruh\u00e1k kieg\u00e9sz\u00edt\u00e9s\u00e9re. Minden \u00e9vszakban n\u00e9lk\u00fcl\u00f6zhetetlen darab, amelyet arra terveztek, hogy felh\u00edvja a figyelmet \u00e9s egy\u00e9nis\u00e9get adjon b\u00e1rmilyen ruh\u00e1hoz. Modell\u00fcnk 174 cm magas, 36-os m\u00e9retet hord, a term\u00e9k hossza 52 cm.     <\/p>\n","protected":false},"excerpt":{"rendered":"<p>Ez a r\u00f6vid b\u0151rdzseki modern szab\u00e1ssal \u00e9s v\u00e1llp\u00e1ntokkal extra st\u00edlust \u00e9s kifinomults\u00e1got k\u00f6lcs\u00f6n\u00f6z ruhat\u00e1r\u00e1nak. Modern diz\u00e1jnj\u00e1nak k\u00f6sz\u00f6nhet\u0151en sokoldal\u00fa viselethez t\u00f6k\u00e9letes. K\u00e9t praktikus zsebbel \u00e9s gombos z\u00e1r\u00e1ssal rendelkezik, amelyek eleg\u00e1ns \u00e9s kifinomult megjelen\u00e9st biztos\u00edtanak. Ez a fekete \u00e9s z\u00f6ld sz\u00ednben kaphat\u00f3 kab\u00e1t ide\u00e1lis mind az alkalmi, mind az eleg\u00e1nsabb ruh\u00e1k kieg\u00e9sz\u00edt\u00e9s\u00e9re. Minden \u00e9vszakban n\u00e9lk\u00fcl\u00f6zhetetlen darab, amelyet [&hellip;]<\/p>\n","protected":false},"featured_media":93929,"comment_status":"closed","ping_status":"closed","template":"","meta":{"_acf_changed":false,"om_disable_all_campaigns":false,"inline_featured_image":false,"_monsterinsights_skip_tracking":false,"_monsterinsights_sitenote_active":false,"_monsterinsights_sitenote_note":"","_monsterinsights_sitenote_category":0},"product_brand":[],"product_cat":[880,821,767,741,916],"product_tag":[],"class_list":{"0":"post-94617","1":"product","2":"type-product","3":"status-publish","4":"has-post-thumbnail","6":"product_cat-2024-2025-kollekcio","7":"product_cat-bor-ruhak-noknek","8":"product_cat-borkabatok-noknek","9":"product_cat-nok","10":"product_cat-valodi-bor-termekek-tavaszra-es-oszre-kabatok-nadragok-kabatok-szoknyak-es-loveszkabatok-kabatok-nadragok-kabatok-szoknyak-es-loveszkabatok","12":"first","13":"instock","14":"taxable","15":"shipping-taxable","16":"purchasable","17":"product-type-variable","18":"has-default-attributes","19":"wvs-archive-product-wrapper"},"acf":{"categorie_feed":""},"aioseo_notices":[],"_links":{"self":[{"href":"https:\/\/aavesa.com\/hu\/wp-json\/wp\/v2\/product\/94617","targetHints":{"allow":["GET"]}}],"collection":[{"href":"https:\/\/aavesa.com\/hu\/wp-json\/wp\/v2\/product"}],"about":[{"href":"https:\/\/aavesa.com\/hu\/wp-json\/wp\/v2\/types\/product"}],"replies":[{"embeddable":true,"href":"https:\/\/aavesa.com\/hu\/wp-json\/wp\/v2\/comments?post=94617"}],"wp:featuredmedia":[{"embeddable":true,"href":"https:\/\/aavesa.com\/hu\/wp-json\/wp\/v2\/media\/93929"}],"wp:attachment":[{"href":"https:\/\/aavesa.com\/hu\/wp-json\/wp\/v2\/media?parent=94617"}],"wp:term":[{"taxonomy":"product_brand","embeddable":true,"href":"https:\/\/aavesa.com\/hu\/wp-json\/wp\/v2\/product_brand?post=94617"},{"taxonomy":"product_cat","embeddable":true,"href":"https:\/\/aavesa.com\/hu\/wp-json\/wp\/v2\/product_cat?post=94617"},{"taxonomy":"product_tag","embeddable":true,"href":"https:\/\/aavesa.com\/hu\/wp-json\/wp\/v2\/product_tag?post=94617"}],"curies":[{"name":"wp","href":"https:\/\/api.w.org\/{rel}","templated":true}]}}