

{"id":94622,"date":"2024-09-10T15:02:09","date_gmt":"2024-09-10T15:02:09","guid":{"rendered":"https:\/\/new.aavesa.com\/produs\/nyerc-szor-dzseki-hv022\/"},"modified":"2024-09-10T15:02:09","modified_gmt":"2024-09-10T15:02:09","slug":"nyerc-szor-dzseki-hv022","status":"publish","type":"product","link":"https:\/\/aavesa.com\/hu\/product\/nyerc-szor-dzseki-hv022\/","title":{"rendered":"Ny\u00e9rc sz\u0151r dzseki HV022"},"content":{"rendered":"<p>K\u00e9nyeztesse mag\u00e1t ezzel a ny\u00e9rcbund\u00e1val, amely az elegancia \u00e9s a luxus igazi szimb\u00f3luma. Kifinomult diz\u00e1jnj\u00e1val \u00e9s eleg\u00e1ns gall\u00e9rj\u00e1val ez a sokoldal\u00fa darab minden alkalomra t\u00f6k\u00e9letes, ak\u00e1r k\u00fcl\u00f6nleges esem\u00e9nyeken, ak\u00e1r mindennapi ruh\u00e1kban viseled. K\u00e9nyelmes \u00e9s praktikus, a kab\u00e1t k\u00e9t diszkr\u00e9t zsebbel rendelkezik, a z\u00e1r\u00e1sa pedig eleg\u00e1ns gombbal \u00e9s klipszekkel rendelkezik, \u00edgy minden pillanatban kifog\u00e1stalanul n\u00e9z ki. A fekete sz\u00ednben kaphat\u00f3 kab\u00e1t minden ruhat\u00e1rat kifinomultabb\u00e1 var\u00e1zsol, \u00e9s gyorsan kedvenc darabj\u00e1v\u00e1 v\u00e1lik a hideg \u00e9vszakban. Modell\u00fcnk 174 cm magas, 36-os m\u00e9retet hord, a term\u00e9k hossza 60 cm.    <\/p>\n","protected":false},"excerpt":{"rendered":"<p>K\u00e9nyeztesse mag\u00e1t ezzel a ny\u00e9rcbund\u00e1val, amely az elegancia \u00e9s a luxus igazi szimb\u00f3luma. Kifinomult diz\u00e1jnj\u00e1val \u00e9s eleg\u00e1ns gall\u00e9rj\u00e1val ez a sokoldal\u00fa darab minden alkalomra t\u00f6k\u00e9letes, ak\u00e1r k\u00fcl\u00f6nleges esem\u00e9nyeken, ak\u00e1r mindennapi ruh\u00e1kban viseled. K\u00e9nyelmes \u00e9s praktikus, a kab\u00e1t k\u00e9t diszkr\u00e9t zsebbel rendelkezik, a z\u00e1r\u00e1sa pedig eleg\u00e1ns gombbal \u00e9s klipszekkel rendelkezik, \u00edgy minden pillanatban kifog\u00e1stalanul n\u00e9z ki. [&hellip;]<\/p>\n","protected":false},"featured_media":93907,"comment_status":"closed","ping_status":"closed","template":"","meta":{"_acf_changed":false,"om_disable_all_campaigns":false,"inline_featured_image":false,"_monsterinsights_skip_tracking":false,"_monsterinsights_sitenote_active":false,"_monsterinsights_sitenote_note":"","_monsterinsights_sitenote_category":0},"product_brand":[],"product_cat":[880,766,769,741,770],"product_tag":[],"class_list":{"0":"post-94622","1":"product","2":"type-product","3":"status-publish","4":"has-post-thumbnail","6":"product_cat-2024-2025-kollekcio","7":"product_cat-bundas-kabatok-es-bundas-dzsekik-noknek","8":"product_cat-nerc-szorme","9":"product_cat-nok","10":"product_cat-vidra-bundak-vidra-zsekik","12":"first","13":"instock","14":"taxable","15":"shipping-taxable","16":"purchasable","17":"product-type-variable","18":"has-default-attributes","19":"wvs-archive-product-wrapper"},"acf":{"categorie_feed":""},"aioseo_notices":[],"_links":{"self":[{"href":"https:\/\/aavesa.com\/hu\/wp-json\/wp\/v2\/product\/94622","targetHints":{"allow":["GET"]}}],"collection":[{"href":"https:\/\/aavesa.com\/hu\/wp-json\/wp\/v2\/product"}],"about":[{"href":"https:\/\/aavesa.com\/hu\/wp-json\/wp\/v2\/types\/product"}],"replies":[{"embeddable":true,"href":"https:\/\/aavesa.com\/hu\/wp-json\/wp\/v2\/comments?post=94622"}],"wp:featuredmedia":[{"embeddable":true,"href":"https:\/\/aavesa.com\/hu\/wp-json\/wp\/v2\/media\/93907"}],"wp:attachment":[{"href":"https:\/\/aavesa.com\/hu\/wp-json\/wp\/v2\/media?parent=94622"}],"wp:term":[{"taxonomy":"product_brand","embeddable":true,"href":"https:\/\/aavesa.com\/hu\/wp-json\/wp\/v2\/product_brand?post=94622"},{"taxonomy":"product_cat","embeddable":true,"href":"https:\/\/aavesa.com\/hu\/wp-json\/wp\/v2\/product_cat?post=94622"},{"taxonomy":"product_tag","embeddable":true,"href":"https:\/\/aavesa.com\/hu\/wp-json\/wp\/v2\/product_tag?post=94622"}],"curies":[{"name":"wp","href":"https:\/\/api.w.org\/{rel}","templated":true}]}}