

{"id":94624,"date":"2024-09-10T14:52:19","date_gmt":"2024-09-10T14:52:19","guid":{"rendered":"https:\/\/new.aavesa.com\/produs\/nyerc-szor-dzseki-2098\/"},"modified":"2024-09-10T14:52:19","modified_gmt":"2024-09-10T14:52:19","slug":"nyerc-szor-dzseki-2098","status":"publish","type":"product","link":"https:\/\/aavesa.com\/hu\/product\/nyerc-szor-dzseki-2098\/","title":{"rendered":"Ny\u00e9rc sz\u0151r dzseki 2098"},"content":{"rendered":"<p>Ez a nercsz\u0151rme darabokb\u00f3l k\u00e9sz\u00fclt modern kab\u00e1t a kifinomults\u00e1got a funkcionalit\u00e1ssal \u00f6tv\u00f6zi, \u00faj \u00e9s vonz\u00f3 diz\u00e1jnnal. A hidegt\u0151l t\u00f6k\u00e9letes kapucnival ell\u00e1tott kab\u00e1t ide\u00e1lis a hideg \u00e9vszakban, meleget \u00e9s st\u00edlust k\u00edn\u00e1l. St\u00edlusos kialak\u00edt\u00e1s\u00e1nak k\u00f6sz\u00f6nhet\u0151en b\u00e1rmilyen alkalomra alkalmas, a k\u00fcl\u00f6nleges esem\u00e9nyekt\u0151l a mindennapi viseletig. K\u00e9t praktikus zsebbel rendelkezik, a z\u00e1r\u00f3d\u00e1sa klipszekkel gondoskodik az eleg\u00e1ns \u00e9s k\u00e9nyelmes megjelen\u00e9sr\u0151l. A barna sz\u00ednben kaphat\u00f3 kab\u00e1t t\u00f6k\u00e9letes v\u00e1laszt\u00e1s egy kifinomult t\u00e9li ruhat\u00e1rba. Modell\u00fcnk 174 cm magas, 36-os m\u00e9retet hord, a term\u00e9k hossza 59 cm.     <\/p>\n","protected":false},"excerpt":{"rendered":"<p>Ez a nercsz\u0151rme darabokb\u00f3l k\u00e9sz\u00fclt modern kab\u00e1t a kifinomults\u00e1got a funkcionalit\u00e1ssal \u00f6tv\u00f6zi, \u00faj \u00e9s vonz\u00f3 diz\u00e1jnnal. A hidegt\u0151l t\u00f6k\u00e9letes kapucnival ell\u00e1tott kab\u00e1t ide\u00e1lis a hideg \u00e9vszakban, meleget \u00e9s st\u00edlust k\u00edn\u00e1l. St\u00edlusos kialak\u00edt\u00e1s\u00e1nak k\u00f6sz\u00f6nhet\u0151en b\u00e1rmilyen alkalomra alkalmas, a k\u00fcl\u00f6nleges esem\u00e9nyekt\u0151l a mindennapi viseletig. K\u00e9t praktikus zsebbel rendelkezik, a z\u00e1r\u00f3d\u00e1sa klipszekkel gondoskodik az eleg\u00e1ns \u00e9s k\u00e9nyelmes megjelen\u00e9sr\u0151l. [&hellip;]<\/p>\n","protected":false},"featured_media":93899,"comment_status":"closed","ping_status":"closed","template":"","meta":{"_acf_changed":false,"om_disable_all_campaigns":false,"inline_featured_image":false,"_monsterinsights_skip_tracking":false,"_monsterinsights_sitenote_active":false,"_monsterinsights_sitenote_note":"","_monsterinsights_sitenote_category":0},"product_brand":[],"product_cat":[880,766,769,741,770],"product_tag":[],"class_list":{"0":"post-94624","1":"product","2":"type-product","3":"status-publish","4":"has-post-thumbnail","6":"product_cat-2024-2025-kollekcio","7":"product_cat-bundas-kabatok-es-bundas-dzsekik-noknek","8":"product_cat-nerc-szorme","9":"product_cat-nok","10":"product_cat-vidra-bundak-vidra-zsekik","12":"first","13":"instock","14":"taxable","15":"shipping-taxable","16":"purchasable","17":"product-type-variable","18":"has-default-attributes","19":"wvs-archive-product-wrapper"},"acf":{"categorie_feed":""},"aioseo_notices":[],"_links":{"self":[{"href":"https:\/\/aavesa.com\/hu\/wp-json\/wp\/v2\/product\/94624","targetHints":{"allow":["GET"]}}],"collection":[{"href":"https:\/\/aavesa.com\/hu\/wp-json\/wp\/v2\/product"}],"about":[{"href":"https:\/\/aavesa.com\/hu\/wp-json\/wp\/v2\/types\/product"}],"replies":[{"embeddable":true,"href":"https:\/\/aavesa.com\/hu\/wp-json\/wp\/v2\/comments?post=94624"}],"wp:featuredmedia":[{"embeddable":true,"href":"https:\/\/aavesa.com\/hu\/wp-json\/wp\/v2\/media\/93899"}],"wp:attachment":[{"href":"https:\/\/aavesa.com\/hu\/wp-json\/wp\/v2\/media?parent=94624"}],"wp:term":[{"taxonomy":"product_brand","embeddable":true,"href":"https:\/\/aavesa.com\/hu\/wp-json\/wp\/v2\/product_brand?post=94624"},{"taxonomy":"product_cat","embeddable":true,"href":"https:\/\/aavesa.com\/hu\/wp-json\/wp\/v2\/product_cat?post=94624"},{"taxonomy":"product_tag","embeddable":true,"href":"https:\/\/aavesa.com\/hu\/wp-json\/wp\/v2\/product_tag?post=94624"}],"curies":[{"name":"wp","href":"https:\/\/api.w.org\/{rel}","templated":true}]}}