

{"id":94626,"date":"2024-09-10T14:46:26","date_gmt":"2024-09-10T14:46:26","guid":{"rendered":"https:\/\/new.aavesa.com\/produs\/baranygyapju-dzseki-396\/"},"modified":"2026-04-10T15:07:57","modified_gmt":"2026-04-10T17:07:57","slug":"baranygyapju-dzseki-396","status":"publish","type":"product","link":"https:\/\/aavesa.com\/hu\/product\/baranygyapju-dzseki-396\/","title":{"rendered":"B\u00e1r\u00e1nygyapj\u00fa dzseki 396"},"content":{"rendered":"<p>Ez a jellegzetes vintage \u00e1rnyalat\u00fa b\u00e1r\u00e1nyb\u0151r kab\u00e1t az eleganci\u00e1t modern diz\u00e1jnnal \u00f6tv\u00f6zi, t\u00f6k\u00e9letes a hideg \u00e9vszakra. Csatos gall\u00e9rral \u00e9s alul oldals\u00f3 csatokkal rendelkezik, ami extra st\u00edlust \u00e9s funkcionalit\u00e1st k\u00f6lcs\u00f6n\u00f6z. A barna b\u0151rbet\u00e9tek kifinomult kontrasztot \u00e9s egyedi \u00e9rint\u00e9st biztos\u00edtanak. A kab\u00e1t cipz\u00e1rral z\u00e1r\u00f3dik, \u00e9s k\u00e9t praktikus zsebbel rendelkezik, \u00edgy egyszerre ny\u00fajt meleget \u00e9s k\u00e9nyelmet. Ez a vintage \u00e9s fekete sz\u00ednben kaphat\u00f3, sokoldal\u00fa kab\u00e1t t\u00f6k\u00e9letesen alkalmas arra, hogy egy kifinomult darabbal eg\u00e9sz\u00edtse ki t\u00e9li ruhat\u00e1r\u00e1t. Modell\u00fcnk 188 cm magas, 48-as m\u00e9retet visel, a term\u00e9k hossza pedig 74 cm.     <\/p>\n","protected":false},"excerpt":{"rendered":"<p>Ez a jellegzetes vintage \u00e1rnyalat\u00fa b\u00e1r\u00e1nyb\u0151r kab\u00e1t az eleganci\u00e1t modern diz\u00e1jnnal \u00f6tv\u00f6zi, t\u00f6k\u00e9letes a hideg \u00e9vszakra. Csatos gall\u00e9rral \u00e9s alul oldals\u00f3 csatokkal rendelkezik, ami extra st\u00edlust \u00e9s funkcionalit\u00e1st k\u00f6lcs\u00f6n\u00f6z. A barna b\u0151rbet\u00e9tek kifinomult kontrasztot \u00e9s egyedi \u00e9rint\u00e9st biztos\u00edtanak. A kab\u00e1t cipz\u00e1rral z\u00e1r\u00f3dik, \u00e9s k\u00e9t praktikus zsebbel rendelkezik, \u00edgy egyszerre ny\u00fajt meleget \u00e9s k\u00e9nyelmet. Ez a [&hellip;]<\/p>\n","protected":false},"featured_media":93884,"comment_status":"closed","ping_status":"closed","template":"","meta":{"_acf_changed":false,"om_disable_all_campaigns":false,"inline_featured_image":false,"_monsterinsights_skip_tracking":false,"_monsterinsights_sitenote_active":false,"_monsterinsights_sitenote_note":"","_monsterinsights_sitenote_category":0},"product_brand":[],"product_cat":[880,952,772],"product_tag":[],"class_list":{"0":"post-94626","1":"product","2":"type-product","3":"status-publish","4":"has-post-thumbnail","6":"product_cat-2024-2025-kollekcio","7":"product_cat-ferfi-es-noi-pehelypaplan-dzsekik-a-luxus-es-a-melegseg-vegso-kevereke","8":"product_cat-shearling-kabatok-ferfiaknak","10":"first","11":"instock","12":"taxable","13":"shipping-taxable","14":"purchasable","15":"product-type-variable","16":"has-default-attributes","17":"wvs-archive-product-wrapper"},"acf":{"categorie_feed":""},"aioseo_notices":[],"_links":{"self":[{"href":"https:\/\/aavesa.com\/hu\/wp-json\/wp\/v2\/product\/94626","targetHints":{"allow":["GET"]}}],"collection":[{"href":"https:\/\/aavesa.com\/hu\/wp-json\/wp\/v2\/product"}],"about":[{"href":"https:\/\/aavesa.com\/hu\/wp-json\/wp\/v2\/types\/product"}],"replies":[{"embeddable":true,"href":"https:\/\/aavesa.com\/hu\/wp-json\/wp\/v2\/comments?post=94626"}],"wp:featuredmedia":[{"embeddable":true,"href":"https:\/\/aavesa.com\/hu\/wp-json\/wp\/v2\/media\/93884"}],"wp:attachment":[{"href":"https:\/\/aavesa.com\/hu\/wp-json\/wp\/v2\/media?parent=94626"}],"wp:term":[{"taxonomy":"product_brand","embeddable":true,"href":"https:\/\/aavesa.com\/hu\/wp-json\/wp\/v2\/product_brand?post=94626"},{"taxonomy":"product_cat","embeddable":true,"href":"https:\/\/aavesa.com\/hu\/wp-json\/wp\/v2\/product_cat?post=94626"},{"taxonomy":"product_tag","embeddable":true,"href":"https:\/\/aavesa.com\/hu\/wp-json\/wp\/v2\/product_tag?post=94626"}],"curies":[{"name":"wp","href":"https:\/\/api.w.org\/{rel}","templated":true}]}}