

{"id":94629,"date":"2024-09-10T14:39:01","date_gmt":"2024-09-10T16:39:01","guid":{"rendered":"https:\/\/new.aavesa.com\/produs\/bor-bomber-dzseki-1052\/"},"modified":"2024-09-10T14:39:01","modified_gmt":"2024-09-10T14:39:01","slug":"bor-bomber-dzseki-1052","status":"publish","type":"product","link":"https:\/\/aavesa.com\/hu\/product\/bor-bomber-dzseki-1052\/","title":{"rendered":"B\u0151r Bomber dzseki 1052"},"content":{"rendered":"<p>Ez az eleg\u00e1ns sz\u00fcrke \u00e1rnyalat\u00fa b\u0151r bomber kab\u00e1t egy aktu\u00e1lis \u00e9s modern modell, amely t\u00f6k\u00e9letes a k\u00fcl\u00f6nf\u00e9le ruh\u00e1k kieg\u00e9sz\u00edt\u00e9s\u00e9hez. Az alkalmi-sikkes megjelen\u00e9shez ide\u00e1lis kab\u00e1t klasszikus gall\u00e9rral \u00e9s k\u00e9t praktikus zsebbel rendelkezik, amelyek funkcionalit\u00e1st \u00e9s st\u00edlust biztos\u00edtanak. A cipz\u00e1rral z\u00e1r\u00f3dik a k\u00e9nyelmes viselet, m\u00edg az als\u00f3 \u00e9s a mandzsett\u00e1k b\u0151rgumija extra rugalmass\u00e1got \u00e9s t\u00f6k\u00e9letes illeszked\u00e9st biztos\u00edt. A sokoldal\u00fa \u00e9s k\u00f6nnyen p\u00e1ros\u00edthat\u00f3 kab\u00e1t sz\u00fcrke sz\u00ednben kaphat\u00f3, \u00e9s ide\u00e1lis v\u00e1laszt\u00e1s a modern \u00e9s kifinomult megjelen\u00e9shez. Modell\u00fcnk 174 cm magas, 36-os m\u00e9retet hord, a term\u00e9k hossza 62 cm.    <\/p>\n","protected":false},"excerpt":{"rendered":"<p>Ez az eleg\u00e1ns sz\u00fcrke \u00e1rnyalat\u00fa b\u0151r bomber kab\u00e1t egy aktu\u00e1lis \u00e9s modern modell, amely t\u00f6k\u00e9letes a k\u00fcl\u00f6nf\u00e9le ruh\u00e1k kieg\u00e9sz\u00edt\u00e9s\u00e9hez. Az alkalmi-sikkes megjelen\u00e9shez ide\u00e1lis kab\u00e1t klasszikus gall\u00e9rral \u00e9s k\u00e9t praktikus zsebbel rendelkezik, amelyek funkcionalit\u00e1st \u00e9s st\u00edlust biztos\u00edtanak. A cipz\u00e1rral z\u00e1r\u00f3dik a k\u00e9nyelmes viselet, m\u00edg az als\u00f3 \u00e9s a mandzsett\u00e1k b\u0151rgumija extra rugalmass\u00e1got \u00e9s t\u00f6k\u00e9letes illeszked\u00e9st biztos\u00edt. [&hellip;]<\/p>\n","protected":false},"featured_media":93876,"comment_status":"closed","ping_status":"closed","template":"","meta":{"_acf_changed":false,"om_disable_all_campaigns":false,"inline_featured_image":false,"_monsterinsights_skip_tracking":false,"_monsterinsights_sitenote_active":false,"_monsterinsights_sitenote_note":"","_monsterinsights_sitenote_category":0},"product_brand":[],"product_cat":[880,821,767,741,916],"product_tag":[],"class_list":{"0":"post-94629","1":"product","2":"type-product","3":"status-publish","4":"has-post-thumbnail","6":"product_cat-2024-2025-kollekcio","7":"product_cat-bor-ruhak-noknek","8":"product_cat-borkabatok-noknek","9":"product_cat-nok","10":"product_cat-valodi-bor-termekek-tavaszra-es-oszre-kabatok-nadragok-kabatok-szoknyak-es-loveszkabatok-kabatok-nadragok-kabatok-szoknyak-es-loveszkabatok","12":"first","13":"instock","14":"taxable","15":"shipping-taxable","16":"purchasable","17":"product-type-variable","18":"has-default-attributes","19":"wvs-archive-product-wrapper"},"acf":{"categorie_feed":""},"aioseo_notices":[],"_links":{"self":[{"href":"https:\/\/aavesa.com\/hu\/wp-json\/wp\/v2\/product\/94629","targetHints":{"allow":["GET"]}}],"collection":[{"href":"https:\/\/aavesa.com\/hu\/wp-json\/wp\/v2\/product"}],"about":[{"href":"https:\/\/aavesa.com\/hu\/wp-json\/wp\/v2\/types\/product"}],"replies":[{"embeddable":true,"href":"https:\/\/aavesa.com\/hu\/wp-json\/wp\/v2\/comments?post=94629"}],"wp:featuredmedia":[{"embeddable":true,"href":"https:\/\/aavesa.com\/hu\/wp-json\/wp\/v2\/media\/93876"}],"wp:attachment":[{"href":"https:\/\/aavesa.com\/hu\/wp-json\/wp\/v2\/media?parent=94629"}],"wp:term":[{"taxonomy":"product_brand","embeddable":true,"href":"https:\/\/aavesa.com\/hu\/wp-json\/wp\/v2\/product_brand?post=94629"},{"taxonomy":"product_cat","embeddable":true,"href":"https:\/\/aavesa.com\/hu\/wp-json\/wp\/v2\/product_cat?post=94629"},{"taxonomy":"product_tag","embeddable":true,"href":"https:\/\/aavesa.com\/hu\/wp-json\/wp\/v2\/product_tag?post=94629"}],"curies":[{"name":"wp","href":"https:\/\/api.w.org\/{rel}","templated":true}]}}