

{"id":94631,"date":"2024-09-10T14:33:52","date_gmt":"2024-09-10T14:33:52","guid":{"rendered":"https:\/\/new.aavesa.com\/produs\/nyerc-szor-kopeny-hm036\/"},"modified":"2024-09-10T14:33:52","modified_gmt":"2024-09-10T14:33:52","slug":"nyerc-szor-kopeny-hm036","status":"publish","type":"product","link":"https:\/\/aavesa.com\/hu\/product\/nyerc-szor-kopeny-hm036\/","title":{"rendered":"Ny\u00e9rc sz\u0151r k\u00f6peny HM036"},"content":{"rendered":"<p>Ez a nercbund\u00e1s k\u00f6peny egy kiv\u00e9telesen eleg\u00e1ns \u00e9s f\u00e9ny\u0171z\u0151 darab, amely b\u00e1rmilyen ruh\u00e1t finom\u00edt. Egyed\u00fcl\u00e1ll\u00f3 \u00e9s sokoldal\u00fa diz\u00e1jnj\u00e1val a k\u00f6peny ide\u00e1lis k\u00fcl\u00f6nleges alkalmakra, kifinomult \u00e9s id\u0151tlen megjelen\u00e9st k\u00edn\u00e1lva. A meleg barna \u00e1rnyalatban kaphat\u00f3 darab diszkr\u00e9ten, klipekkel z\u00e1r\u00f3dik, \u00edgy k\u00e9nyelmes \u00e9s k\u00f6nny\u0171 viseletet biztos\u00edt. Az est\u00e9lyi ruha vagy kokt\u00e9lruha kieg\u00e9sz\u00edt\u00e9s\u00e9re t\u00f6k\u00e9letes a nercpr\u00e9mes k\u00f6peny, amely minden megjelen\u00e9st a st\u00edlus \u00e9s az elegancia kifejez\u00e9s\u00e9v\u00e9 var\u00e1zsol. Modell\u00fcnk 174 cm magas, 36-os m\u00e9retet hord, a term\u00e9k hossza 47 cm.    <\/p>\n","protected":false},"excerpt":{"rendered":"<p>Ez a nercbund\u00e1s k\u00f6peny egy kiv\u00e9telesen eleg\u00e1ns \u00e9s f\u00e9ny\u0171z\u0151 darab, amely b\u00e1rmilyen ruh\u00e1t finom\u00edt. Egyed\u00fcl\u00e1ll\u00f3 \u00e9s sokoldal\u00fa diz\u00e1jnj\u00e1val a k\u00f6peny ide\u00e1lis k\u00fcl\u00f6nleges alkalmakra, kifinomult \u00e9s id\u0151tlen megjelen\u00e9st k\u00edn\u00e1lva. A meleg barna \u00e1rnyalatban kaphat\u00f3 darab diszkr\u00e9ten, klipekkel z\u00e1r\u00f3dik, \u00edgy k\u00e9nyelmes \u00e9s k\u00f6nny\u0171 viseletet biztos\u00edt. Az est\u00e9lyi ruha vagy kokt\u00e9lruha kieg\u00e9sz\u00edt\u00e9s\u00e9re t\u00f6k\u00e9letes a nercpr\u00e9mes k\u00f6peny, amely minden [&hellip;]<\/p>\n","protected":false},"featured_media":93868,"comment_status":"closed","ping_status":"closed","template":"","meta":{"_acf_changed":false,"om_disable_all_campaigns":false,"inline_featured_image":false,"_monsterinsights_skip_tracking":false,"_monsterinsights_sitenote_active":false,"_monsterinsights_sitenote_note":"","_monsterinsights_sitenote_category":0},"product_brand":[],"product_cat":[880,792,769,741],"product_tag":[],"class_list":{"0":"post-94631","1":"product","2":"type-product","3":"status-publish","4":"has-post-thumbnail","6":"product_cat-2024-2025-kollekcio","7":"product_cat-bundas-salak-es-bundas-kopenyek","8":"product_cat-nerc-szorme","9":"product_cat-nok","11":"first","12":"instock","13":"taxable","14":"shipping-taxable","15":"purchasable","16":"product-type-variable","17":"has-default-attributes","18":"wvs-archive-product-wrapper"},"acf":{"categorie_feed":""},"aioseo_notices":[],"_links":{"self":[{"href":"https:\/\/aavesa.com\/hu\/wp-json\/wp\/v2\/product\/94631","targetHints":{"allow":["GET"]}}],"collection":[{"href":"https:\/\/aavesa.com\/hu\/wp-json\/wp\/v2\/product"}],"about":[{"href":"https:\/\/aavesa.com\/hu\/wp-json\/wp\/v2\/types\/product"}],"replies":[{"embeddable":true,"href":"https:\/\/aavesa.com\/hu\/wp-json\/wp\/v2\/comments?post=94631"}],"wp:featuredmedia":[{"embeddable":true,"href":"https:\/\/aavesa.com\/hu\/wp-json\/wp\/v2\/media\/93868"}],"wp:attachment":[{"href":"https:\/\/aavesa.com\/hu\/wp-json\/wp\/v2\/media?parent=94631"}],"wp:term":[{"taxonomy":"product_brand","embeddable":true,"href":"https:\/\/aavesa.com\/hu\/wp-json\/wp\/v2\/product_brand?post=94631"},{"taxonomy":"product_cat","embeddable":true,"href":"https:\/\/aavesa.com\/hu\/wp-json\/wp\/v2\/product_cat?post=94631"},{"taxonomy":"product_tag","embeddable":true,"href":"https:\/\/aavesa.com\/hu\/wp-json\/wp\/v2\/product_tag?post=94631"}],"curies":[{"name":"wp","href":"https:\/\/api.w.org\/{rel}","templated":true}]}}