{"id":94633,"date":"2024-09-10T14:25:26","date_gmt":"2024-09-10T14:25:26","guid":{"rendered":"https:\/\/new.aavesa.com\/produs\/nyerc-vallfok-622\/"},"modified":"2024-09-10T14:25:26","modified_gmt":"2024-09-10T14:25:26","slug":"nyerc-vallfok-622","status":"publish","type":"product","link":"https:\/\/aavesa.com\/hu\/product\/nyerc-vallfok-622\/","title":{"rendered":"Ny\u00e9rc v\u00e1llfok 622"},"content":{"rendered":"<p>Ez a k\u00f6peny t\u00f6k\u00e9letes v\u00e1laszt\u00e1s arra, hogy eleganci\u00e1t adjon b\u00e1rmilyen esem\u00e9nyhez. A gy\u00f6ny\u00f6r\u0171 \u00e9s finom kialak\u00edt\u00e1s\u00fa k\u00f6peny \u00fagy lett kialak\u00edtva, hogy b\u00e1rmilyen ruh\u00e1t st\u00edlusos \u00e9s kifinomultabb legyen. A diszkr\u00e9t klipszes z\u00e1r kifinomult \u00e9s k\u00e9nyelmes megjelen\u00e9st k\u00f6lcs\u00f6n\u00f6z, megk\u00f6nny\u00edtve a visel\u00e9st. A meleg barna \u00e1rnyalatban kaphat\u00f3 k\u00f6peny ide\u00e1lis azoknak a n\u0151knek, akik b\u00e1rmilyen k\u00fcl\u00f6nleges alkalomra szeretn\u00e9k kifejezni eleganci\u00e1jukat \u00e9s kifinomults\u00e1gukat. Sokoldal\u00fa \u00e9s eleg\u00e1ns kieg\u00e9sz\u00edt\u0151, amely t\u00f6k\u00e9letes a szem\u00e9lyes st\u00edlus hangs\u00falyoz\u00e1s\u00e1ra. Modell\u00fcnk 174 cm magas, 36-os m\u00e9retet hord, a term\u00e9k hossza 28 cm.     <\/p>\n","protected":false},"excerpt":{"rendered":"<p>Ez a k\u00f6peny t\u00f6k\u00e9letes v\u00e1laszt\u00e1s arra, hogy eleganci\u00e1t adjon b\u00e1rmilyen esem\u00e9nyhez. A gy\u00f6ny\u00f6r\u0171 \u00e9s finom kialak\u00edt\u00e1s\u00fa k\u00f6peny \u00fagy lett kialak\u00edtva, hogy b\u00e1rmilyen ruh\u00e1t st\u00edlusos \u00e9s kifinomultabb legyen. A diszkr\u00e9t klipszes z\u00e1r kifinomult \u00e9s k\u00e9nyelmes megjelen\u00e9st k\u00f6lcs\u00f6n\u00f6z, megk\u00f6nny\u00edtve a visel\u00e9st. A meleg barna \u00e1rnyalatban kaphat\u00f3 k\u00f6peny ide\u00e1lis azoknak a n\u0151knek, akik b\u00e1rmilyen k\u00fcl\u00f6nleges alkalomra szeretn\u00e9k kifejezni [&hellip;]<\/p>\n","protected":false},"featured_media":93860,"comment_status":"closed","ping_status":"closed","template":"","meta":{"_acf_changed":false,"inline_featured_image":false},"product_brand":[],"product_cat":[880,792,769,741],"product_tag":[],"class_list":{"0":"post-94633","1":"product","2":"type-product","3":"status-publish","4":"has-post-thumbnail","6":"product_cat-2024-2025-kollekcio","7":"product_cat-bundas-salak-es-bundas-kopenyek","8":"product_cat-nerc-szorme","9":"product_cat-nok","11":"first","12":"instock","13":"taxable","14":"shipping-taxable","15":"purchasable","16":"product-type-variable","17":"has-default-attributes","18":"wvs-archive-product-wrapper"},"acf":{"categorie_feed":""},"aioseo_notices":[],"_links":{"self":[{"href":"https:\/\/aavesa.com\/hu\/wp-json\/wp\/v2\/product\/94633","targetHints":{"allow":["GET"]}}],"collection":[{"href":"https:\/\/aavesa.com\/hu\/wp-json\/wp\/v2\/product"}],"about":[{"href":"https:\/\/aavesa.com\/hu\/wp-json\/wp\/v2\/types\/product"}],"replies":[{"embeddable":true,"href":"https:\/\/aavesa.com\/hu\/wp-json\/wp\/v2\/comments?post=94633"}],"wp:featuredmedia":[{"embeddable":true,"href":"https:\/\/aavesa.com\/hu\/wp-json\/wp\/v2\/media\/93860"}],"wp:attachment":[{"href":"https:\/\/aavesa.com\/hu\/wp-json\/wp\/v2\/media?parent=94633"}],"wp:term":[{"taxonomy":"product_brand","embeddable":true,"href":"https:\/\/aavesa.com\/hu\/wp-json\/wp\/v2\/product_brand?post=94633"},{"taxonomy":"product_cat","embeddable":true,"href":"https:\/\/aavesa.com\/hu\/wp-json\/wp\/v2\/product_cat?post=94633"},{"taxonomy":"product_tag","embeddable":true,"href":"https:\/\/aavesa.com\/hu\/wp-json\/wp\/v2\/product_tag?post=94633"}],"curies":[{"name":"wp","href":"https:\/\/api.w.org\/{rel}","templated":true}]}}