

{"id":94635,"date":"2024-09-10T14:20:17","date_gmt":"2024-09-10T14:20:17","guid":{"rendered":"https:\/\/new.aavesa.com\/produs\/bor-ruha-658\/"},"modified":"2024-09-10T14:20:17","modified_gmt":"2024-09-10T14:20:17","slug":"bor-ruha-658","status":"publish","type":"product","link":"https:\/\/aavesa.com\/hu\/product\/bor-ruha-658\/","title":{"rendered":"B\u0151r ruha 658"},"content":{"rendered":"<p>Ez a term\u00e9szetes b\u0151r ruha egy k\u00fcl\u00f6nleges darab, amely t\u00f6k\u00e9letes arra, hogy kifinomult hangulatot var\u00e1zsoljon ruhat\u00e1r\u00e1ba. Modern diz\u00e1jnnal \u00e9s kifog\u00e1stalan szab\u00e1ssal a ruha pattint\u00e1ssal z\u00e1r\u00f3dik, eleg\u00e1ns \u00e9s modern megjelen\u00e9st k\u00edn\u00e1lva. Az \u00e1ll\u00edthat\u00f3 \u00f6v a der\u00e9kn\u00e1l kiemeli a sziluettet \u00e9s extra n\u0151iess\u00e9get ad, m\u00edg a k\u00e9t oldalzseb praktikus elemet ad. K\u00fcl\u00f6nf\u00e9le alkalmakra ide\u00e1lis ez a term\u00e9szetes b\u0151r ruha az eleg\u00e1ns st\u00edlust a k\u00e9nyelemmel \u00f6tv\u00f6zi, \u00edgy t\u00f6k\u00e9letes v\u00e1laszt\u00e1s azoknak a n\u0151knek, akik szeretn\u00e9nek kit\u0171nni. A ruha kr\u00e9m sz\u00ednben kaphat\u00f3. Modell\u00fcnk 174 cm magas, 36-os m\u00e9retet hord, a term\u00e9k hossza 112 cm.     <\/p>\n","protected":false},"excerpt":{"rendered":"<p>Ez a term\u00e9szetes b\u0151r ruha egy k\u00fcl\u00f6nleges darab, amely t\u00f6k\u00e9letes arra, hogy kifinomult hangulatot var\u00e1zsoljon ruhat\u00e1r\u00e1ba. Modern diz\u00e1jnnal \u00e9s kifog\u00e1stalan szab\u00e1ssal a ruha pattint\u00e1ssal z\u00e1r\u00f3dik, eleg\u00e1ns \u00e9s modern megjelen\u00e9st k\u00edn\u00e1lva. Az \u00e1ll\u00edthat\u00f3 \u00f6v a der\u00e9kn\u00e1l kiemeli a sziluettet \u00e9s extra n\u0151iess\u00e9get ad, m\u00edg a k\u00e9t oldalzseb praktikus elemet ad. K\u00fcl\u00f6nf\u00e9le alkalmakra ide\u00e1lis ez a term\u00e9szetes [&hellip;]<\/p>\n","protected":false},"featured_media":93852,"comment_status":"closed","ping_status":"closed","template":"","meta":{"_acf_changed":false,"om_disable_all_campaigns":false,"inline_featured_image":false,"_monsterinsights_skip_tracking":false,"_monsterinsights_sitenote_active":false,"_monsterinsights_sitenote_note":"","_monsterinsights_sitenote_category":0},"product_brand":[],"product_cat":[880,881,741,916],"product_tag":[],"class_list":{"0":"post-94635","1":"product","2":"type-product","3":"status-publish","4":"has-post-thumbnail","6":"product_cat-2024-2025-kollekcio","7":"product_cat-bor-szoknyak-noknek","8":"product_cat-nok","9":"product_cat-valodi-bor-termekek-tavaszra-es-oszre-kabatok-nadragok-kabatok-szoknyak-es-loveszkabatok-kabatok-nadragok-kabatok-szoknyak-es-loveszkabatok","11":"first","12":"instock","13":"taxable","14":"shipping-taxable","15":"purchasable","16":"product-type-variable","17":"has-default-attributes","18":"wvs-archive-product-wrapper"},"acf":{"categorie_feed":""},"aioseo_notices":[],"_links":{"self":[{"href":"https:\/\/aavesa.com\/hu\/wp-json\/wp\/v2\/product\/94635","targetHints":{"allow":["GET"]}}],"collection":[{"href":"https:\/\/aavesa.com\/hu\/wp-json\/wp\/v2\/product"}],"about":[{"href":"https:\/\/aavesa.com\/hu\/wp-json\/wp\/v2\/types\/product"}],"replies":[{"embeddable":true,"href":"https:\/\/aavesa.com\/hu\/wp-json\/wp\/v2\/comments?post=94635"}],"wp:featuredmedia":[{"embeddable":true,"href":"https:\/\/aavesa.com\/hu\/wp-json\/wp\/v2\/media\/93852"}],"wp:attachment":[{"href":"https:\/\/aavesa.com\/hu\/wp-json\/wp\/v2\/media?parent=94635"}],"wp:term":[{"taxonomy":"product_brand","embeddable":true,"href":"https:\/\/aavesa.com\/hu\/wp-json\/wp\/v2\/product_brand?post=94635"},{"taxonomy":"product_cat","embeddable":true,"href":"https:\/\/aavesa.com\/hu\/wp-json\/wp\/v2\/product_cat?post=94635"},{"taxonomy":"product_tag","embeddable":true,"href":"https:\/\/aavesa.com\/hu\/wp-json\/wp\/v2\/product_tag?post=94635"}],"curies":[{"name":"wp","href":"https:\/\/api.w.org\/{rel}","templated":true}]}}