

{"id":94637,"date":"2024-09-10T14:14:15","date_gmt":"2024-09-10T14:14:15","guid":{"rendered":"https:\/\/new.aavesa.com\/produs\/nyerc-szor-dzseki-hw011\/"},"modified":"2024-09-10T14:14:15","modified_gmt":"2024-09-10T14:14:15","slug":"nyerc-szor-dzseki-hw011","status":"publish","type":"product","link":"https:\/\/aavesa.com\/hu\/product\/nyerc-szor-dzseki-hw011\/","title":{"rendered":"Ny\u00e9rc sz\u0151r dzseki HW011"},"content":{"rendered":"<p>Ez az \u00faj, ol\u00edva \u00e1rnyalat\u00fa nercbund\u00e1s kab\u00e1t t\u00f6k\u00e9letes a felt\u0171n\u00e9shez \u00e9s a k\u00e9nyelem \u00e9lvezet\u00e9hez a hideg napokon. Magas gall\u00e9rj\u00e1val, amely finomabb\u00e1 teszi a kab\u00e1tot, v\u00e9delmet ny\u00fajt a hideg ellen \u00e9s eleg\u00e1ns megjelen\u00e9st biztos\u00edt. A z\u00e1r gombbal \u00e9s kapcsokkal van ell\u00e1tva, \u00edgy biztos\u00edtva a kifinomult st\u00edlust \u00e9s a biztons\u00e1gos viseletet. K\u00e9t praktikus zsebbel rendelkezik, \u00edgy egyszerre funkcion\u00e1lis \u00e9s st\u00edlusos. Ide\u00e1lis, ha sz\u00ednfoltot \u00e9s luxust var\u00e1zsol gardr\u00f3bj\u00e1ba, s\u00f6t\u00e9tz\u00f6ld sz\u00ednben kaphat\u00f3. Modell\u00fcnk 174 cm magas, 36-os m\u00e9retet hord, a term\u00e9k hossza 60 cm.     <\/p>\n","protected":false},"excerpt":{"rendered":"<p>Ez az \u00faj, ol\u00edva \u00e1rnyalat\u00fa nercbund\u00e1s kab\u00e1t t\u00f6k\u00e9letes a felt\u0171n\u00e9shez \u00e9s a k\u00e9nyelem \u00e9lvezet\u00e9hez a hideg napokon. Magas gall\u00e9rj\u00e1val, amely finomabb\u00e1 teszi a kab\u00e1tot, v\u00e9delmet ny\u00fajt a hideg ellen \u00e9s eleg\u00e1ns megjelen\u00e9st biztos\u00edt. A z\u00e1r gombbal \u00e9s kapcsokkal van ell\u00e1tva, \u00edgy biztos\u00edtva a kifinomult st\u00edlust \u00e9s a biztons\u00e1gos viseletet. K\u00e9t praktikus zsebbel rendelkezik, \u00edgy egyszerre [&hellip;]<\/p>\n","protected":false},"featured_media":93843,"comment_status":"closed","ping_status":"closed","template":"","meta":{"_acf_changed":false,"om_disable_all_campaigns":false,"inline_featured_image":false,"_monsterinsights_skip_tracking":false,"_monsterinsights_sitenote_active":false,"_monsterinsights_sitenote_note":"","_monsterinsights_sitenote_category":0},"product_brand":[],"product_cat":[880,766,769,741,770],"product_tag":[],"class_list":{"0":"post-94637","1":"product","2":"type-product","3":"status-publish","4":"has-post-thumbnail","6":"product_cat-2024-2025-kollekcio","7":"product_cat-bundas-kabatok-es-bundas-dzsekik-noknek","8":"product_cat-nerc-szorme","9":"product_cat-nok","10":"product_cat-vidra-bundak-vidra-zsekik","12":"first","13":"instock","14":"taxable","15":"shipping-taxable","16":"purchasable","17":"product-type-variable","18":"has-default-attributes","19":"wvs-archive-product-wrapper"},"acf":{"categorie_feed":""},"aioseo_notices":[],"_links":{"self":[{"href":"https:\/\/aavesa.com\/hu\/wp-json\/wp\/v2\/product\/94637","targetHints":{"allow":["GET"]}}],"collection":[{"href":"https:\/\/aavesa.com\/hu\/wp-json\/wp\/v2\/product"}],"about":[{"href":"https:\/\/aavesa.com\/hu\/wp-json\/wp\/v2\/types\/product"}],"replies":[{"embeddable":true,"href":"https:\/\/aavesa.com\/hu\/wp-json\/wp\/v2\/comments?post=94637"}],"wp:featuredmedia":[{"embeddable":true,"href":"https:\/\/aavesa.com\/hu\/wp-json\/wp\/v2\/media\/93843"}],"wp:attachment":[{"href":"https:\/\/aavesa.com\/hu\/wp-json\/wp\/v2\/media?parent=94637"}],"wp:term":[{"taxonomy":"product_brand","embeddable":true,"href":"https:\/\/aavesa.com\/hu\/wp-json\/wp\/v2\/product_brand?post=94637"},{"taxonomy":"product_cat","embeddable":true,"href":"https:\/\/aavesa.com\/hu\/wp-json\/wp\/v2\/product_cat?post=94637"},{"taxonomy":"product_tag","embeddable":true,"href":"https:\/\/aavesa.com\/hu\/wp-json\/wp\/v2\/product_tag?post=94637"}],"curies":[{"name":"wp","href":"https:\/\/api.w.org\/{rel}","templated":true}]}}