

{"id":94639,"date":"2024-09-10T14:09:13","date_gmt":"2024-09-10T14:09:13","guid":{"rendered":"https:\/\/new.aavesa.com\/produs\/borkabat-1051\/"},"modified":"2025-11-17T06:33:28","modified_gmt":"2025-11-17T06:33:28","slug":"borkabat-1051","status":"publish","type":"product","link":"https:\/\/aavesa.com\/hu\/product\/borkabat-1051\/","title":{"rendered":"B\u0151rkab\u00e1t 1051"},"content":{"rendered":"<p>Ez a gy\u00e9m\u00e1ntmint\u00e1s b\u0151rdzseki egyedi \u00e9s modern darab, ide\u00e1lis az \u0151szi-tavaszi szezonra. K\u00fcl\u00f6nleges kialak\u00edt\u00e1s\u00e1val \u00e9s magas gall\u00e9rj\u00e1val a dzseki extra st\u00edlust k\u00f6lcs\u00f6n\u00f6z minden \u00f6lt\u00f6z\u00e9knek. Az alj\u00e1n \u00e9s a mandzsett\u00e1kn\u00e1l tal\u00e1lhat\u00f3 b\u0151rgumi t\u00f6k\u00e9letes illeszked\u00e9st \u00e9s fokozott k\u00e9nyelmet biztos\u00edt. K\u00e9t praktikus zsebbel rendelkezik, a z\u00e1r\u00f3d\u00e1s pedig rejtett patentokkal t\u00f6rt\u00e9nik, fenntartva az eleg\u00e1ns \u00e9s kifinomult megjelen\u00e9st. A barna \u00e9s fekete sz\u00ednben kaphat\u00f3 kab\u00e1t ide\u00e1lis v\u00e1laszt\u00e1s a felt\u0171n\u0151 megjelen\u00e9shez \u00e9s a modern megjelen\u00e9shez. Modell\u00fcnk 174 cm magas, 36-os m\u00e9retet visel, a term\u00e9k hossza 51 cm.     <\/p>\n","protected":false},"excerpt":{"rendered":"<p>Ez a gy\u00e9m\u00e1ntmint\u00e1s b\u0151rdzseki egyedi \u00e9s modern darab, ide\u00e1lis az \u0151szi-tavaszi szezonra. K\u00fcl\u00f6nleges kialak\u00edt\u00e1s\u00e1val \u00e9s magas gall\u00e9rj\u00e1val a dzseki extra st\u00edlust k\u00f6lcs\u00f6n\u00f6z minden \u00f6lt\u00f6z\u00e9knek. Az alj\u00e1n \u00e9s a mandzsett\u00e1kn\u00e1l tal\u00e1lhat\u00f3 b\u0151rgumi t\u00f6k\u00e9letes illeszked\u00e9st \u00e9s fokozott k\u00e9nyelmet biztos\u00edt. K\u00e9t praktikus zsebbel rendelkezik, a z\u00e1r\u00f3d\u00e1s pedig rejtett patentokkal t\u00f6rt\u00e9nik, fenntartva az eleg\u00e1ns \u00e9s kifinomult megjelen\u00e9st. A barna [&hellip;]<\/p>\n","protected":false},"featured_media":93832,"comment_status":"closed","ping_status":"closed","template":"","meta":{"_acf_changed":false,"om_disable_all_campaigns":false,"inline_featured_image":false,"_monsterinsights_skip_tracking":false,"_monsterinsights_sitenote_active":false,"_monsterinsights_sitenote_note":"","_monsterinsights_sitenote_category":0},"product_brand":[],"product_cat":[880,767,741,916],"product_tag":[],"class_list":{"0":"post-94639","1":"product","2":"type-product","3":"status-publish","4":"has-post-thumbnail","6":"product_cat-2024-2025-kollekcio","7":"product_cat-borkabatok-noknek","8":"product_cat-nok","9":"product_cat-valodi-bor-termekek-tavaszra-es-oszre-kabatok-nadragok-kabatok-szoknyak-es-loveszkabatok-kabatok-nadragok-kabatok-szoknyak-es-loveszkabatok","11":"first","12":"instock","13":"taxable","14":"shipping-taxable","15":"purchasable","16":"product-type-variable","17":"has-default-attributes","18":"wvs-archive-product-wrapper"},"acf":{"categorie_feed":""},"aioseo_notices":[],"_links":{"self":[{"href":"https:\/\/aavesa.com\/hu\/wp-json\/wp\/v2\/product\/94639","targetHints":{"allow":["GET"]}}],"collection":[{"href":"https:\/\/aavesa.com\/hu\/wp-json\/wp\/v2\/product"}],"about":[{"href":"https:\/\/aavesa.com\/hu\/wp-json\/wp\/v2\/types\/product"}],"replies":[{"embeddable":true,"href":"https:\/\/aavesa.com\/hu\/wp-json\/wp\/v2\/comments?post=94639"}],"wp:featuredmedia":[{"embeddable":true,"href":"https:\/\/aavesa.com\/hu\/wp-json\/wp\/v2\/media\/93832"}],"wp:attachment":[{"href":"https:\/\/aavesa.com\/hu\/wp-json\/wp\/v2\/media?parent=94639"}],"wp:term":[{"taxonomy":"product_brand","embeddable":true,"href":"https:\/\/aavesa.com\/hu\/wp-json\/wp\/v2\/product_brand?post=94639"},{"taxonomy":"product_cat","embeddable":true,"href":"https:\/\/aavesa.com\/hu\/wp-json\/wp\/v2\/product_cat?post=94639"},{"taxonomy":"product_tag","embeddable":true,"href":"https:\/\/aavesa.com\/hu\/wp-json\/wp\/v2\/product_tag?post=94639"}],"curies":[{"name":"wp","href":"https:\/\/api.w.org\/{rel}","templated":true}]}}