

{"id":94651,"date":"2024-09-10T13:27:07","date_gmt":"2024-09-10T13:27:07","guid":{"rendered":"https:\/\/new.aavesa.com\/produs\/nyerc-kapucnis-kabat-2097\/"},"modified":"2024-09-10T13:27:07","modified_gmt":"2024-09-10T13:27:07","slug":"nyerc-kapucnis-kabat-2097","status":"publish","type":"product","link":"https:\/\/aavesa.com\/hu\/product\/nyerc-kapucnis-kabat-2097\/","title":{"rendered":"Ny\u00e9rc kapucnis kab\u00e1t 2097"},"content":{"rendered":"<p>Ez a ny\u00e9rcdarabokb\u00f3l k\u00e9sz\u00fclt kab\u00e1t t\u00f6k\u00e9letes ahhoz, hogy eleganci\u00e1t \u00e9s modernit\u00e1st adjon b\u00e1rmilyen ruh\u00e1hoz. Ide\u00e1lis a hidegt\u0151l val\u00f3 meg\u00f3v\u00e1shoz, a kab\u00e1t gy\u00f6ny\u00f6r\u0171 kapucnival \u00e9s k\u00e9t praktikus zsebbel rendelkezik, amely biztos\u00edtja a k\u00e9nyelmet \u00e9s a funkcionalit\u00e1st. A z\u00e1r\u00e1s pattinthat\u00f3, az alj\u00e1n pedig h\u00faz\u00f3zsin\u00f3r tal\u00e1lhat\u00f3 a szem\u00e9lyre szabott illeszked\u00e9s \u00e9rdek\u00e9ben. A s\u00f6t\u00e9tsz\u00fcrke sz\u00ednben kaphat\u00f3 sokoldal\u00fa \u00e9s kifinomult kab\u00e1t t\u00f6k\u00e9letes v\u00e1laszt\u00e1s azoknak a n\u0151knek, akik \u00e9rt\u00e9kelik a st\u00edlust \u00e9s a k\u00e9nyelmet a hideg \u00e9vszakban. Modell\u00fcnk 174 cm magas, 36-os m\u00e9retet hord, a term\u00e9k hossza 71 cm.    <\/p>\n","protected":false},"excerpt":{"rendered":"<p>Ez a ny\u00e9rcdarabokb\u00f3l k\u00e9sz\u00fclt kab\u00e1t t\u00f6k\u00e9letes ahhoz, hogy eleganci\u00e1t \u00e9s modernit\u00e1st adjon b\u00e1rmilyen ruh\u00e1hoz. Ide\u00e1lis a hidegt\u0151l val\u00f3 meg\u00f3v\u00e1shoz, a kab\u00e1t gy\u00f6ny\u00f6r\u0171 kapucnival \u00e9s k\u00e9t praktikus zsebbel rendelkezik, amely biztos\u00edtja a k\u00e9nyelmet \u00e9s a funkcionalit\u00e1st. A z\u00e1r\u00e1s pattinthat\u00f3, az alj\u00e1n pedig h\u00faz\u00f3zsin\u00f3r tal\u00e1lhat\u00f3 a szem\u00e9lyre szabott illeszked\u00e9s \u00e9rdek\u00e9ben. A s\u00f6t\u00e9tsz\u00fcrke sz\u00ednben kaphat\u00f3 sokoldal\u00fa \u00e9s kifinomult [&hellip;]<\/p>\n","protected":false},"featured_media":93774,"comment_status":"closed","ping_status":"closed","template":"","meta":{"_acf_changed":false,"om_disable_all_campaigns":false,"inline_featured_image":false,"_monsterinsights_skip_tracking":false,"_monsterinsights_sitenote_active":false,"_monsterinsights_sitenote_note":"","_monsterinsights_sitenote_category":0},"product_brand":[],"product_cat":[880,766,769,741,770],"product_tag":[],"class_list":{"0":"post-94651","1":"product","2":"type-product","3":"status-publish","4":"has-post-thumbnail","6":"product_cat-2024-2025-kollekcio","7":"product_cat-bundas-kabatok-es-bundas-dzsekik-noknek","8":"product_cat-nerc-szorme","9":"product_cat-nok","10":"product_cat-vidra-bundak-vidra-zsekik","12":"first","13":"instock","14":"taxable","15":"shipping-taxable","16":"purchasable","17":"product-type-variable","18":"has-default-attributes","19":"wvs-archive-product-wrapper"},"acf":{"categorie_feed":""},"aioseo_notices":[],"_links":{"self":[{"href":"https:\/\/aavesa.com\/hu\/wp-json\/wp\/v2\/product\/94651","targetHints":{"allow":["GET"]}}],"collection":[{"href":"https:\/\/aavesa.com\/hu\/wp-json\/wp\/v2\/product"}],"about":[{"href":"https:\/\/aavesa.com\/hu\/wp-json\/wp\/v2\/types\/product"}],"replies":[{"embeddable":true,"href":"https:\/\/aavesa.com\/hu\/wp-json\/wp\/v2\/comments?post=94651"}],"wp:featuredmedia":[{"embeddable":true,"href":"https:\/\/aavesa.com\/hu\/wp-json\/wp\/v2\/media\/93774"}],"wp:attachment":[{"href":"https:\/\/aavesa.com\/hu\/wp-json\/wp\/v2\/media?parent=94651"}],"wp:term":[{"taxonomy":"product_brand","embeddable":true,"href":"https:\/\/aavesa.com\/hu\/wp-json\/wp\/v2\/product_brand?post=94651"},{"taxonomy":"product_cat","embeddable":true,"href":"https:\/\/aavesa.com\/hu\/wp-json\/wp\/v2\/product_cat?post=94651"},{"taxonomy":"product_tag","embeddable":true,"href":"https:\/\/aavesa.com\/hu\/wp-json\/wp\/v2\/product_tag?post=94651"}],"curies":[{"name":"wp","href":"https:\/\/api.w.org\/{rel}","templated":true}]}}