

{"id":94653,"date":"2024-09-10T13:21:04","date_gmt":"2024-09-10T13:21:04","guid":{"rendered":"https:\/\/new.aavesa.com\/produs\/nyerc-premes-kopeny-621\/"},"modified":"2024-09-10T13:21:04","modified_gmt":"2024-09-10T13:21:04","slug":"nyerc-premes-kopeny-621","status":"publish","type":"product","link":"https:\/\/aavesa.com\/hu\/product\/nyerc-premes-kopeny-621\/","title":{"rendered":"Ny\u00e9rc pr\u00e9mes k\u00f6peny 621"},"content":{"rendered":"<p>Ezt a ny\u00e9rc pr\u00e9mes k\u00f6penyt \u00fagy tervezt\u00e9k, hogy egy csipetnyi eleganci\u00e1t adjon b\u00e1rmilyen k\u00fcl\u00f6nleges alkalomhoz \u00e9s azon t\u00fal is. A h\u00e1romnegyedes ujj\u00fa k\u00f6peny k\u00f6ny\u00e9kig p\u00e1ros\u00edthat\u00f3 egy b\u0151rkeszty\u0171k\u00e9szlettel, ami extra finoms\u00e1got ad hozz\u00e1. A diszkr\u00e9t klipszes z\u00e1r\u00f3d\u00e1s kifog\u00e1stalan \u00e9s k\u00e9nyelmes megjelen\u00e9st biztos\u00edt. A feh\u00e9r, barna \u00e9s fekete sz\u00ednben kaphat\u00f3 k\u00f6peny t\u00f6k\u00e9letes b\u00e1rmilyen \u00f6lt\u00f6z\u00e9k kieg\u00e9sz\u00edt\u00e9s\u00e9re, kifinomult \u00e9s sokoldal\u00fa megjelen\u00e9st biztos\u00edt, amely minden tekintetet mag\u00e1ra von. Modell\u00fcnk 174 cm magas, 36-os m\u00e9retet hord, a term\u00e9k hossza 45 cm.    <\/p>\n","protected":false},"excerpt":{"rendered":"<p>Ezt a ny\u00e9rc pr\u00e9mes k\u00f6penyt \u00fagy tervezt\u00e9k, hogy egy csipetnyi eleganci\u00e1t adjon b\u00e1rmilyen k\u00fcl\u00f6nleges alkalomhoz \u00e9s azon t\u00fal is. A h\u00e1romnegyedes ujj\u00fa k\u00f6peny k\u00f6ny\u00e9kig p\u00e1ros\u00edthat\u00f3 egy b\u0151rkeszty\u0171k\u00e9szlettel, ami extra finoms\u00e1got ad hozz\u00e1. A diszkr\u00e9t klipszes z\u00e1r\u00f3d\u00e1s kifog\u00e1stalan \u00e9s k\u00e9nyelmes megjelen\u00e9st biztos\u00edt. A feh\u00e9r, barna \u00e9s fekete sz\u00ednben kaphat\u00f3 k\u00f6peny t\u00f6k\u00e9letes b\u00e1rmilyen \u00f6lt\u00f6z\u00e9k kieg\u00e9sz\u00edt\u00e9s\u00e9re, kifinomult \u00e9s [&hellip;]<\/p>\n","protected":false},"featured_media":93764,"comment_status":"closed","ping_status":"closed","template":"","meta":{"_acf_changed":false,"om_disable_all_campaigns":false,"inline_featured_image":false,"_monsterinsights_skip_tracking":false,"_monsterinsights_sitenote_active":false,"_monsterinsights_sitenote_note":"","_monsterinsights_sitenote_category":0},"product_brand":[],"product_cat":[880,792,741],"product_tag":[],"class_list":{"0":"post-94653","1":"product","2":"type-product","3":"status-publish","4":"has-post-thumbnail","6":"product_cat-2024-2025-kollekcio","7":"product_cat-bundas-salak-es-bundas-kopenyek","8":"product_cat-nok","10":"first","11":"instock","12":"taxable","13":"shipping-taxable","14":"purchasable","15":"product-type-variable","16":"has-default-attributes","17":"wvs-archive-product-wrapper"},"acf":{"categorie_feed":""},"aioseo_notices":[],"_links":{"self":[{"href":"https:\/\/aavesa.com\/hu\/wp-json\/wp\/v2\/product\/94653","targetHints":{"allow":["GET"]}}],"collection":[{"href":"https:\/\/aavesa.com\/hu\/wp-json\/wp\/v2\/product"}],"about":[{"href":"https:\/\/aavesa.com\/hu\/wp-json\/wp\/v2\/types\/product"}],"replies":[{"embeddable":true,"href":"https:\/\/aavesa.com\/hu\/wp-json\/wp\/v2\/comments?post=94653"}],"wp:featuredmedia":[{"embeddable":true,"href":"https:\/\/aavesa.com\/hu\/wp-json\/wp\/v2\/media\/93764"}],"wp:attachment":[{"href":"https:\/\/aavesa.com\/hu\/wp-json\/wp\/v2\/media?parent=94653"}],"wp:term":[{"taxonomy":"product_brand","embeddable":true,"href":"https:\/\/aavesa.com\/hu\/wp-json\/wp\/v2\/product_brand?post=94653"},{"taxonomy":"product_cat","embeddable":true,"href":"https:\/\/aavesa.com\/hu\/wp-json\/wp\/v2\/product_cat?post=94653"},{"taxonomy":"product_tag","embeddable":true,"href":"https:\/\/aavesa.com\/hu\/wp-json\/wp\/v2\/product_tag?post=94653"}],"curies":[{"name":"wp","href":"https:\/\/api.w.org\/{rel}","templated":true}]}}