

{"id":94657,"date":"2024-09-10T13:11:02","date_gmt":"2024-09-10T13:11:02","guid":{"rendered":"https:\/\/new.aavesa.com\/produs\/nyerc-szorme-ujjatlan-717\/"},"modified":"2025-11-17T06:33:30","modified_gmt":"2025-11-17T06:33:30","slug":"nyerc-szorme-ujjatlan-717","status":"publish","type":"product","link":"https:\/\/aavesa.com\/hu\/product\/nyerc-szorme-ujjatlan-717\/","title":{"rendered":"Ny\u00e9rc sz\u0151rme ujjatlan 717"},"content":{"rendered":"<p>Adjon egy csipetnyi eleganci\u00e1t \u00e9s k\u00e9nyelmet a t\u00e9li \u00f6lt\u00f6z\u00e9k\u00e9hez ezekkel az egyujjas nercbunda keszty\u0171kkel, amelyeket kifejezetten \u00fagy terveztek, hogy meleget \u00e9s st\u00edlust biztos\u00edtsanak. Kifinomult kialak\u00edt\u00e1suknak k\u00f6sz\u00f6nhet\u0151en ide\u00e1lisak a hideg \u00e9vszakban, \u00e9s k\u00f6nnyen illeszkednek b\u00e1rmilyen h\u00e9tk\u00f6znapi \u00f6lt\u00f6z\u00e9khez. Praktikus zsin\u00f3rral ell\u00e1tva k\u00f6nnyen a nyakadon viselheted \u0151ket, hogy mindig k\u00e9zn\u00e9l legyenek. Az univerz\u00e1lis m\u00e9retnek k\u00f6sz\u00f6nhet\u0151en ezek a keszty\u0171k klasszikus barna \u00e9s fekete sz\u00ednben kaphat\u00f3k, t\u00f6k\u00e9letesen illeszkedve b\u00e1rmilyen st\u00edlushoz. V\u00e1lassza a k\u00e9nyelmet \u00e9s a kifinomults\u00e1got a hideg napokon ezekkel a sokoldal\u00fa \u00e9s eleg\u00e1ns nercbunda keszty\u0171kkel.    <\/p>\n","protected":false},"excerpt":{"rendered":"<p>Adjon egy csipetnyi eleganci\u00e1t \u00e9s k\u00e9nyelmet a t\u00e9li \u00f6lt\u00f6z\u00e9k\u00e9hez ezekkel az egyujjas nercbunda keszty\u0171kkel, amelyeket kifejezetten \u00fagy terveztek, hogy meleget \u00e9s st\u00edlust biztos\u00edtsanak. Kifinomult kialak\u00edt\u00e1suknak k\u00f6sz\u00f6nhet\u0151en ide\u00e1lisak a hideg \u00e9vszakban, \u00e9s k\u00f6nnyen illeszkednek b\u00e1rmilyen h\u00e9tk\u00f6znapi \u00f6lt\u00f6z\u00e9khez. Praktikus zsin\u00f3rral ell\u00e1tva k\u00f6nnyen a nyakadon viselheted \u0151ket, hogy mindig k\u00e9zn\u00e9l legyenek. Az univerz\u00e1lis m\u00e9retnek k\u00f6sz\u00f6nhet\u0151en ezek a keszty\u0171k [&hellip;]<\/p>\n","protected":false},"featured_media":94432,"comment_status":"closed","ping_status":"closed","template":"","meta":{"_acf_changed":false,"om_disable_all_campaigns":false,"inline_featured_image":false,"_monsterinsights_skip_tracking":false,"_monsterinsights_sitenote_active":false,"_monsterinsights_sitenote_note":"","_monsterinsights_sitenote_category":0},"product_brand":[],"product_cat":[880,802,741],"product_tag":[],"class_list":{"0":"post-94657","1":"product","2":"type-product","3":"status-publish","4":"has-post-thumbnail","6":"product_cat-2024-2025-kollekcio","7":"product_cat-bundas-kesztyuk-shearling-kesztyuk-noknek","8":"product_cat-nok","10":"first","11":"instock","12":"taxable","13":"shipping-taxable","14":"purchasable","15":"product-type-variable","16":"has-default-attributes","17":"wvs-archive-product-wrapper"},"acf":{"categorie_feed":""},"aioseo_notices":[],"_links":{"self":[{"href":"https:\/\/aavesa.com\/hu\/wp-json\/wp\/v2\/product\/94657","targetHints":{"allow":["GET"]}}],"collection":[{"href":"https:\/\/aavesa.com\/hu\/wp-json\/wp\/v2\/product"}],"about":[{"href":"https:\/\/aavesa.com\/hu\/wp-json\/wp\/v2\/types\/product"}],"replies":[{"embeddable":true,"href":"https:\/\/aavesa.com\/hu\/wp-json\/wp\/v2\/comments?post=94657"}],"wp:featuredmedia":[{"embeddable":true,"href":"https:\/\/aavesa.com\/hu\/wp-json\/wp\/v2\/media\/94432"}],"wp:attachment":[{"href":"https:\/\/aavesa.com\/hu\/wp-json\/wp\/v2\/media?parent=94657"}],"wp:term":[{"taxonomy":"product_brand","embeddable":true,"href":"https:\/\/aavesa.com\/hu\/wp-json\/wp\/v2\/product_brand?post=94657"},{"taxonomy":"product_cat","embeddable":true,"href":"https:\/\/aavesa.com\/hu\/wp-json\/wp\/v2\/product_cat?post=94657"},{"taxonomy":"product_tag","embeddable":true,"href":"https:\/\/aavesa.com\/hu\/wp-json\/wp\/v2\/product_tag?post=94657"}],"curies":[{"name":"wp","href":"https:\/\/api.w.org\/{rel}","templated":true}]}}