

{"id":97968,"date":"2025-09-28T07:36:29","date_gmt":"2025-09-28T07:36:29","guid":{"rendered":"https:\/\/aavesa.com\/product\/shearling-kabat-3408\/"},"modified":"2026-04-10T15:08:08","modified_gmt":"2026-04-10T17:08:08","slug":"shearling-kabat-3408","status":"publish","type":"product","link":"https:\/\/aavesa.com\/hu\/product\/shearling-kabat-3408\/","title":{"rendered":"Shearling kab\u00e1t 3408"},"content":{"rendered":"<p data-start=\"69\" data-end=\"479\">A klasszikus western kab\u00e1tok st\u00edlusa \u00e1ltal inspir\u00e1lt, term\u00e9szetes ny\u00edrb\u0151rb\u0151l k\u00e9sz\u00fclt darab sokoldal\u00fa \u00e9s meleg v\u00e1laszt\u00e1s a hideg \u00e9vszakban. R\u00f6vid, j\u00f3l struktur\u00e1lt kialak\u00edt\u00e1sa, a kontrasztos ny\u00edrb\u0151r gall\u00e9rral \u00e9s a patentos el\u00fcls\u0151 zsebekkel kombin\u00e1lva extra karaktert k\u00f6lcs\u00f6n\u00f6z b\u00e1rmely alkalmi vagy smart-casual \u00f6lt\u00f6z\u00e9knek. A k\u00e9nyelmes, f\u00e9rfias \u00e9s rendk\u00edv\u00fcl praktikus kab\u00e1t robusztus r\u00e9szleteivel \u00e9s egyenes szab\u00e1s\u00e1val t\u0171nik ki.  <\/p>\n<p>A term\u00e9k r\u00e9szletei<\/p>\n<ul>\n<li data-start=\"481\" data-end=\"831\">K\u00fcls\u0151 anyag: Term\u00e9szetes b\u00e1r\u00e1nyb\u0151r<\/li>\n<li data-start=\"481\" data-end=\"831\">Klasszikus kontrasztos shearling gall\u00e9r<\/li>\n<li data-start=\"481\" data-end=\"831\">El\u00fcls\u0151 z\u00e1r\u00f3d\u00e1s f\u00e9m patentokkal<\/li>\n<li data-start=\"481\" data-end=\"831\">K\u00e9t oldals\u00f3 zseb \u00e9s k\u00e9t el\u00fcls\u0151 p\u00e1ntos zseb<\/li>\n<li data-start=\"481\" data-end=\"831\">R\u00f6vid western st\u00edlus\u00fa v\u00e1g\u00e1s<\/li>\n<li data-start=\"481\" data-end=\"831\">Nagyon meleg, ide\u00e1lis a hideg \u00e9vszakban<\/li>\n<li data-start=\"481\" data-end=\"831\">Sz\u00edn: Vintage Brown \/ Fekete-konyak<\/li>\n<li data-start=\"481\" data-end=\"831\">Hossz: 66 cm<\/li>\n<li data-start=\"481\" data-end=\"831\">Modell\u00fcnk 185 cm magas \u00e9s 50-es m\u00e9retet visel.<\/li>\n<\/ul>\n","protected":false},"excerpt":{"rendered":"<p>A klasszikus western kab\u00e1tok st\u00edlusa \u00e1ltal inspir\u00e1lt, term\u00e9szetes ny\u00edrb\u0151rb\u0151l k\u00e9sz\u00fclt darab sokoldal\u00fa \u00e9s meleg v\u00e1laszt\u00e1s a hideg \u00e9vszakban. R\u00f6vid, j\u00f3l struktur\u00e1lt kialak\u00edt\u00e1sa, a kontrasztos ny\u00edrb\u0151r gall\u00e9rral \u00e9s a patentos el\u00fcls\u0151 zsebekkel kombin\u00e1lva extra karaktert k\u00f6lcs\u00f6n\u00f6z b\u00e1rmely alkalmi vagy smart-casual \u00f6lt\u00f6z\u00e9knek. A k\u00e9nyelmes, f\u00e9rfias \u00e9s rendk\u00edv\u00fcl praktikus kab\u00e1t robusztus r\u00e9szleteivel \u00e9s egyenes szab\u00e1s\u00e1val t\u0171nik ki. A [&hellip;]<\/p>\n","protected":false},"featured_media":97635,"comment_status":"closed","ping_status":"closed","template":"","meta":{"_acf_changed":false,"om_disable_all_campaigns":false,"inline_featured_image":false,"_monsterinsights_skip_tracking":false,"_monsterinsights_sitenote_active":false,"_monsterinsights_sitenote_note":"","_monsterinsights_sitenote_category":0},"product_brand":[],"product_cat":[918,784,952,725,772],"product_tag":[],"class_list":{"0":"post-97968","1":"product","2":"type-product","3":"status-publish","4":"has-post-thumbnail","6":"product_cat-2025-2026-kollekcio-autentikus-elegancia-szormeben-es-termeszetes-borben","7":"product_cat-baranybor","8":"product_cat-ferfi-es-noi-pehelypaplan-dzsekik-a-luxus-es-a-melegseg-vegso-kevereke","9":"product_cat-ferfiak","10":"product_cat-shearling-kabatok-ferfiaknak","12":"first","13":"instock","14":"taxable","15":"shipping-taxable","16":"purchasable","17":"product-type-variable","18":"has-default-attributes","19":"wvs-archive-product-wrapper"},"acf":{"categorie_feed":""},"aioseo_notices":[],"_links":{"self":[{"href":"https:\/\/aavesa.com\/hu\/wp-json\/wp\/v2\/product\/97968","targetHints":{"allow":["GET"]}}],"collection":[{"href":"https:\/\/aavesa.com\/hu\/wp-json\/wp\/v2\/product"}],"about":[{"href":"https:\/\/aavesa.com\/hu\/wp-json\/wp\/v2\/types\/product"}],"replies":[{"embeddable":true,"href":"https:\/\/aavesa.com\/hu\/wp-json\/wp\/v2\/comments?post=97968"}],"wp:featuredmedia":[{"embeddable":true,"href":"https:\/\/aavesa.com\/hu\/wp-json\/wp\/v2\/media\/97635"}],"wp:attachment":[{"href":"https:\/\/aavesa.com\/hu\/wp-json\/wp\/v2\/media?parent=97968"}],"wp:term":[{"taxonomy":"product_brand","embeddable":true,"href":"https:\/\/aavesa.com\/hu\/wp-json\/wp\/v2\/product_brand?post=97968"},{"taxonomy":"product_cat","embeddable":true,"href":"https:\/\/aavesa.com\/hu\/wp-json\/wp\/v2\/product_cat?post=97968"},{"taxonomy":"product_tag","embeddable":true,"href":"https:\/\/aavesa.com\/hu\/wp-json\/wp\/v2\/product_tag?post=97968"}],"curies":[{"name":"wp","href":"https:\/\/api.w.org\/{rel}","templated":true}]}}