

{"id":97971,"date":"2025-09-27T17:08:15","date_gmt":"2025-09-27T17:08:15","guid":{"rendered":"https:\/\/aavesa.com\/product\/tulmeretezett-szarvasbor-bomber-dzseki-1064\/"},"modified":"2025-09-27T17:08:15","modified_gmt":"2025-09-27T17:08:15","slug":"tulmeretezett-szarvasbor-bomber-dzseki-1064","status":"publish","type":"product","link":"https:\/\/aavesa.com\/hu\/product\/tulmeretezett-szarvasbor-bomber-dzseki-1064\/","title":{"rendered":"T\u00falm\u00e9retezett szarvasb\u0151r bomber dzseki 1064"},"content":{"rendered":"<p data-start=\"67\" data-end=\"288\">Ez a r\u00f6vid, t\u00falm\u00e9retezett vel\u00farb\u0151r bomberdzseki az \u0151szi ruhat\u00e1rad t\u00f6k\u00e9letes darabja. A modern diz\u00e1jnnal \u00e9s mag\u00e1val ragad\u00f3 \u00e1rnyalattal rendelkez\u0151 dzseki finom eleganci\u00e1j\u00e1val \u00e9s laza st\u00edlus\u00e1val minden tekintetet mag\u00e1ra vonz. <\/p>\n<p data-start=\"290\" data-end=\"570\">A vel\u00farb\u0151r puha, sima tapint\u00e1s\u00fa, \u00e9s gy\u00f6ny\u00f6r\u0171en illeszkedik a testre, k\u00f6nnyed\u00e9n kifinomult megjelen\u00e9st biztos\u00edtva. A patentos zsebek praktikus hangs\u00falyt adnak, m\u00edg az olyan r\u00e9szletek, mint az elasztikus szeg\u00e9ly, a bepattinthat\u00f3 mandzsetta \u00e9s a cipz\u00e1rat fed\u0151 patent kifinomult, kiegyens\u00falyozott hat\u00e1st keltenek. <\/p>\n<p data-start=\"572\" data-end=\"676\">Ez a kab\u00e1t a szezon k\u00f6telez\u0151 darabja &#8211; sokoldal\u00fa, k\u00e9nyelmes \u00e9s hihetetlen\u00fcl st\u00edlusos.<\/p>\n<p>A term\u00e9k r\u00e9szletei<\/p>\n<ul>\n<li data-start=\"678\" data-end=\"956\">Puha, sima, term\u00e9szetes vel\u00far b\u0151r<\/li>\n<li data-start=\"678\" data-end=\"956\">Bomber design, r\u00f6vid v\u00e1g\u00e1s<\/li>\n<li data-start=\"678\" data-end=\"956\">2 oldals\u00f3 p\u00e1ntos zseb<\/li>\n<li data-start=\"678\" data-end=\"956\">Klasszikus gall\u00e9r<\/li>\n<li data-start=\"678\" data-end=\"956\">Elasztikus szeg\u00e9ly a t\u00f6k\u00e9letes illeszked\u00e9s\u00e9rt<\/li>\n<li data-start=\"678\" data-end=\"956\">Gombos mandzsetta<\/li>\n<li data-start=\"678\" data-end=\"956\">A cipz\u00e1rat elrejt\u0151 patentgombos patent<\/li>\n<li data-start=\"678\" data-end=\"956\">Hossz: 54 cm<\/li>\n<li data-start=\"678\" data-end=\"956\">Modell\u00fcnk 175 cm magas \u00e9s 36-os m\u00e9retet visel.<\/li>\n<\/ul>\n","protected":false},"excerpt":{"rendered":"<p>Ez a r\u00f6vid, t\u00falm\u00e9retezett vel\u00farb\u0151r bomberdzseki az \u0151szi ruhat\u00e1rad t\u00f6k\u00e9letes darabja. A modern diz\u00e1jnnal \u00e9s mag\u00e1val ragad\u00f3 \u00e1rnyalattal rendelkez\u0151 dzseki finom eleganci\u00e1j\u00e1val \u00e9s laza st\u00edlus\u00e1val minden tekintetet mag\u00e1ra vonz. A vel\u00farb\u0151r puha, sima tapint\u00e1s\u00fa, \u00e9s gy\u00f6ny\u00f6r\u0171en illeszkedik a testre, k\u00f6nnyed\u00e9n kifinomult megjelen\u00e9st biztos\u00edtva. A patentos zsebek praktikus hangs\u00falyt adnak, m\u00edg az olyan r\u00e9szletek, mint az [&hellip;]<\/p>\n","protected":false},"featured_media":97623,"comment_status":"closed","ping_status":"closed","template":"","meta":{"_acf_changed":false,"om_disable_all_campaigns":false,"inline_featured_image":false,"_monsterinsights_skip_tracking":false,"_monsterinsights_sitenote_active":false,"_monsterinsights_sitenote_note":"","_monsterinsights_sitenote_category":0},"product_brand":[],"product_cat":[918,821,767,741],"product_tag":[],"class_list":{"0":"post-97971","1":"product","2":"type-product","3":"status-publish","4":"has-post-thumbnail","6":"product_cat-2025-2026-kollekcio-autentikus-elegancia-szormeben-es-termeszetes-borben","7":"product_cat-bor-ruhak-noknek","8":"product_cat-borkabatok-noknek","9":"product_cat-nok","11":"first","12":"instock","13":"taxable","14":"shipping-taxable","15":"purchasable","16":"product-type-variable","17":"has-default-attributes","18":"wvs-archive-product-wrapper"},"acf":{"categorie_feed":""},"aioseo_notices":[],"_links":{"self":[{"href":"https:\/\/aavesa.com\/hu\/wp-json\/wp\/v2\/product\/97971","targetHints":{"allow":["GET"]}}],"collection":[{"href":"https:\/\/aavesa.com\/hu\/wp-json\/wp\/v2\/product"}],"about":[{"href":"https:\/\/aavesa.com\/hu\/wp-json\/wp\/v2\/types\/product"}],"replies":[{"embeddable":true,"href":"https:\/\/aavesa.com\/hu\/wp-json\/wp\/v2\/comments?post=97971"}],"wp:featuredmedia":[{"embeddable":true,"href":"https:\/\/aavesa.com\/hu\/wp-json\/wp\/v2\/media\/97623"}],"wp:attachment":[{"href":"https:\/\/aavesa.com\/hu\/wp-json\/wp\/v2\/media?parent=97971"}],"wp:term":[{"taxonomy":"product_brand","embeddable":true,"href":"https:\/\/aavesa.com\/hu\/wp-json\/wp\/v2\/product_brand?post=97971"},{"taxonomy":"product_cat","embeddable":true,"href":"https:\/\/aavesa.com\/hu\/wp-json\/wp\/v2\/product_cat?post=97971"},{"taxonomy":"product_tag","embeddable":true,"href":"https:\/\/aavesa.com\/hu\/wp-json\/wp\/v2\/product_tag?post=97971"}],"curies":[{"name":"wp","href":"https:\/\/api.w.org\/{rel}","templated":true}]}}