

{"id":97972,"date":"2025-09-27T15:49:08","date_gmt":"2025-09-27T15:49:08","guid":{"rendered":"https:\/\/aavesa.com\/product\/zoboly-szorme-kabat-2105-m\/"},"modified":"2025-09-27T15:49:08","modified_gmt":"2025-09-27T15:49:08","slug":"zoboly-szorme-kabat-2105-m","status":"publish","type":"product","link":"https:\/\/aavesa.com\/hu\/product\/zoboly-szorme-kabat-2105-m\/","title":{"rendered":"Zoboly sz\u0151rme kab\u00e1t 2105 M"},"content":{"rendered":"<p data-start=\"76\" data-end=\"409\">Kifinomult, exkluz\u00edv \u00e9s id\u0151tlen, ez a term\u00e9szetes coboly sz\u0151rmebunda egy igazi luxus darab, amely kiemelkedik anyag\u00e1nak kiv\u00e9teles min\u0151s\u00e9g\u00e9vel. A coboly az egyik legritk\u00e1bb \u00e9s legdr\u00e1g\u00e1bb sz\u0151rme a vil\u00e1gon, finom, s\u0171r\u0171 \u00e9s term\u00e9szetesen csillog\u00f3 text\u00far\u00e1ja pedig \u00f6sszet\u00e9veszthetetlen\u00fcl kifinomult megjelen\u00e9st biztos\u00edt. <\/p>\n<p data-start=\"411\" data-end=\"748\">A r\u00f6vid szab\u00e1st egy terjedelmes gall\u00e9r eg\u00e9sz\u00edti ki, amely a hideg \u00e9vszakban eleganci\u00e1t \u00e9s meleget k\u00f6lcs\u00f6n\u00f6z. A diszkr\u00e9t kamp\u00f3s \u00e9s szemes z\u00e1r\u00e1s meg\u0151rzi a kab\u00e1t tiszta vonalvezet\u00e9s\u00e9t, m\u00edg a k\u00e9t oldalzseb z\u00f6kken\u0151mentesen illeszkedik a modern diz\u00e1jnba. Id\u0151tlen gy\u0171jt\u0151i darab, ide\u00e1lis a tart\u00f3s eleganci\u00e1t \u00e9rt\u00e9kel\u0151 n\u0151k sz\u00e1m\u00e1ra.  <\/p>\n<p>A term\u00e9k r\u00e9szletei<\/p>\n<ul>\n<li data-start=\"750\" data-end=\"1010\">Pr\u00e9mium term\u00e9szetes coboly sz\u0151rme<\/li>\n<li data-start=\"750\" data-end=\"1010\">Sz\u00e9les gall\u00e9r eleg\u00e1ns hanger\u0151vel<\/li>\n<li data-start=\"750\" data-end=\"1010\">El\u00fcls\u0151 kamp\u00f3s \u00e9s szemes z\u00e1r\u00f3d\u00e1s<\/li>\n<li data-start=\"750\" data-end=\"1010\">K\u00e9t diszkr\u00e9t oldalzseb<\/li>\n<li data-start=\"750\" data-end=\"1010\">R\u00f6vid, modern v\u00e1g\u00e1s<\/li>\n<li data-start=\"750\" data-end=\"1010\">Luxus text\u00fara term\u00e9szetes csillog\u00e1ssal<\/li>\n<li data-start=\"750\" data-end=\"1010\">Hossz: 60 cm<\/li>\n<li data-start=\"750\" data-end=\"1010\">Modell\u00fcnk 175 cm magas \u00e9s 36-os m\u00e9retet visel.<\/li>\n<\/ul>\n","protected":false},"excerpt":{"rendered":"<p>Kifinomult, exkluz\u00edv \u00e9s id\u0151tlen, ez a term\u00e9szetes coboly sz\u0151rmebunda egy igazi luxus darab, amely kiemelkedik anyag\u00e1nak kiv\u00e9teles min\u0151s\u00e9g\u00e9vel. A coboly az egyik legritk\u00e1bb \u00e9s legdr\u00e1g\u00e1bb sz\u0151rme a vil\u00e1gon, finom, s\u0171r\u0171 \u00e9s term\u00e9szetesen csillog\u00f3 text\u00far\u00e1ja pedig \u00f6sszet\u00e9veszthetetlen\u00fcl kifinomult megjelen\u00e9st biztos\u00edt. A r\u00f6vid szab\u00e1st egy terjedelmes gall\u00e9r eg\u00e9sz\u00edti ki, amely a hideg \u00e9vszakban eleganci\u00e1t \u00e9s meleget k\u00f6lcs\u00f6n\u00f6z. [&hellip;]<\/p>\n","protected":false},"featured_media":97567,"comment_status":"closed","ping_status":"closed","template":"","meta":{"_acf_changed":false,"om_disable_all_campaigns":false,"inline_featured_image":false,"_monsterinsights_skip_tracking":false,"_monsterinsights_sitenote_active":false,"_monsterinsights_sitenote_note":"","_monsterinsights_sitenote_category":0},"product_brand":[],"product_cat":[918,766,741],"product_tag":[],"class_list":{"0":"post-97972","1":"product","2":"type-product","3":"status-publish","4":"has-post-thumbnail","6":"product_cat-2025-2026-kollekcio-autentikus-elegancia-szormeben-es-termeszetes-borben","7":"product_cat-bundas-kabatok-es-bundas-dzsekik-noknek","8":"product_cat-nok","10":"first","11":"instock","12":"taxable","13":"shipping-taxable","14":"purchasable","15":"product-type-variable","16":"has-default-attributes","17":"wvs-archive-product-wrapper"},"acf":{"categorie_feed":""},"aioseo_notices":[],"_links":{"self":[{"href":"https:\/\/aavesa.com\/hu\/wp-json\/wp\/v2\/product\/97972","targetHints":{"allow":["GET"]}}],"collection":[{"href":"https:\/\/aavesa.com\/hu\/wp-json\/wp\/v2\/product"}],"about":[{"href":"https:\/\/aavesa.com\/hu\/wp-json\/wp\/v2\/types\/product"}],"replies":[{"embeddable":true,"href":"https:\/\/aavesa.com\/hu\/wp-json\/wp\/v2\/comments?post=97972"}],"wp:featuredmedia":[{"embeddable":true,"href":"https:\/\/aavesa.com\/hu\/wp-json\/wp\/v2\/media\/97567"}],"wp:attachment":[{"href":"https:\/\/aavesa.com\/hu\/wp-json\/wp\/v2\/media?parent=97972"}],"wp:term":[{"taxonomy":"product_brand","embeddable":true,"href":"https:\/\/aavesa.com\/hu\/wp-json\/wp\/v2\/product_brand?post=97972"},{"taxonomy":"product_cat","embeddable":true,"href":"https:\/\/aavesa.com\/hu\/wp-json\/wp\/v2\/product_cat?post=97972"},{"taxonomy":"product_tag","embeddable":true,"href":"https:\/\/aavesa.com\/hu\/wp-json\/wp\/v2\/product_tag?post=97972"}],"curies":[{"name":"wp","href":"https:\/\/api.w.org\/{rel}","templated":true}]}}