

{"id":97975,"date":"2025-09-27T17:01:48","date_gmt":"2025-09-27T17:01:48","guid":{"rendered":"https:\/\/aavesa.com\/product\/noi-baranybunda-kabat-2113\/"},"modified":"2026-04-10T15:02:15","modified_gmt":"2026-04-10T17:02:15","slug":"noi-baranybunda-kabat-2113","status":"publish","type":"product","link":"https:\/\/aavesa.com\/hu\/product\/noi-baranybunda-kabat-2113\/","title":{"rendered":"N\u0151i b\u00e1r\u00e1nybunda kab\u00e1t 2113"},"content":{"rendered":"<p data-start=\"76\" data-end=\"369\">Mer\u00e9sz \u00e9s kifinomult v\u00e1laszt\u00e1s ez a n\u0151i b\u00e1r\u00e1nysz\u0151rme kab\u00e1t, amely term\u00e9szetes mint\u00e1j\u00e1val leny\u0171g\u00f6z, \u00e9s b\u00e1rmilyen \u00f6lt\u00f6z\u00e9ket igazi st\u00edlusmeghat\u00e1roz\u00e1ss\u00e1 var\u00e1zsol. A hideg \u00e9vszakban figyelemre m\u00e9lt\u00f3 megjelen\u00e9sre v\u00e1gy\u00f3 n\u0151k sz\u00e1m\u00e1ra tervezett kab\u00e1t a h\u0151komfortot modern \u00e9s kifejez\u0151 diz\u00e1jnnal \u00f6tv\u00f6zi. <\/p>\n<p data-start=\"371\" data-end=\"579\">A term\u00e9szetes sz\u0151rme puha text\u00far\u00e1ja \u00e9s a laza szab\u00e1s mozg\u00e1sszabads\u00e1got \u00e9s kellemes \u00e9rz\u00e9st biztos\u00edt visel\u00e9s k\u00f6zben. K\u00f6nnyen p\u00e1ros\u00edthat\u00f3 farmerrel \u00e9s eleg\u00e1ns darabokkal egyar\u00e1nt, a t\u00e9li ruhat\u00e1r k\u00f6telez\u0151 darabja. <\/p>\n<p>A term\u00e9k r\u00e9szletei<\/p>\n<ul>\n<li data-start=\"581\" data-end=\"896\">K\u00fcls\u0151 anyag: Term\u00e9szetes b\u00e1r\u00e1nysz\u0151rme<\/li>\n<li data-start=\"581\" data-end=\"896\">Term\u00e9szetes nyomtat\u00e1s<\/li>\n<li data-start=\"581\" data-end=\"896\">Sz\u00e9les gall\u00e9r hossz\u00fa, puha sz\u0151rrel<\/li>\n<li data-start=\"581\" data-end=\"896\">El\u00fcls\u0151 z\u00e1r\u00f3d\u00e1s gombokkal<\/li>\n<li data-start=\"581\" data-end=\"896\">Egyenes, laza v\u00e1g\u00e1s<\/li>\n<li data-start=\"581\" data-end=\"896\">Nagyon meleg, ide\u00e1lis t\u00e9lre<\/li>\n<li data-start=\"581\" data-end=\"896\">Sz\u00ednek: Feh\u00e9r fekete foltokkal, Feh\u00e9r barna foltokkal.<\/li>\n<li data-start=\"581\" data-end=\"896\">Hossz: 65 cm<\/li>\n<li data-start=\"581\" data-end=\"896\">Modell\u00fcnk 175 cm magas \u00e9s 36-os m\u00e9retet visel.<\/li>\n<\/ul>\n","protected":false},"excerpt":{"rendered":"<p>Mer\u00e9sz \u00e9s kifinomult v\u00e1laszt\u00e1s ez a n\u0151i b\u00e1r\u00e1nysz\u0151rme kab\u00e1t, amely term\u00e9szetes mint\u00e1j\u00e1val leny\u0171g\u00f6z, \u00e9s b\u00e1rmilyen \u00f6lt\u00f6z\u00e9ket igazi st\u00edlusmeghat\u00e1roz\u00e1ss\u00e1 var\u00e1zsol. A hideg \u00e9vszakban figyelemre m\u00e9lt\u00f3 megjelen\u00e9sre v\u00e1gy\u00f3 n\u0151k sz\u00e1m\u00e1ra tervezett kab\u00e1t a h\u0151komfortot modern \u00e9s kifejez\u0151 diz\u00e1jnnal \u00f6tv\u00f6zi. A term\u00e9szetes sz\u0151rme puha text\u00far\u00e1ja \u00e9s a laza szab\u00e1s mozg\u00e1sszabads\u00e1got \u00e9s kellemes \u00e9rz\u00e9st biztos\u00edt visel\u00e9s k\u00f6zben. K\u00f6nnyen p\u00e1ros\u00edthat\u00f3 [&hellip;]<\/p>\n","protected":false},"featured_media":97607,"comment_status":"closed","ping_status":"closed","template":"","meta":{"_acf_changed":false,"om_disable_all_campaigns":false,"inline_featured_image":false,"_monsterinsights_skip_tracking":false,"_monsterinsights_sitenote_active":false,"_monsterinsights_sitenote_note":"","_monsterinsights_sitenote_category":0},"product_brand":[],"product_cat":[918,784,952,773,741],"product_tag":[],"class_list":{"0":"post-97975","1":"product","2":"type-product","3":"status-publish","4":"has-post-thumbnail","6":"product_cat-2025-2026-kollekcio-autentikus-elegancia-szormeben-es-termeszetes-borben","7":"product_cat-baranybor","8":"product_cat-ferfi-es-noi-pehelypaplan-dzsekik-a-luxus-es-a-melegseg-vegso-kevereke","9":"product_cat-noi-shearling-dzsekik","10":"product_cat-nok","12":"first","13":"instock","14":"taxable","15":"shipping-taxable","16":"purchasable","17":"product-type-variable","18":"has-default-attributes","19":"wvs-archive-product-wrapper"},"acf":{"categorie_feed":""},"aioseo_notices":[],"_links":{"self":[{"href":"https:\/\/aavesa.com\/hu\/wp-json\/wp\/v2\/product\/97975","targetHints":{"allow":["GET"]}}],"collection":[{"href":"https:\/\/aavesa.com\/hu\/wp-json\/wp\/v2\/product"}],"about":[{"href":"https:\/\/aavesa.com\/hu\/wp-json\/wp\/v2\/types\/product"}],"replies":[{"embeddable":true,"href":"https:\/\/aavesa.com\/hu\/wp-json\/wp\/v2\/comments?post=97975"}],"wp:featuredmedia":[{"embeddable":true,"href":"https:\/\/aavesa.com\/hu\/wp-json\/wp\/v2\/media\/97607"}],"wp:attachment":[{"href":"https:\/\/aavesa.com\/hu\/wp-json\/wp\/v2\/media?parent=97975"}],"wp:term":[{"taxonomy":"product_brand","embeddable":true,"href":"https:\/\/aavesa.com\/hu\/wp-json\/wp\/v2\/product_brand?post=97975"},{"taxonomy":"product_cat","embeddable":true,"href":"https:\/\/aavesa.com\/hu\/wp-json\/wp\/v2\/product_cat?post=97975"},{"taxonomy":"product_tag","embeddable":true,"href":"https:\/\/aavesa.com\/hu\/wp-json\/wp\/v2\/product_tag?post=97975"}],"curies":[{"name":"wp","href":"https:\/\/api.w.org\/{rel}","templated":true}]}}