

{"id":97976,"date":"2025-09-27T15:39:12","date_gmt":"2025-09-27T15:39:12","guid":{"rendered":"https:\/\/aavesa.com\/product\/termeszetes-bor-melltarto-662\/"},"modified":"2025-09-27T15:39:12","modified_gmt":"2025-09-27T15:39:12","slug":"termeszetes-bor-melltarto-662","status":"publish","type":"product","link":"https:\/\/aavesa.com\/hu\/product\/termeszetes-bor-melltarto-662\/","title":{"rendered":"Term\u00e9szetes b\u0151r melltart\u00f3 662"},"content":{"rendered":"<p data-start=\"77\" data-end=\"454\">Ez a term\u00e9szetes b\u0151r melltart\u00f3 egy mer\u00e9sz, modern \u00e9s rendk\u00edv\u00fcl sokoldal\u00fa darab, amelyet a v\u00e1rosi divatot \u00e9s az autentikus anyagok kifinomults\u00e1g\u00e1t kedvel\u0151 n\u0151k sz\u00e1m\u00e1ra k\u00e9sz\u00edtettek. K\u00e9t v\u00e1ltozatban kaphat\u00f3 &#8211; f\u00e9nyes fekete \u00e9s bord\u00f3, krokodilb\u0151r text\u00far\u00e1val -, a melltart\u00f3 egyenes szab\u00e1s\u00e1val t\u0171nik ki, h\u00e1tul cipz\u00e1rral z\u00e1r\u00f3dik, eleg\u00e1nsan kiemelve a nyakkiv\u00e1g\u00e1st \u00e9s a v\u00e1llakat. <\/p>\n<p data-start=\"456\" data-end=\"732\">T\u00f6k\u00e9letesen viselhet\u0151 mini b\u0151rszokny\u00e1kkal, magas derek\u00fa nadr\u00e1gokkal vagy t\u00falm\u00e9retezett bl\u00e9zerekkel, a melltart\u00f3 \u00e9rz\u00e9ki \u00e9s kifinomult hat\u00e1st k\u00f6lcs\u00f6n\u00f6z b\u00e1rmely esti vagy rendezv\u00e9nyi \u00f6lt\u00f6z\u00e9knek. A term\u00e9szetes b\u0151r min\u0151s\u00e9ge nemcsak f\u00e9ny\u0171z\u0151 megjelen\u00e9st, hanem kiv\u00e9teles tart\u00f3ss\u00e1got is garant\u00e1l. <\/p>\n<p>A term\u00e9k r\u00e9szletei<\/p>\n<ul>\n<li data-start=\"734\" data-end=\"1085\">Teljesen term\u00e9szetes b\u0151rb\u0151l k\u00e9sz\u00fclt<\/li>\n<li data-start=\"734\" data-end=\"1085\">K\u00e9t v\u00e1ltozatban kaphat\u00f3: f\u00e9nyes fekete \u00e9s bord\u00f3, kroko text\u00far\u00e1val.<\/li>\n<li data-start=\"734\" data-end=\"1085\">Egyenes, p\u00e1nt n\u00e9lk\u00fcli szab\u00e1s<\/li>\n<li data-start=\"734\" data-end=\"1085\">H\u00e1tul f\u00e9m cipz\u00e1rral z\u00e1rhat\u00f3<\/li>\n<li data-start=\"734\" data-end=\"1085\">P\u00e1ros\u00edthat\u00f3 az ugyanebb\u0151l a kollekci\u00f3b\u00f3l sz\u00e1rmaz\u00f3 miniszokny\u00e1val.<\/li>\n<li data-start=\"734\" data-end=\"1085\">Ide\u00e1lis rendezv\u00e9nyekhez, \u00e9jszakai sz\u00f3rakoz\u00e1shoz vagy k\u00fcl\u00f6nleges megjelen\u00e9sekhez.<\/li>\n<li data-start=\"734\" data-end=\"1085\">Modell\u00fcnk 175 cm magas \u00e9s 36-os m\u00e9retet visel.<\/li>\n<\/ul>\n","protected":false},"excerpt":{"rendered":"<p>Ez a term\u00e9szetes b\u0151r melltart\u00f3 egy mer\u00e9sz, modern \u00e9s rendk\u00edv\u00fcl sokoldal\u00fa darab, amelyet a v\u00e1rosi divatot \u00e9s az autentikus anyagok kifinomults\u00e1g\u00e1t kedvel\u0151 n\u0151k sz\u00e1m\u00e1ra k\u00e9sz\u00edtettek. K\u00e9t v\u00e1ltozatban kaphat\u00f3 &#8211; f\u00e9nyes fekete \u00e9s bord\u00f3, krokodilb\u0151r text\u00far\u00e1val -, a melltart\u00f3 egyenes szab\u00e1s\u00e1val t\u0171nik ki, h\u00e1tul cipz\u00e1rral z\u00e1r\u00f3dik, eleg\u00e1nsan kiemelve a nyakkiv\u00e1g\u00e1st \u00e9s a v\u00e1llakat. T\u00f6k\u00e9letesen viselhet\u0151 mini [&hellip;]<\/p>\n","protected":false},"featured_media":97554,"comment_status":"closed","ping_status":"closed","template":"","meta":{"_acf_changed":false,"om_disable_all_campaigns":false,"inline_featured_image":false,"_monsterinsights_skip_tracking":false,"_monsterinsights_sitenote_active":false,"_monsterinsights_sitenote_note":"","_monsterinsights_sitenote_category":0},"product_brand":[],"product_cat":[918,882,823,881,741,807,916],"product_tag":[],"class_list":{"0":"post-97976","1":"product","2":"type-product","3":"status-publish","4":"has-post-thumbnail","6":"product_cat-2025-2026-kollekcio-autentikus-elegancia-szormeben-es-termeszetes-borben","7":"product_cat-bor-nadragok-noknek","8":"product_cat-bor-ruhak-ferfiaknak","9":"product_cat-bor-szoknyak-noknek","10":"product_cat-nok","11":"product_cat-szorme-kiegeszitok","12":"product_cat-valodi-bor-termekek-tavaszra-es-oszre-kabatok-nadragok-kabatok-szoknyak-es-loveszkabatok-kabatok-nadragok-kabatok-szoknyak-es-loveszkabatok","14":"first","15":"instock","16":"taxable","17":"shipping-taxable","18":"purchasable","19":"product-type-variable","20":"has-default-attributes","21":"wvs-archive-product-wrapper"},"acf":{"categorie_feed":""},"aioseo_notices":[],"_links":{"self":[{"href":"https:\/\/aavesa.com\/hu\/wp-json\/wp\/v2\/product\/97976","targetHints":{"allow":["GET"]}}],"collection":[{"href":"https:\/\/aavesa.com\/hu\/wp-json\/wp\/v2\/product"}],"about":[{"href":"https:\/\/aavesa.com\/hu\/wp-json\/wp\/v2\/types\/product"}],"replies":[{"embeddable":true,"href":"https:\/\/aavesa.com\/hu\/wp-json\/wp\/v2\/comments?post=97976"}],"wp:featuredmedia":[{"embeddable":true,"href":"https:\/\/aavesa.com\/hu\/wp-json\/wp\/v2\/media\/97554"}],"wp:attachment":[{"href":"https:\/\/aavesa.com\/hu\/wp-json\/wp\/v2\/media?parent=97976"}],"wp:term":[{"taxonomy":"product_brand","embeddable":true,"href":"https:\/\/aavesa.com\/hu\/wp-json\/wp\/v2\/product_brand?post=97976"},{"taxonomy":"product_cat","embeddable":true,"href":"https:\/\/aavesa.com\/hu\/wp-json\/wp\/v2\/product_cat?post=97976"},{"taxonomy":"product_tag","embeddable":true,"href":"https:\/\/aavesa.com\/hu\/wp-json\/wp\/v2\/product_tag?post=97976"}],"curies":[{"name":"wp","href":"https:\/\/api.w.org\/{rel}","templated":true}]}}