

{"id":97986,"date":"2025-09-27T16:27:05","date_gmt":"2025-09-27T16:27:05","guid":{"rendered":"https:\/\/aavesa.com\/product\/baranyszorme-kabat-2116\/"},"modified":"2026-04-13T09:16:32","modified_gmt":"2026-04-13T11:16:32","slug":"baranyszorme-kabat-2116","status":"publish","type":"product","link":"https:\/\/aavesa.com\/hu\/product\/baranyszorme-kabat-2116\/","title":{"rendered":"B\u00e1r\u00e1nysz\u0151rme kab\u00e1t 2116"},"content":{"rendered":"<p data-start=\"68\" data-end=\"293\">Ez a term\u00e9szetes b\u00e1r\u00e1nysz\u0151rme bunda kifinomult \u00e9s id\u0151tlen v\u00e1laszt\u00e1s a t\u00e9li ruhat\u00e1rba. A legkiv\u00e1l\u00f3bb min\u0151s\u00e9g\u0171, hossz\u00fa sz\u0151r\u0171 b\u00e1r\u00e1nysz\u0151rm\u00e9b\u0151l k\u00e9sz\u00fclt kab\u00e1t \u00e9rint\u00e9sre luxus \u00e9rzetet ny\u00fajt, \u00e9s minden visel\u00e9skor figyelemre m\u00e9lt\u00f3 megjelen\u00e9st biztos\u00edt. <\/p>\n<p data-start=\"295\" data-end=\"557\">A sz\u00e9les gall\u00e9r \u00e9s a n\u0151ies szab\u00e1s kiemeli a darab eleganci\u00e1j\u00e1t, m\u00edg a k\u00f6zepes hossz\u00fas\u00e1g optim\u00e1lis v\u00e9delmet biztos\u00edt a hideg ellen. A sokoldal\u00fa kab\u00e1t ide\u00e1lis a nappali \u00e9s az esti \u00f6lt\u00f6z\u00e9khez egyar\u00e1nt, \u00edgy a hideg \u00e9vszak igazi st\u00edlusjegye. <\/p>\n<p>A term\u00e9k r\u00e9szletei<\/p>\n<ul>\n<li data-start=\"559\" data-end=\"831\">K\u00fcls\u0151 anyag: Term\u00e9szetes b\u00e1r\u00e1nysz\u0151rme<\/li>\n<li data-start=\"559\" data-end=\"831\">Sz\u00edn: Fekete<\/li>\n<li data-start=\"559\" data-end=\"831\">Sz\u00e9les, hossz\u00fa sz\u0151r\u0171 sz\u0151rm\u00e9s gall\u00e9r terjedelmes megjelen\u00e9ssel<\/li>\n<li data-start=\"559\" data-end=\"831\">El\u00fcls\u0151 z\u00e1r\u00f3d\u00e1s gombokkal<\/li>\n<li data-start=\"559\" data-end=\"831\">Egyenes, eleg\u00e1ns v\u00e1g\u00e1s<\/li>\n<li data-start=\"559\" data-end=\"831\">Nagyon meleg, ide\u00e1lis t\u00e9lre<\/li>\n<li data-start=\"559\" data-end=\"831\">Hossz: 88 cm<\/li>\n<li data-start=\"559\" data-end=\"831\">Modell\u00fcnk 178 cm magas \u00e9s 36-os m\u00e9retet visel.<\/li>\n<\/ul>\n","protected":false},"excerpt":{"rendered":"<p>Ez a term\u00e9szetes b\u00e1r\u00e1nysz\u0151rme bunda kifinomult \u00e9s id\u0151tlen v\u00e1laszt\u00e1s a t\u00e9li ruhat\u00e1rba. A legkiv\u00e1l\u00f3bb min\u0151s\u00e9g\u0171, hossz\u00fa sz\u0151r\u0171 b\u00e1r\u00e1nysz\u0151rm\u00e9b\u0151l k\u00e9sz\u00fclt kab\u00e1t \u00e9rint\u00e9sre luxus \u00e9rzetet ny\u00fajt, \u00e9s minden visel\u00e9skor figyelemre m\u00e9lt\u00f3 megjelen\u00e9st biztos\u00edt. A sz\u00e9les gall\u00e9r \u00e9s a n\u0151ies szab\u00e1s kiemeli a darab eleganci\u00e1j\u00e1t, m\u00edg a k\u00f6zepes hossz\u00fas\u00e1g optim\u00e1lis v\u00e9delmet biztos\u00edt a hideg ellen. A sokoldal\u00fa kab\u00e1t [&hellip;]<\/p>\n","protected":false},"featured_media":97590,"comment_status":"closed","ping_status":"closed","template":"","meta":{"_acf_changed":false,"om_disable_all_campaigns":false,"inline_featured_image":false,"_monsterinsights_skip_tracking":false,"_monsterinsights_sitenote_active":false,"_monsterinsights_sitenote_note":"","_monsterinsights_sitenote_category":0},"product_brand":[],"product_cat":[918,784,778,779,741],"product_tag":[],"class_list":{"0":"post-97986","1":"product","2":"type-product","3":"status-publish","4":"has-post-thumbnail","6":"product_cat-2025-2026-kollekcio-autentikus-elegancia-szormeben-es-termeszetes-borben","7":"product_cat-baranybor","8":"product_cat-baranybor-kabatok-hu","9":"product_cat-noi-shearling-kabatok","10":"product_cat-nok","12":"first","13":"instock","14":"taxable","15":"shipping-taxable","16":"purchasable","17":"product-type-variable","18":"has-default-attributes","19":"wvs-archive-product-wrapper"},"acf":{"categorie_feed":""},"aioseo_notices":[],"_links":{"self":[{"href":"https:\/\/aavesa.com\/hu\/wp-json\/wp\/v2\/product\/97986","targetHints":{"allow":["GET"]}}],"collection":[{"href":"https:\/\/aavesa.com\/hu\/wp-json\/wp\/v2\/product"}],"about":[{"href":"https:\/\/aavesa.com\/hu\/wp-json\/wp\/v2\/types\/product"}],"replies":[{"embeddable":true,"href":"https:\/\/aavesa.com\/hu\/wp-json\/wp\/v2\/comments?post=97986"}],"wp:featuredmedia":[{"embeddable":true,"href":"https:\/\/aavesa.com\/hu\/wp-json\/wp\/v2\/media\/97590"}],"wp:attachment":[{"href":"https:\/\/aavesa.com\/hu\/wp-json\/wp\/v2\/media?parent=97986"}],"wp:term":[{"taxonomy":"product_brand","embeddable":true,"href":"https:\/\/aavesa.com\/hu\/wp-json\/wp\/v2\/product_brand?post=97986"},{"taxonomy":"product_cat","embeddable":true,"href":"https:\/\/aavesa.com\/hu\/wp-json\/wp\/v2\/product_cat?post=97986"},{"taxonomy":"product_tag","embeddable":true,"href":"https:\/\/aavesa.com\/hu\/wp-json\/wp\/v2\/product_tag?post=97986"}],"curies":[{"name":"wp","href":"https:\/\/api.w.org\/{rel}","templated":true}]}}