

{"id":97988,"date":"2025-09-27T15:08:59","date_gmt":"2025-09-27T15:08:59","guid":{"rendered":"https:\/\/aavesa.com\/product\/megfordithato-szovetkabat-shearlinggel-3409\/"},"modified":"2025-09-27T15:08:59","modified_gmt":"2025-09-27T15:08:59","slug":"megfordithato-szovetkabat-shearlinggel-3409","status":"publish","type":"product","link":"https:\/\/aavesa.com\/hu\/product\/megfordithato-szovetkabat-shearlinggel-3409\/","title":{"rendered":"Megford\u00edthat\u00f3 sz\u00f6vetkab\u00e1t shearlinggel 3409"},"content":{"rendered":"<p data-start=\"70\" data-end=\"593\">V\u00e1lassza a sokoldal\u00fas\u00e1got \u00e9s az eleganci\u00e1t egyetlen darabban ezzel a sz\u00f6vetb\u0151l \u00e9s term\u00e9szetes shearlingb\u0151l k\u00e9sz\u00fclt, megford\u00edthat\u00f3 kab\u00e1ttal, amelyet kifejezetten a modern f\u00e9rfi sz\u00e1m\u00e1ra k\u00e9sz\u00edtettek, aki a hideg \u00e9vszakban egyszerre v\u00e1gyik h\u0151komfortra \u00e9s kifog\u00e1stalan st\u00edlusra. Kett\u0151s kialak\u00edt\u00e1sa lehet\u0151v\u00e9 teszi, hogy a sz\u00f6vet oldal\u00e1n viselje a praktikus v\u00e1rosi megjelen\u00e9s\u00e9rt, vagy a shearling oldal\u00e1n a kifinomult, f\u00e9ny\u0171z\u0151 megjelen\u00e9s\u00e9rt. A magas gall\u00e9r, a funkcion\u00e1lis zsebek \u00e9s a b\u0151r r\u00e9szletek kifinomults\u00e1got \u00e9s tart\u00f3ss\u00e1got k\u00f6lcs\u00f6n\u00f6znek. Nagyon meleg darab, ide\u00e1lis a zord t\u00e9lre.   <\/p>\n<p>A term\u00e9k r\u00e9szletei<\/p>\n<ul>\n<li data-start=\"595\" data-end=\"961\">K\u00fcls\u0151 anyag: Term\u00e9szetes birkap\u00e1rn\u00e1val.<\/li>\n<li data-start=\"595\" data-end=\"961\">Magas, k\u00e9nyelmes gall\u00e9r<\/li>\n<li data-start=\"595\" data-end=\"961\">El\u00fcls\u0151 gombos z\u00e1r\u00f3d\u00e1s<\/li>\n<li data-start=\"595\" data-end=\"961\">Term\u00e9szetes b\u0151r r\u00e9szletek a v\u00e1llakon \u00e9s a zsebeken<\/li>\n<li data-start=\"595\" data-end=\"961\">K\u00e9t oldals\u00f3 zseb<\/li>\n<li data-start=\"595\" data-end=\"961\">Megford\u00edthat\u00f3 kialak\u00edt\u00e1s &#8211; mindk\u00e9t oldalon hordhat\u00f3<\/li>\n<li data-start=\"595\" data-end=\"961\">Nagyon meleg, ide\u00e1lis a hideg \u00e9vszakban<\/li>\n<li data-start=\"595\" data-end=\"961\">Sz\u00edn: Fekete<\/li>\n<li data-start=\"595\" data-end=\"961\">Hossz: 83 cm<\/li>\n<li data-start=\"595\" data-end=\"961\">Modell\u00fcnk 189 cm magas \u00e9s 50-es m\u00e9retet visel.<\/li>\n<\/ul>\n","protected":false},"excerpt":{"rendered":"<p>V\u00e1lassza a sokoldal\u00fas\u00e1got \u00e9s az eleganci\u00e1t egyetlen darabban ezzel a sz\u00f6vetb\u0151l \u00e9s term\u00e9szetes shearlingb\u0151l k\u00e9sz\u00fclt, megford\u00edthat\u00f3 kab\u00e1ttal, amelyet kifejezetten a modern f\u00e9rfi sz\u00e1m\u00e1ra k\u00e9sz\u00edtettek, aki a hideg \u00e9vszakban egyszerre v\u00e1gyik h\u0151komfortra \u00e9s kifog\u00e1stalan st\u00edlusra. Kett\u0151s kialak\u00edt\u00e1sa lehet\u0151v\u00e9 teszi, hogy a sz\u00f6vet oldal\u00e1n viselje a praktikus v\u00e1rosi megjelen\u00e9s\u00e9rt, vagy a shearling oldal\u00e1n a kifinomult, f\u00e9ny\u0171z\u0151 megjelen\u00e9s\u00e9rt. [&hellip;]<\/p>\n","protected":false},"featured_media":97525,"comment_status":"closed","ping_status":"closed","template":"","meta":{"_acf_changed":false,"om_disable_all_campaigns":false,"inline_featured_image":false,"_monsterinsights_skip_tracking":false,"_monsterinsights_sitenote_active":false,"_monsterinsights_sitenote_note":"","_monsterinsights_sitenote_category":0},"product_brand":[],"product_cat":[918,725,923,777],"product_tag":[],"class_list":{"0":"post-97988","1":"product","2":"type-product","3":"status-publish","4":"has-post-thumbnail","6":"product_cat-2025-2026-kollekcio-autentikus-elegancia-szormeben-es-termeszetes-borben","7":"product_cat-ferfiak","8":"product_cat-nem-kategorizalt","9":"product_cat-shearling-kabatok-ferfiaknak-ferfiak","11":"first","12":"instock","13":"taxable","14":"shipping-taxable","15":"purchasable","16":"product-type-variable","17":"has-default-attributes","18":"wvs-archive-product-wrapper"},"acf":{"categorie_feed":""},"aioseo_notices":[],"_links":{"self":[{"href":"https:\/\/aavesa.com\/hu\/wp-json\/wp\/v2\/product\/97988","targetHints":{"allow":["GET"]}}],"collection":[{"href":"https:\/\/aavesa.com\/hu\/wp-json\/wp\/v2\/product"}],"about":[{"href":"https:\/\/aavesa.com\/hu\/wp-json\/wp\/v2\/types\/product"}],"replies":[{"embeddable":true,"href":"https:\/\/aavesa.com\/hu\/wp-json\/wp\/v2\/comments?post=97988"}],"wp:featuredmedia":[{"embeddable":true,"href":"https:\/\/aavesa.com\/hu\/wp-json\/wp\/v2\/media\/97525"}],"wp:attachment":[{"href":"https:\/\/aavesa.com\/hu\/wp-json\/wp\/v2\/media?parent=97988"}],"wp:term":[{"taxonomy":"product_brand","embeddable":true,"href":"https:\/\/aavesa.com\/hu\/wp-json\/wp\/v2\/product_brand?post=97988"},{"taxonomy":"product_cat","embeddable":true,"href":"https:\/\/aavesa.com\/hu\/wp-json\/wp\/v2\/product_cat?post=97988"},{"taxonomy":"product_tag","embeddable":true,"href":"https:\/\/aavesa.com\/hu\/wp-json\/wp\/v2\/product_tag?post=97988"}],"curies":[{"name":"wp","href":"https:\/\/api.w.org\/{rel}","templated":true}]}}