

{"id":97991,"date":"2025-09-27T14:35:12","date_gmt":"2025-09-27T14:35:12","guid":{"rendered":"https:\/\/aavesa.com\/product\/megfordithato-birkabunda-2118\/"},"modified":"2026-04-13T09:16:32","modified_gmt":"2026-04-13T11:16:32","slug":"megfordithato-birkabunda-2118","status":"publish","type":"product","link":"https:\/\/aavesa.com\/hu\/product\/megfordithato-birkabunda-2118\/","title":{"rendered":"Megford\u00edthat\u00f3 birkabunda 2118"},"content":{"rendered":"<p data-start=\"76\" data-end=\"456\">\u00c9lvezze a sokoldal\u00fa eleganci\u00e1t \u00e9s a t\u00f6k\u00e9letes k\u00e9nyelmet ebben a ford\u00edthat\u00f3, ny\u00edrbund\u00e1s kab\u00e1tban. A modern n\u0151 sz\u00e1m\u00e1ra tervezett hossz\u00fa kab\u00e1t, aki nem k\u00f6t kompromisszumot sem a st\u00edlus, sem a melegs\u00e9g ter\u00e9n, kifinomult diz\u00e1jnj\u00e1val \u00e9s kifog\u00e1stalan kivitelez\u00e9s\u00e9vel ny\u0171g\u00f6z le. A l\u00e1that\u00f3 sz\u0151rmeoldal f\u00e9ny\u0171z\u0151 megjelen\u00e9st \u00e9s b\u00e1rsonyos text\u00far\u00e1t, m\u00edg a megford\u00edthat\u00f3 b\u0151roldal eleg\u00e1ns \u00e9s diszkr\u00e9t alternat\u00edv\u00e1t k\u00edn\u00e1l.  <\/p>\n<p data-start=\"458\" data-end=\"725\">Ez a modell t\u00f6k\u00e9letesen \u00f6tv\u00f6zi a funkcionalit\u00e1st a luxusdivatot, \u00edgy ide\u00e1lis a hideg napokon, amikor a st\u00edlus fel\u00e1ldoz\u00e1sa n\u00e9lk\u00fcl keres h\u0151v\u00e9delmet. Ez a kab\u00e1t k\u00f6nnyen p\u00e1ros\u00edthat\u00f3 eleg\u00e1ns \u00e9s alkalmi ruh\u00e1kkal egyar\u00e1nt, \u00edgy id\u0151t\u00e1ll\u00f3 befektet\u00e9s a t\u00e9li ruhat\u00e1r\u00e1ban. <\/p>\n<p>A term\u00e9k r\u00e9szletei<\/p>\n<ul>\n<li data-start=\"727\" data-end=\"1009\">Megford\u00edthat\u00f3: mindk\u00e9t oldalon hordhat\u00f3<\/li>\n<li data-start=\"727\" data-end=\"1009\">Kend\u0151gall\u00e9r<\/li>\n<li data-start=\"727\" data-end=\"1009\">El\u00fcls\u0151 z\u00e1r\u00f3d\u00e1s gombokkal<\/li>\n<li data-start=\"727\" data-end=\"1009\">Nagyvonal\u00fa oldalzsebek<\/li>\n<li data-start=\"727\" data-end=\"1009\">Egyenes, eleg\u00e1ns v\u00e1g\u00e1s<\/li>\n<li data-start=\"727\" data-end=\"1009\">Nagyon meleg, ide\u00e1lis t\u00e9lre<\/li>\n<li data-start=\"727\" data-end=\"1009\">Kaphat\u00f3 sz\u00ednek: Fekete<\/li>\n<li data-start=\"727\" data-end=\"1009\">Hossz: 110 cm<\/li>\n<li data-start=\"727\" data-end=\"1009\">Modell\u00fcnk 178 cm magas \u00e9s 36-os m\u00e9retet visel.<\/li>\n<\/ul>\n","protected":false},"excerpt":{"rendered":"<p>\u00c9lvezze a sokoldal\u00fa eleganci\u00e1t \u00e9s a t\u00f6k\u00e9letes k\u00e9nyelmet ebben a ford\u00edthat\u00f3, ny\u00edrbund\u00e1s kab\u00e1tban. A modern n\u0151 sz\u00e1m\u00e1ra tervezett hossz\u00fa kab\u00e1t, aki nem k\u00f6t kompromisszumot sem a st\u00edlus, sem a melegs\u00e9g ter\u00e9n, kifinomult diz\u00e1jnj\u00e1val \u00e9s kifog\u00e1stalan kivitelez\u00e9s\u00e9vel ny\u0171g\u00f6z le. A l\u00e1that\u00f3 sz\u0151rmeoldal f\u00e9ny\u0171z\u0151 megjelen\u00e9st \u00e9s b\u00e1rsonyos text\u00far\u00e1t, m\u00edg a megford\u00edthat\u00f3 b\u0151roldal eleg\u00e1ns \u00e9s diszkr\u00e9t alternat\u00edv\u00e1t k\u00edn\u00e1l. [&hellip;]<\/p>\n","protected":false},"featured_media":97514,"comment_status":"closed","ping_status":"closed","template":"","meta":{"_acf_changed":false,"om_disable_all_campaigns":false,"inline_featured_image":false,"_monsterinsights_skip_tracking":false,"_monsterinsights_sitenote_active":false,"_monsterinsights_sitenote_note":"","_monsterinsights_sitenote_category":0},"product_brand":[],"product_cat":[918,784,778,779,741],"product_tag":[],"class_list":{"0":"post-97991","1":"product","2":"type-product","3":"status-publish","4":"has-post-thumbnail","6":"product_cat-2025-2026-kollekcio-autentikus-elegancia-szormeben-es-termeszetes-borben","7":"product_cat-baranybor","8":"product_cat-baranybor-kabatok-hu","9":"product_cat-noi-shearling-kabatok","10":"product_cat-nok","12":"first","13":"instock","14":"taxable","15":"shipping-taxable","16":"purchasable","17":"product-type-variable","18":"has-default-attributes","19":"wvs-archive-product-wrapper"},"acf":{"categorie_feed":""},"aioseo_notices":[],"_links":{"self":[{"href":"https:\/\/aavesa.com\/hu\/wp-json\/wp\/v2\/product\/97991","targetHints":{"allow":["GET"]}}],"collection":[{"href":"https:\/\/aavesa.com\/hu\/wp-json\/wp\/v2\/product"}],"about":[{"href":"https:\/\/aavesa.com\/hu\/wp-json\/wp\/v2\/types\/product"}],"replies":[{"embeddable":true,"href":"https:\/\/aavesa.com\/hu\/wp-json\/wp\/v2\/comments?post=97991"}],"wp:featuredmedia":[{"embeddable":true,"href":"https:\/\/aavesa.com\/hu\/wp-json\/wp\/v2\/media\/97514"}],"wp:attachment":[{"href":"https:\/\/aavesa.com\/hu\/wp-json\/wp\/v2\/media?parent=97991"}],"wp:term":[{"taxonomy":"product_brand","embeddable":true,"href":"https:\/\/aavesa.com\/hu\/wp-json\/wp\/v2\/product_brand?post=97991"},{"taxonomy":"product_cat","embeddable":true,"href":"https:\/\/aavesa.com\/hu\/wp-json\/wp\/v2\/product_cat?post=97991"},{"taxonomy":"product_tag","embeddable":true,"href":"https:\/\/aavesa.com\/hu\/wp-json\/wp\/v2\/product_tag?post=97991"}],"curies":[{"name":"wp","href":"https:\/\/api.w.org\/{rel}","templated":true}]}}