

{"id":97999,"date":"2025-09-27T05:54:46","date_gmt":"2025-09-27T05:54:46","guid":{"rendered":"https:\/\/aavesa.com\/product\/szarvasbor-kabat-szormebelessel-3406\/"},"modified":"2026-04-10T15:08:07","modified_gmt":"2026-04-10T17:08:07","slug":"szarvasbor-kabat-szormebelessel-3406","status":"publish","type":"product","link":"https:\/\/aavesa.com\/hu\/product\/szarvasbor-kabat-szormebelessel-3406\/","title":{"rendered":"Szarvasb\u0151r kab\u00e1t sz\u0151rmeb\u00e9l\u00e9ssel 3406"},"content":{"rendered":"<article class=\"text-token-text-primary w-full focus:outline-none scroll-mt-[calc(var(--header-height)+min(200px,max(70px,20svh)))]\" dir=\"auto\" tabindex=\"-1\" data-turn-id=\"request-68b30622-9990-8331-9523-f5542ece4df2-16\" data-testid=\"conversation-turn-215\" data-scroll-anchor=\"true\" data-turn=\"assistant\">\n<div class=\"text-base my-auto mx-auto pb-10 [--thread-content-margin:--spacing(4)] thread-sm:[--thread-content-margin:--spacing(6)] thread-lg:[--thread-content-margin:--spacing(16)] px-(--thread-content-margin)\">\n<div class=\"[--thread-content-max-width:40rem] thread-lg:[--thread-content-max-width:48rem] mx-auto max-w-(--thread-content-max-width) flex-1 group\/turn-messages focus-visible:outline-hidden relative flex w-full min-w-0 flex-col agent-turn\" tabindex=\"-1\">\n<div class=\"flex max-w-full flex-col grow\">\n<div class=\"min-h-8 text-message relative flex w-full flex-col items-end gap-2 text-start break-words whitespace-normal [.text-message+&amp;]:mt-5\" dir=\"auto\" data-message-author-role=\"assistant\" data-message-id=\"378b87b0-f546-43e7-8d0c-ba755497d9fa\" data-message-model-slug=\"gpt-5\">\n<div class=\"flex w-full flex-col gap-1 empty:hidden first:pt-[3px]\">\n<div class=\"markdown prose dark:prose-invert w-full break-words light markdown-new-styling\">\n<p data-start=\"70\" data-end=\"351\">F\u00e9rfi vel\u00far b\u0151rdzseki, kifinomult \u00e9s praktikus modell, ide\u00e1lis a hideg \u00e9vszakra. Belseje term\u00e9szetes sz\u0151rm\u00e9vel van b\u00e9lelve a mellkas \u00e9s a h\u00e1tr\u00e9szen, m\u00edg az ujjak textilanyaggal vannak b\u00e9lelve, optim\u00e1lis h\u0151komfortot biztos\u00edtva a mozg\u00e1sszabads\u00e1g vesz\u00e9lyeztet\u00e9se n\u00e9lk\u00fcl. <\/p>\n<p data-start=\"353\" data-end=\"611\">A diz\u00e1jnt el\u00f6l cipz\u00e1ras z\u00e1r\u00f3d\u00e1ssal, k\u00e9t m\u00e1gneses z\u00e1r\u00f3d\u00e1s\u00fa oldalzsebbel, valamint a mandzsett\u00e1n \u00e9s a szeg\u00e9lyen term\u00e9szetes b\u0151rb\u0151l k\u00e9sz\u00fclt rugalmas anyaggal eg\u00e9sz\u00edtik ki a t\u00f6k\u00e9letes illeszked\u00e9s \u00e9rdek\u00e9ben. Minden olyan f\u00e9rfi ruhat\u00e1r\u00e1nak elengedhetetlen darabja, aki \u00e9rt\u00e9keli a diszkr\u00e9t eleganci\u00e1t \u00e9s a pr\u00e9mium min\u0151s\u00e9get. <\/p>\n<p>A term\u00e9k r\u00e9szletei<\/p>\n<ul>\n<li data-start=\"613\" data-end=\"962\">Kiv\u00e1l\u00f3 min\u0151s\u00e9g\u0171 vel\u00far b\u0151r<\/li>\n<li data-start=\"613\" data-end=\"962\">B\u00e9lelt bels\u0151: term\u00e9szetes sz\u0151rme (mellkas \u00e9s h\u00e1t) + textilanyag (ujjak)<\/li>\n<li data-start=\"613\" data-end=\"962\">El\u00fcls\u0151 cipz\u00e1ras z\u00e1r\u00f3d\u00e1s<\/li>\n<li data-start=\"613\" data-end=\"962\">2 oldals\u00f3 zseb m\u00e1gneses r\u00f6gz\u00edt\u00e9ssel<\/li>\n<li data-start=\"613\" data-end=\"962\">Term\u00e9szetes b\u0151r elasztikus mandzsetta \u00e9s szeg\u00e9ly<\/li>\n<li data-start=\"613\" data-end=\"962\">Modern design, alkalmi \u00e9s eleg\u00e1ns ruh\u00e1khoz egyar\u00e1nt alkalmas<\/li>\n<li data-start=\"613\" data-end=\"962\">Hossz: 66 cm<\/li>\n<li data-start=\"613\" data-end=\"962\">Modell\u00fcnk 185 cm magas \u00e9s 50-es m\u00e9retet visel.<\/li>\n<\/ul>\n<\/div>\n<\/div>\n<\/div>\n<\/div>\n<div class=\"z-0 flex min-h-[46px] justify-start\"><\/div>\n<div class=\"mt-3 w-full empty:hidden\">\n<div class=\"text-center\"><\/div>\n<\/div>\n<\/div>\n<\/div>\n<\/article>\n<div class=\"pointer-events-none h-px w-px\" aria-hidden=\"true\" data-edge=\"true\"><\/div>\n","protected":false},"excerpt":{"rendered":"<p>F\u00e9rfi vel\u00far b\u0151rdzseki, kifinomult \u00e9s praktikus modell, ide\u00e1lis a hideg \u00e9vszakra. Belseje term\u00e9szetes sz\u0151rm\u00e9vel van b\u00e9lelve a mellkas \u00e9s a h\u00e1tr\u00e9szen, m\u00edg az ujjak textilanyaggal vannak b\u00e9lelve, optim\u00e1lis h\u0151komfortot biztos\u00edtva a mozg\u00e1sszabads\u00e1g vesz\u00e9lyeztet\u00e9se n\u00e9lk\u00fcl. A diz\u00e1jnt el\u00f6l cipz\u00e1ras z\u00e1r\u00f3d\u00e1ssal, k\u00e9t m\u00e1gneses z\u00e1r\u00f3d\u00e1s\u00fa oldalzsebbel, valamint a mandzsett\u00e1n \u00e9s a szeg\u00e9lyen term\u00e9szetes b\u0151rb\u0151l k\u00e9sz\u00fclt rugalmas anyaggal eg\u00e9sz\u00edtik [&hellip;]<\/p>\n","protected":false},"featured_media":97449,"comment_status":"closed","ping_status":"closed","template":"","meta":{"_acf_changed":false,"om_disable_all_campaigns":false,"inline_featured_image":false,"_monsterinsights_skip_tracking":false,"_monsterinsights_sitenote_active":false,"_monsterinsights_sitenote_note":"","_monsterinsights_sitenote_category":0},"product_brand":[],"product_cat":[918,952,725,772],"product_tag":[],"class_list":{"0":"post-97999","1":"product","2":"type-product","3":"status-publish","4":"has-post-thumbnail","6":"product_cat-2025-2026-kollekcio-autentikus-elegancia-szormeben-es-termeszetes-borben","7":"product_cat-ferfi-es-noi-pehelypaplan-dzsekik-a-luxus-es-a-melegseg-vegso-kevereke","8":"product_cat-ferfiak","9":"product_cat-shearling-kabatok-ferfiaknak","11":"first","12":"instock","13":"taxable","14":"shipping-taxable","15":"purchasable","16":"product-type-variable","17":"has-default-attributes","18":"wvs-archive-product-wrapper"},"acf":{"categorie_feed":""},"aioseo_notices":[],"_links":{"self":[{"href":"https:\/\/aavesa.com\/hu\/wp-json\/wp\/v2\/product\/97999","targetHints":{"allow":["GET"]}}],"collection":[{"href":"https:\/\/aavesa.com\/hu\/wp-json\/wp\/v2\/product"}],"about":[{"href":"https:\/\/aavesa.com\/hu\/wp-json\/wp\/v2\/types\/product"}],"replies":[{"embeddable":true,"href":"https:\/\/aavesa.com\/hu\/wp-json\/wp\/v2\/comments?post=97999"}],"wp:featuredmedia":[{"embeddable":true,"href":"https:\/\/aavesa.com\/hu\/wp-json\/wp\/v2\/media\/97449"}],"wp:attachment":[{"href":"https:\/\/aavesa.com\/hu\/wp-json\/wp\/v2\/media?parent=97999"}],"wp:term":[{"taxonomy":"product_brand","embeddable":true,"href":"https:\/\/aavesa.com\/hu\/wp-json\/wp\/v2\/product_brand?post=97999"},{"taxonomy":"product_cat","embeddable":true,"href":"https:\/\/aavesa.com\/hu\/wp-json\/wp\/v2\/product_cat?post=97999"},{"taxonomy":"product_tag","embeddable":true,"href":"https:\/\/aavesa.com\/hu\/wp-json\/wp\/v2\/product_tag?post=97999"}],"curies":[{"name":"wp","href":"https:\/\/api.w.org\/{rel}","templated":true}]}}