

{"id":98008,"date":"2025-09-27T13:49:11","date_gmt":"2025-09-27T13:49:11","guid":{"rendered":"https:\/\/aavesa.com\/product\/rovid-juhaszkabat-2108\/"},"modified":"2026-04-10T15:02:23","modified_gmt":"2026-04-10T17:02:23","slug":"rovid-juhaszkabat-2108","status":"publish","type":"product","link":"https:\/\/aavesa.com\/hu\/product\/rovid-juhaszkabat-2108\/","title":{"rendered":"R\u00f6vid juh\u00e1szkab\u00e1t 2108"},"content":{"rendered":"<p data-start=\"68\" data-end=\"369\">Eleg\u00e1ns, meleg \u00e9s k\u00f6nnyen \u00f6sszeilleszthet\u0151, ez a r\u00f6vid n\u0151i kab\u00e1t term\u00e9szetes shearlingb\u00f3l k\u00e9sz\u00fclt, puha bels\u0151 text\u00far\u00e1val, amely kiv\u00e1l\u00f3 h\u0151komfortot biztos\u00edt a hideg \u00e9vszakban. A r\u00f6vid szab\u00e1s \u00e9s a rendelkez\u00e9sre \u00e1ll\u00f3 sz\u00ednek, a b\u00e9zs \u00e9s a fekete, kifinomult \u00e9s modern megjelen\u00e9st k\u00f6lcs\u00f6n\u00f6znek neki, amely t\u00f6k\u00e9letes alkalmi vagy kifinomult st\u00edlushoz. <\/p>\n<p data-start=\"371\" data-end=\"509\">A modell gall\u00e9rral, el\u00fcls\u0151 gombos z\u00e1r\u00f3d\u00e1ssal \u00e9s k\u00e9t praktikus oldalzsebbel rendelkezik, \u00edgy inspir\u00e1l\u00f3 v\u00e1laszt\u00e1s b\u00e1rmely t\u00e9li ruhat\u00e1rba.<\/p>\n<p>A term\u00e9k r\u00e9szletei<\/p>\n<ul>\n<li data-start=\"511\" data-end=\"780\">Term\u00e9szetes bunda meleg bels\u0151vel<\/li>\n<li data-start=\"511\" data-end=\"780\">Puha, eleg\u00e1ns gall\u00e9r<\/li>\n<li data-start=\"511\" data-end=\"780\">El\u00fcls\u0151 gombos z\u00e1r\u00f3d\u00e1s<\/li>\n<li data-start=\"511\" data-end=\"780\">K\u00e9t oldals\u00f3 zseb<\/li>\n<li data-start=\"511\" data-end=\"780\">R\u00f6vid, modern v\u00e1g\u00e1s<\/li>\n<li data-start=\"511\" data-end=\"780\">Sz\u00ednek: Fekete \u00e9s vil\u00e1gos kr\u00e9m<\/li>\n<li data-start=\"511\" data-end=\"780\">K\u00e9nyelmes kialak\u00edt\u00e1s, ide\u00e1lis a hideg napokon<\/li>\n<li data-start=\"511\" data-end=\"780\">Hossz: 50 cm<\/li>\n<li data-start=\"511\" data-end=\"780\">Modell\u00fcnk 175 cm magas \u00e9s 36-os m\u00e9retet visel.<\/li>\n<\/ul>\n","protected":false},"excerpt":{"rendered":"<p>Eleg\u00e1ns, meleg \u00e9s k\u00f6nnyen \u00f6sszeilleszthet\u0151, ez a r\u00f6vid n\u0151i kab\u00e1t term\u00e9szetes shearlingb\u00f3l k\u00e9sz\u00fclt, puha bels\u0151 text\u00far\u00e1val, amely kiv\u00e1l\u00f3 h\u0151komfortot biztos\u00edt a hideg \u00e9vszakban. A r\u00f6vid szab\u00e1s \u00e9s a rendelkez\u00e9sre \u00e1ll\u00f3 sz\u00ednek, a b\u00e9zs \u00e9s a fekete, kifinomult \u00e9s modern megjelen\u00e9st k\u00f6lcs\u00f6n\u00f6znek neki, amely t\u00f6k\u00e9letes alkalmi vagy kifinomult st\u00edlushoz. A modell gall\u00e9rral, el\u00fcls\u0151 gombos z\u00e1r\u00f3d\u00e1ssal \u00e9s [&hellip;]<\/p>\n","protected":false},"featured_media":97481,"comment_status":"closed","ping_status":"closed","template":"","meta":{"_acf_changed":false,"om_disable_all_campaigns":false,"inline_featured_image":false,"_monsterinsights_skip_tracking":false,"_monsterinsights_sitenote_active":false,"_monsterinsights_sitenote_note":"","_monsterinsights_sitenote_category":0},"product_brand":[],"product_cat":[918,952,773,741],"product_tag":[],"class_list":{"0":"post-98008","1":"product","2":"type-product","3":"status-publish","4":"has-post-thumbnail","6":"product_cat-2025-2026-kollekcio-autentikus-elegancia-szormeben-es-termeszetes-borben","7":"product_cat-ferfi-es-noi-pehelypaplan-dzsekik-a-luxus-es-a-melegseg-vegso-kevereke","8":"product_cat-noi-shearling-dzsekik","9":"product_cat-nok","11":"first","12":"instock","13":"taxable","14":"shipping-taxable","15":"purchasable","16":"product-type-variable","17":"has-default-attributes","18":"wvs-archive-product-wrapper"},"acf":{"categorie_feed":""},"aioseo_notices":[],"_links":{"self":[{"href":"https:\/\/aavesa.com\/hu\/wp-json\/wp\/v2\/product\/98008","targetHints":{"allow":["GET"]}}],"collection":[{"href":"https:\/\/aavesa.com\/hu\/wp-json\/wp\/v2\/product"}],"about":[{"href":"https:\/\/aavesa.com\/hu\/wp-json\/wp\/v2\/types\/product"}],"replies":[{"embeddable":true,"href":"https:\/\/aavesa.com\/hu\/wp-json\/wp\/v2\/comments?post=98008"}],"wp:featuredmedia":[{"embeddable":true,"href":"https:\/\/aavesa.com\/hu\/wp-json\/wp\/v2\/media\/97481"}],"wp:attachment":[{"href":"https:\/\/aavesa.com\/hu\/wp-json\/wp\/v2\/media?parent=98008"}],"wp:term":[{"taxonomy":"product_brand","embeddable":true,"href":"https:\/\/aavesa.com\/hu\/wp-json\/wp\/v2\/product_brand?post=98008"},{"taxonomy":"product_cat","embeddable":true,"href":"https:\/\/aavesa.com\/hu\/wp-json\/wp\/v2\/product_cat?post=98008"},{"taxonomy":"product_tag","embeddable":true,"href":"https:\/\/aavesa.com\/hu\/wp-json\/wp\/v2\/product_tag?post=98008"}],"curies":[{"name":"wp","href":"https:\/\/api.w.org\/{rel}","templated":true}]}}