

{"id":98011,"date":"2025-09-26T15:48:04","date_gmt":"2025-09-26T15:48:04","guid":{"rendered":"https:\/\/aavesa.com\/product\/baranybunda-kabat-2115\/"},"modified":"2026-04-10T15:02:19","modified_gmt":"2026-04-10T17:02:19","slug":"baranybunda-kabat-2115","status":"publish","type":"product","link":"https:\/\/aavesa.com\/hu\/product\/baranybunda-kabat-2115\/","title":{"rendered":"B\u00e1r\u00e1nybunda kab\u00e1t 2115"},"content":{"rendered":"<p data-start=\"68\" data-end=\"382\">Ez a klasszikus \u00e9s kifinomult kialak\u00edt\u00e1s\u00fa, term\u00e9szetes b\u00e1r\u00e1nysz\u0151rme kab\u00e1t t\u00f6k\u00e9letes v\u00e1laszt\u00e1s azoknak a n\u0151knek, akik egy luxus, m\u00e9gis sokoldal\u00fa darabra v\u00e1gynak t\u00e9li ruhat\u00e1rukban. A term\u00e9szetes sz\u0151rme puha \u00e9s gazdag text\u00far\u00e1ja extra eleganci\u00e1t k\u00f6lcs\u00f6n\u00f6z, m\u00edg a laza szab\u00e1s \u00e9s a sz\u00e9les gall\u00e9r minden megjelen\u00e9s\u00fcnkh\u00f6z volument \u00e9s st\u00edlust k\u00f6lcs\u00f6n\u00f6z. <\/p>\n<p data-start=\"384\" data-end=\"562\">A kiv\u00e9telesen meleg \u00e9s kellemes tapint\u00e1s\u00fa kab\u00e1t t\u00f6k\u00e9letesen passzol mind az alkalmi, mind az eleg\u00e1ns \u00f6lt\u00f6z\u00e9khez, \u00e9s minden kombin\u00e1ci\u00f3hoz egy csipetnyi n\u0151iess\u00e9get \u00e9s kifinomults\u00e1got k\u00f6lcs\u00f6n\u00f6z.<\/p>\n<p>A term\u00e9k r\u00e9szletei<\/p>\n<ul>\n<li>K\u00fcls\u0151 anyag: Term\u00e9szetes b\u00e1r\u00e1nysz\u0151rme<\/li>\n<li>Sz\u00edn: barna<\/li>\n<li>Sz\u00e9les, puha \u00e9s terjedelmes gall\u00e9r<\/li>\n<li>El\u00fcls\u0151 z\u00e1r\u00f3d\u00e1s gombokkal<\/li>\n<li>Egyenes, enyh\u00e9n laza szab\u00e1s<\/li>\n<li>Nagyon meleg, ide\u00e1lis a hideg \u00e9vszakban<\/li>\n<li>Hossz: 67 cm<\/li>\n<li>Modell\u00fcnk 175 cm magas \u00e9s 36-os m\u00e9retet visel.<\/li>\n<\/ul>\n","protected":false},"excerpt":{"rendered":"<p>Ez a klasszikus \u00e9s kifinomult kialak\u00edt\u00e1s\u00fa, term\u00e9szetes b\u00e1r\u00e1nysz\u0151rme kab\u00e1t t\u00f6k\u00e9letes v\u00e1laszt\u00e1s azoknak a n\u0151knek, akik egy luxus, m\u00e9gis sokoldal\u00fa darabra v\u00e1gynak t\u00e9li ruhat\u00e1rukban. A term\u00e9szetes sz\u0151rme puha \u00e9s gazdag text\u00far\u00e1ja extra eleganci\u00e1t k\u00f6lcs\u00f6n\u00f6z, m\u00edg a laza szab\u00e1s \u00e9s a sz\u00e9les gall\u00e9r minden megjelen\u00e9s\u00fcnkh\u00f6z volument \u00e9s st\u00edlust k\u00f6lcs\u00f6n\u00f6z. A kiv\u00e9telesen meleg \u00e9s kellemes tapint\u00e1s\u00fa kab\u00e1t t\u00f6k\u00e9letesen [&hellip;]<\/p>\n","protected":false},"featured_media":97424,"comment_status":"closed","ping_status":"closed","template":"","meta":{"_acf_changed":false,"om_disable_all_campaigns":false,"inline_featured_image":false,"_monsterinsights_skip_tracking":false,"_monsterinsights_sitenote_active":false,"_monsterinsights_sitenote_note":"","_monsterinsights_sitenote_category":0},"product_brand":[],"product_cat":[918,784,766,952,773,741],"product_tag":[],"class_list":{"0":"post-98011","1":"product","2":"type-product","3":"status-publish","4":"has-post-thumbnail","6":"product_cat-2025-2026-kollekcio-autentikus-elegancia-szormeben-es-termeszetes-borben","7":"product_cat-baranybor","8":"product_cat-bundas-kabatok-es-bundas-dzsekik-noknek","9":"product_cat-ferfi-es-noi-pehelypaplan-dzsekik-a-luxus-es-a-melegseg-vegso-kevereke","10":"product_cat-noi-shearling-dzsekik","11":"product_cat-nok","13":"first","14":"instock","15":"taxable","16":"shipping-taxable","17":"purchasable","18":"product-type-variable","19":"has-default-attributes","20":"wvs-archive-product-wrapper"},"acf":{"categorie_feed":""},"aioseo_notices":[],"_links":{"self":[{"href":"https:\/\/aavesa.com\/hu\/wp-json\/wp\/v2\/product\/98011","targetHints":{"allow":["GET"]}}],"collection":[{"href":"https:\/\/aavesa.com\/hu\/wp-json\/wp\/v2\/product"}],"about":[{"href":"https:\/\/aavesa.com\/hu\/wp-json\/wp\/v2\/types\/product"}],"replies":[{"embeddable":true,"href":"https:\/\/aavesa.com\/hu\/wp-json\/wp\/v2\/comments?post=98011"}],"wp:featuredmedia":[{"embeddable":true,"href":"https:\/\/aavesa.com\/hu\/wp-json\/wp\/v2\/media\/97424"}],"wp:attachment":[{"href":"https:\/\/aavesa.com\/hu\/wp-json\/wp\/v2\/media?parent=98011"}],"wp:term":[{"taxonomy":"product_brand","embeddable":true,"href":"https:\/\/aavesa.com\/hu\/wp-json\/wp\/v2\/product_brand?post=98011"},{"taxonomy":"product_cat","embeddable":true,"href":"https:\/\/aavesa.com\/hu\/wp-json\/wp\/v2\/product_cat?post=98011"},{"taxonomy":"product_tag","embeddable":true,"href":"https:\/\/aavesa.com\/hu\/wp-json\/wp\/v2\/product_tag?post=98011"}],"curies":[{"name":"wp","href":"https:\/\/api.w.org\/{rel}","templated":true}]}}