

{"id":98015,"date":"2025-09-27T06:13:56","date_gmt":"2025-09-27T06:13:56","guid":{"rendered":"https:\/\/aavesa.com\/product\/juhaszkabat-3410\/"},"modified":"2025-09-27T06:13:56","modified_gmt":"2025-09-27T06:13:56","slug":"juhaszkabat-3410","status":"publish","type":"product","link":"https:\/\/aavesa.com\/hu\/product\/juhaszkabat-3410\/","title":{"rendered":"Juh\u00e1szkab\u00e1t 3410"},"content":{"rendered":"<p data-start=\"69\" data-end=\"479\">Fedezze fel a hideg \u00e9vszak kifinomults\u00e1g\u00e1t \u00e9s a v\u00e9gs\u0151 k\u00e9nyelmet ezzel a f\u00e9rfi ny\u00edrbund\u00e1s kab\u00e1ttal. Hossz\u00fa szab\u00e1ssal, dupla mell\u0171 gombokkal \u00e9s olyan f\u00e9rfias r\u00e9szletekkel, mint a hajt\u00f3k\u00e1s gall\u00e9r \u00e9s a d\u00edszes csatok az ujjakon, ez a kab\u00e1t egyszerre eleg\u00e1ns \u00e9s praktikus. A term\u00e9szetes shearlingbels\u0151 kiv\u00e9teles meleget biztos\u00edt, \u00edgy ide\u00e1lis a fagyos napokon, mik\u00f6zben kifinomult, modern megjelen\u00e9st biztos\u00edt.  <\/p>\n<p>A term\u00e9k r\u00e9szletei<\/p>\n<ul>\n<li data-start=\"481\" data-end=\"805\">K\u00fcls\u0151 anyag: B\u00e1r\u00e1nyb\u0151r<\/li>\n<li data-start=\"481\" data-end=\"805\">Klasszikus hajt\u00f3k\u00e1s gall\u00e9r<\/li>\n<li data-start=\"481\" data-end=\"805\">Dupla mell\u0171 gombos el\u00fcls\u0151 z\u00e1r\u00f3d\u00e1s<\/li>\n<li data-start=\"481\" data-end=\"805\">K\u00e9t oldals\u00f3 zseb<\/li>\n<li data-start=\"481\" data-end=\"805\">Hossz\u00fa kab\u00e1t v\u00e1g\u00e1s<\/li>\n<li data-start=\"481\" data-end=\"805\">H\u00fcvelyr\u00e9szek d\u00edszes csatokkal<\/li>\n<li data-start=\"481\" data-end=\"805\">Nagyon meleg, ide\u00e1lis t\u00e9lre<\/li>\n<li data-start=\"481\" data-end=\"805\">Sz\u00edn: S\u00f6t\u00e9t olajz\u00f6ld \u00e9s barna<\/li>\n<li data-start=\"481\" data-end=\"805\">Hossz: 89 cm<\/li>\n<li data-start=\"481\" data-end=\"805\">Modell\u00fcnk 185 cm magas \u00e9s 50-es m\u00e9retet visel.<\/li>\n<\/ul>\n","protected":false},"excerpt":{"rendered":"<p>Fedezze fel a hideg \u00e9vszak kifinomults\u00e1g\u00e1t \u00e9s a v\u00e9gs\u0151 k\u00e9nyelmet ezzel a f\u00e9rfi ny\u00edrbund\u00e1s kab\u00e1ttal. Hossz\u00fa szab\u00e1ssal, dupla mell\u0171 gombokkal \u00e9s olyan f\u00e9rfias r\u00e9szletekkel, mint a hajt\u00f3k\u00e1s gall\u00e9r \u00e9s a d\u00edszes csatok az ujjakon, ez a kab\u00e1t egyszerre eleg\u00e1ns \u00e9s praktikus. A term\u00e9szetes shearlingbels\u0151 kiv\u00e9teles meleget biztos\u00edt, \u00edgy ide\u00e1lis a fagyos napokon, mik\u00f6zben kifinomult, modern [&hellip;]<\/p>\n","protected":false},"featured_media":97465,"comment_status":"closed","ping_status":"closed","template":"","meta":{"_acf_changed":false,"om_disable_all_campaigns":false,"inline_featured_image":false,"_monsterinsights_skip_tracking":false,"_monsterinsights_sitenote_active":false,"_monsterinsights_sitenote_note":"","_monsterinsights_sitenote_category":0},"product_brand":[],"product_cat":[918,725,777],"product_tag":[],"class_list":{"0":"post-98015","1":"product","2":"type-product","3":"status-publish","4":"has-post-thumbnail","6":"product_cat-2025-2026-kollekcio-autentikus-elegancia-szormeben-es-termeszetes-borben","7":"product_cat-ferfiak","8":"product_cat-shearling-kabatok-ferfiaknak-ferfiak","10":"first","11":"instock","12":"taxable","13":"shipping-taxable","14":"purchasable","15":"product-type-variable","16":"has-default-attributes","17":"wvs-archive-product-wrapper"},"acf":{"categorie_feed":""},"aioseo_notices":[],"_links":{"self":[{"href":"https:\/\/aavesa.com\/hu\/wp-json\/wp\/v2\/product\/98015","targetHints":{"allow":["GET"]}}],"collection":[{"href":"https:\/\/aavesa.com\/hu\/wp-json\/wp\/v2\/product"}],"about":[{"href":"https:\/\/aavesa.com\/hu\/wp-json\/wp\/v2\/types\/product"}],"replies":[{"embeddable":true,"href":"https:\/\/aavesa.com\/hu\/wp-json\/wp\/v2\/comments?post=98015"}],"wp:featuredmedia":[{"embeddable":true,"href":"https:\/\/aavesa.com\/hu\/wp-json\/wp\/v2\/media\/97465"}],"wp:attachment":[{"href":"https:\/\/aavesa.com\/hu\/wp-json\/wp\/v2\/media?parent=98015"}],"wp:term":[{"taxonomy":"product_brand","embeddable":true,"href":"https:\/\/aavesa.com\/hu\/wp-json\/wp\/v2\/product_brand?post=98015"},{"taxonomy":"product_cat","embeddable":true,"href":"https:\/\/aavesa.com\/hu\/wp-json\/wp\/v2\/product_cat?post=98015"},{"taxonomy":"product_tag","embeddable":true,"href":"https:\/\/aavesa.com\/hu\/wp-json\/wp\/v2\/product_tag?post=98015"}],"curies":[{"name":"wp","href":"https:\/\/api.w.org\/{rel}","templated":true}]}}