

{"id":98017,"date":"2025-09-26T15:34:14","date_gmt":"2025-09-26T15:34:14","guid":{"rendered":"https:\/\/aavesa.com\/product\/shearling-kabat-3407\/"},"modified":"2026-04-10T15:08:06","modified_gmt":"2026-04-10T17:08:06","slug":"shearling-kabat-3407","status":"publish","type":"product","link":"https:\/\/aavesa.com\/hu\/product\/shearling-kabat-3407\/","title":{"rendered":"Shearling kab\u00e1t 3407"},"content":{"rendered":"<p data-start=\"83\" data-end=\"481\">Fedezze fel a hideg \u00e9vszak praktikus eleganci\u00e1j\u00e1t ezzel a f\u00e9rfi ny\u00edrbund\u00e1s kab\u00e1ttal, amely t\u00f6k\u00e9letes a h\u0171v\u00f6s napokra. A pr\u00e9mium min\u0151s\u00e9g\u0171 anyagokb\u00f3l k\u00e9sz\u00fclt kab\u00e1t kiv\u00e9teles h\u0151komfortot biztos\u00edt, mik\u00f6zben f\u00e9rfias \u00e9s modern megjelen\u00e9st biztos\u00edt. A r\u00f6vid, bomber st\u00edlus\u00fa szab\u00e1st a nagyvonal\u00fa ny\u00edrb\u0151r gall\u00e9r, az elasztikus mandzsett\u00e1k \u00e9s szeg\u00e9ly, valamint a b\u0151rrel szeg\u00e9lyezett zsebek fokozz\u00e1k, amelyek egyszerre adnak st\u00edlust \u00e9s tart\u00f3ss\u00e1got.  <\/p>\n<p>A term\u00e9k r\u00e9szletei<\/p>\n<ul>\n<li data-start=\"483\" data-end=\"827\">K\u00fcls\u0151 anyag: Term\u00e9szetes bunda<\/li>\n<li data-start=\"483\" data-end=\"827\">Klasszikus juh\u00e1szgall\u00e9r<\/li>\n<li data-start=\"483\" data-end=\"827\">El\u00fcls\u0151 z\u00e1r\u00f3d\u00e1s f\u00e9m patentokkal<\/li>\n<li data-start=\"483\" data-end=\"827\">K\u00e9t oldals\u00f3 zseb term\u00e9szetes b\u0151r szeg\u00e9llyel<\/li>\n<li data-start=\"483\" data-end=\"827\">Elasztikus mandzsetta \u00e9s szeg\u00e9ly az extra k\u00e9nyelem\u00e9rt<\/li>\n<li data-start=\"483\" data-end=\"827\">R\u00f6vid bomber st\u00edlus\u00fa szab\u00e1s<\/li>\n<li data-start=\"483\" data-end=\"827\">Nagyon meleg, ide\u00e1lis t\u00e9lre<\/li>\n<li data-start=\"483\" data-end=\"827\">Sz\u00edn: S\u00f6t\u00e9tbarna<\/li>\n<li data-start=\"483\" data-end=\"827\">Hossz: 66 cm<\/li>\n<li data-start=\"483\" data-end=\"827\">Modell\u00fcnk 185 cm magas \u00e9s 50-es m\u00e9retet visel.<\/li>\n<\/ul>\n","protected":false},"excerpt":{"rendered":"<p>Fedezze fel a hideg \u00e9vszak praktikus eleganci\u00e1j\u00e1t ezzel a f\u00e9rfi ny\u00edrbund\u00e1s kab\u00e1ttal, amely t\u00f6k\u00e9letes a h\u0171v\u00f6s napokra. A pr\u00e9mium min\u0151s\u00e9g\u0171 anyagokb\u00f3l k\u00e9sz\u00fclt kab\u00e1t kiv\u00e9teles h\u0151komfortot biztos\u00edt, mik\u00f6zben f\u00e9rfias \u00e9s modern megjelen\u00e9st biztos\u00edt. A r\u00f6vid, bomber st\u00edlus\u00fa szab\u00e1st a nagyvonal\u00fa ny\u00edrb\u0151r gall\u00e9r, az elasztikus mandzsett\u00e1k \u00e9s szeg\u00e9ly, valamint a b\u0151rrel szeg\u00e9lyezett zsebek fokozz\u00e1k, amelyek egyszerre adnak [&hellip;]<\/p>\n","protected":false},"featured_media":97415,"comment_status":"closed","ping_status":"closed","template":"","meta":{"_acf_changed":false,"om_disable_all_campaigns":false,"inline_featured_image":false,"_monsterinsights_skip_tracking":false,"_monsterinsights_sitenote_active":false,"_monsterinsights_sitenote_note":"","_monsterinsights_sitenote_category":0},"product_brand":[],"product_cat":[918,952,725,772],"product_tag":[],"class_list":{"0":"post-98017","1":"product","2":"type-product","3":"status-publish","4":"has-post-thumbnail","6":"product_cat-2025-2026-kollekcio-autentikus-elegancia-szormeben-es-termeszetes-borben","7":"product_cat-ferfi-es-noi-pehelypaplan-dzsekik-a-luxus-es-a-melegseg-vegso-kevereke","8":"product_cat-ferfiak","9":"product_cat-shearling-kabatok-ferfiaknak","11":"first","12":"instock","13":"taxable","14":"shipping-taxable","15":"purchasable","16":"product-type-variable","17":"has-default-attributes","18":"wvs-archive-product-wrapper"},"acf":{"categorie_feed":""},"aioseo_notices":[],"_links":{"self":[{"href":"https:\/\/aavesa.com\/hu\/wp-json\/wp\/v2\/product\/98017","targetHints":{"allow":["GET"]}}],"collection":[{"href":"https:\/\/aavesa.com\/hu\/wp-json\/wp\/v2\/product"}],"about":[{"href":"https:\/\/aavesa.com\/hu\/wp-json\/wp\/v2\/types\/product"}],"replies":[{"embeddable":true,"href":"https:\/\/aavesa.com\/hu\/wp-json\/wp\/v2\/comments?post=98017"}],"wp:featuredmedia":[{"embeddable":true,"href":"https:\/\/aavesa.com\/hu\/wp-json\/wp\/v2\/media\/97415"}],"wp:attachment":[{"href":"https:\/\/aavesa.com\/hu\/wp-json\/wp\/v2\/media?parent=98017"}],"wp:term":[{"taxonomy":"product_brand","embeddable":true,"href":"https:\/\/aavesa.com\/hu\/wp-json\/wp\/v2\/product_brand?post=98017"},{"taxonomy":"product_cat","embeddable":true,"href":"https:\/\/aavesa.com\/hu\/wp-json\/wp\/v2\/product_cat?post=98017"},{"taxonomy":"product_tag","embeddable":true,"href":"https:\/\/aavesa.com\/hu\/wp-json\/wp\/v2\/product_tag?post=98017"}],"curies":[{"name":"wp","href":"https:\/\/api.w.org\/{rel}","templated":true}]}}