

{"id":98019,"date":"2025-09-25T17:57:32","date_gmt":"2025-09-25T19:57:32","guid":{"rendered":"https:\/\/aavesa.com\/product\/rovid-baranybor-kabat-1059\/"},"modified":"2025-09-25T17:57:32","modified_gmt":"2025-09-25T17:57:32","slug":"rovid-baranybor-kabat-1059","status":"publish","type":"product","link":"https:\/\/aavesa.com\/hu\/product\/rovid-baranybor-kabat-1059\/","title":{"rendered":"R\u00f6vid b\u00e1r\u00e1nyb\u0151r kab\u00e1t 1059"},"content":{"rendered":"<p data-start=\"68\" data-end=\"328\">Modern, praktikus \u00e9s rendk\u00edv\u00fcl sokoldal\u00fa, ez a bomber st\u00edlus\u00fa b\u0151rdzseki ide\u00e1lis v\u00e1laszt\u00e1s a v\u00e1rosi, laza megjelen\u00e9shez. Kiv\u00e1l\u00f3 min\u0151s\u00e9g\u0171 b\u0151rb\u0151l k\u00e9sz\u00fclt, minimalista diz\u00e1jnj\u00e1val \u00e9s laza szab\u00e1s\u00e1val t\u0171nik ki, k\u00f6nnyen integr\u00e1lhat\u00f3 b\u00e1rmilyen mindennapi \u00f6lt\u00f6z\u00e9kbe. <\/p>\n<p data-start=\"330\" data-end=\"640\">Az elasztikus textil r\u00e9szletek a gall\u00e9ron, a mandzsett\u00e1n \u00e9s a szeg\u00e9lyen extra k\u00e9nyelmet \u00e9s st\u00edlust biztos\u00edtanak, m\u00edg a h\u00e1rom zseb &#8211; k\u00e9t oldals\u00f3 \u00e9s egy d\u00edszes fels\u0151 zseb a bal oldalon &#8211; funkcionalit\u00e1st \u00e9s karaktert k\u00f6lcs\u00f6n\u00f6z. A bomber diz\u00e1jn tov\u00e1bbra is id\u0151tlen klasszikus marad, kort\u00e1rs m\u00f3don \u00fajra\u00e9rtelmezve, amely minden \u00e9vszakban alkalmas. <\/p>\n<p>A term\u00e9k r\u00e9szletei<\/p>\n<ul>\n<li data-start=\"642\" data-end=\"920\">K\u00f6nny\u0171 text\u00far\u00e1j\u00fa term\u00e9szetes b\u0151r<\/li>\n<li data-start=\"642\" data-end=\"920\">Gall\u00e9r, mandzsetta \u00e9s szeg\u00e9ly elasztikus textil szeg\u00e9llyel<\/li>\n<li data-start=\"642\" data-end=\"920\">2 oldalzseb + 1 dekorat\u00edv fels\u0151 zseb<\/li>\n<li data-start=\"642\" data-end=\"920\">Laza bomber szab\u00e1s<\/li>\n<li data-start=\"642\" data-end=\"920\">Alkalmas alkalmi vagy smart-casual \u00f6lt\u00f6z\u00e9kekhez<\/li>\n<li data-start=\"642\" data-end=\"920\">Hossz: 54 cm<\/li>\n<li data-start=\"642\" data-end=\"920\">Modell\u00fcnk 175 cm magas \u00e9s 36-os m\u00e9retet visel.<\/li>\n<\/ul>\n","protected":false},"excerpt":{"rendered":"<p>Modern, praktikus \u00e9s rendk\u00edv\u00fcl sokoldal\u00fa, ez a bomber st\u00edlus\u00fa b\u0151rdzseki ide\u00e1lis v\u00e1laszt\u00e1s a v\u00e1rosi, laza megjelen\u00e9shez. Kiv\u00e1l\u00f3 min\u0151s\u00e9g\u0171 b\u0151rb\u0151l k\u00e9sz\u00fclt, minimalista diz\u00e1jnj\u00e1val \u00e9s laza szab\u00e1s\u00e1val t\u0171nik ki, k\u00f6nnyen integr\u00e1lhat\u00f3 b\u00e1rmilyen mindennapi \u00f6lt\u00f6z\u00e9kbe. Az elasztikus textil r\u00e9szletek a gall\u00e9ron, a mandzsett\u00e1n \u00e9s a szeg\u00e9lyen extra k\u00e9nyelmet \u00e9s st\u00edlust biztos\u00edtanak, m\u00edg a h\u00e1rom zseb &#8211; k\u00e9t oldals\u00f3 [&hellip;]<\/p>\n","protected":false},"featured_media":97407,"comment_status":"closed","ping_status":"closed","template":"","meta":{"_acf_changed":false,"om_disable_all_campaigns":false,"inline_featured_image":false,"_monsterinsights_skip_tracking":false,"_monsterinsights_sitenote_active":false,"_monsterinsights_sitenote_note":"","_monsterinsights_sitenote_category":0},"product_brand":[],"product_cat":[918,821,767,741],"product_tag":[],"class_list":{"0":"post-98019","1":"product","2":"type-product","3":"status-publish","4":"has-post-thumbnail","6":"product_cat-2025-2026-kollekcio-autentikus-elegancia-szormeben-es-termeszetes-borben","7":"product_cat-bor-ruhak-noknek","8":"product_cat-borkabatok-noknek","9":"product_cat-nok","11":"first","12":"instock","13":"taxable","14":"shipping-taxable","15":"purchasable","16":"product-type-variable","17":"has-default-attributes","18":"wvs-archive-product-wrapper"},"acf":{"categorie_feed":""},"aioseo_notices":[],"_links":{"self":[{"href":"https:\/\/aavesa.com\/hu\/wp-json\/wp\/v2\/product\/98019","targetHints":{"allow":["GET"]}}],"collection":[{"href":"https:\/\/aavesa.com\/hu\/wp-json\/wp\/v2\/product"}],"about":[{"href":"https:\/\/aavesa.com\/hu\/wp-json\/wp\/v2\/types\/product"}],"replies":[{"embeddable":true,"href":"https:\/\/aavesa.com\/hu\/wp-json\/wp\/v2\/comments?post=98019"}],"wp:featuredmedia":[{"embeddable":true,"href":"https:\/\/aavesa.com\/hu\/wp-json\/wp\/v2\/media\/97407"}],"wp:attachment":[{"href":"https:\/\/aavesa.com\/hu\/wp-json\/wp\/v2\/media?parent=98019"}],"wp:term":[{"taxonomy":"product_brand","embeddable":true,"href":"https:\/\/aavesa.com\/hu\/wp-json\/wp\/v2\/product_brand?post=98019"},{"taxonomy":"product_cat","embeddable":true,"href":"https:\/\/aavesa.com\/hu\/wp-json\/wp\/v2\/product_cat?post=98019"},{"taxonomy":"product_tag","embeddable":true,"href":"https:\/\/aavesa.com\/hu\/wp-json\/wp\/v2\/product_tag?post=98019"}],"curies":[{"name":"wp","href":"https:\/\/api.w.org\/{rel}","templated":true}]}}