

{"id":98020,"date":"2025-09-24T18:55:34","date_gmt":"2025-09-24T18:55:34","guid":{"rendered":"https:\/\/aavesa.com\/product\/termeszetes-bor-blezer-1067\/"},"modified":"2025-09-24T18:55:34","modified_gmt":"2025-09-24T18:55:34","slug":"termeszetes-bor-blezer-1067","status":"publish","type":"product","link":"https:\/\/aavesa.com\/hu\/product\/termeszetes-bor-blezer-1067\/","title":{"rendered":"Term\u00e9szetes b\u0151r bl\u00e9zer 1067"},"content":{"rendered":"<p data-start=\"78\" data-end=\"409\">Ez a term\u00e9szetes b\u0151r bl\u00e9zer a szezon statement darabja, amely a klasszikus eleganci\u00e1t modern \u00e9s mer\u00e9sz m\u00f3don \u00e9rtelmezi \u00fajra. A puha, kifinomult b\u0151rb\u0151l k\u00e9sz\u00fclt, kiss\u00e9 t\u00falm\u00e9retezett, m\u00e9gis szabott szab\u00e1s\u00fa bl\u00e9zer sz\u00e9les gall\u00e9rral, k\u00e9t el\u00fcls\u0151 zsebbel \u00e9s dupla gombos r\u00e9szletekkel t\u0171nik ki, amelyek k\u00f6z\u00fcl kett\u0151 funkcion\u00e1lis. <\/p>\n<p data-start=\"411\" data-end=\"578\">Sokoldal\u00fa \u00e9s divatos, viselhet\u0151 \u0151szi kab\u00e1tk\u00e9nt vagy egy esti \u00f6lt\u00f6zethez k\u00e9sz\u00fclt darabk\u00e9nt. Mer\u00e9sz, m\u00e9gis kifinomult v\u00e1laszt\u00e1s, t\u00f6k\u00e9letes a modern n\u0151 sz\u00e1m\u00e1ra. <\/p>\n<p>A term\u00e9k r\u00e9szletei:<\/p>\n<ul>\n<li data-start=\"580\" data-end=\"809\">Pr\u00e9mium min\u0151s\u00e9g\u0171 term\u00e9szetes b\u0151r<\/li>\n<li data-start=\"580\" data-end=\"809\">Modern bl\u00e9zer szab\u00e1s<\/li>\n<li data-start=\"580\" data-end=\"809\">Gall\u00e9r gall\u00e9r<\/li>\n<li data-start=\"580\" data-end=\"809\">4 el\u00fcls\u0151 gomb (2 funkcion\u00e1lis)<\/li>\n<li data-start=\"580\" data-end=\"809\">2 oldalzseb<\/li>\n<li data-start=\"580\" data-end=\"809\">Divatos \u00e9s sokoldal\u00fa kialak\u00edt\u00e1s<\/li>\n<li data-start=\"580\" data-end=\"809\">Hossz: 83 cm<\/li>\n<li data-start=\"580\" data-end=\"809\">Modell\u00fcnk 175 cm magas \u00e9s 36-os m\u00e9retet visel.<\/li>\n<\/ul>\n","protected":false},"excerpt":{"rendered":"<p>Ez a term\u00e9szetes b\u0151r bl\u00e9zer a szezon statement darabja, amely a klasszikus eleganci\u00e1t modern \u00e9s mer\u00e9sz m\u00f3don \u00e9rtelmezi \u00fajra. A puha, kifinomult b\u0151rb\u0151l k\u00e9sz\u00fclt, kiss\u00e9 t\u00falm\u00e9retezett, m\u00e9gis szabott szab\u00e1s\u00fa bl\u00e9zer sz\u00e9les gall\u00e9rral, k\u00e9t el\u00fcls\u0151 zsebbel \u00e9s dupla gombos r\u00e9szletekkel t\u0171nik ki, amelyek k\u00f6z\u00fcl kett\u0151 funkcion\u00e1lis. Sokoldal\u00fa \u00e9s divatos, viselhet\u0151 \u0151szi kab\u00e1tk\u00e9nt vagy egy esti \u00f6lt\u00f6zethez [&hellip;]<\/p>\n","protected":false},"featured_media":97369,"comment_status":"closed","ping_status":"closed","template":"","meta":{"_acf_changed":false,"om_disable_all_campaigns":false,"inline_featured_image":false,"_monsterinsights_skip_tracking":false,"_monsterinsights_sitenote_active":false,"_monsterinsights_sitenote_note":"","_monsterinsights_sitenote_category":0},"product_brand":[],"product_cat":[918,883,741,916],"product_tag":[],"class_list":{"0":"post-98020","1":"product","2":"type-product","3":"status-publish","4":"has-post-thumbnail","6":"product_cat-2025-2026-kollekcio-autentikus-elegancia-szormeben-es-termeszetes-borben","7":"product_cat-borkabatok-es-borkabatok","8":"product_cat-nok","9":"product_cat-valodi-bor-termekek-tavaszra-es-oszre-kabatok-nadragok-kabatok-szoknyak-es-loveszkabatok-kabatok-nadragok-kabatok-szoknyak-es-loveszkabatok","11":"first","12":"instock","13":"taxable","14":"shipping-taxable","15":"purchasable","16":"product-type-variable","17":"has-default-attributes","18":"wvs-archive-product-wrapper"},"acf":{"categorie_feed":""},"aioseo_notices":[],"_links":{"self":[{"href":"https:\/\/aavesa.com\/hu\/wp-json\/wp\/v2\/product\/98020","targetHints":{"allow":["GET"]}}],"collection":[{"href":"https:\/\/aavesa.com\/hu\/wp-json\/wp\/v2\/product"}],"about":[{"href":"https:\/\/aavesa.com\/hu\/wp-json\/wp\/v2\/types\/product"}],"replies":[{"embeddable":true,"href":"https:\/\/aavesa.com\/hu\/wp-json\/wp\/v2\/comments?post=98020"}],"wp:featuredmedia":[{"embeddable":true,"href":"https:\/\/aavesa.com\/hu\/wp-json\/wp\/v2\/media\/97369"}],"wp:attachment":[{"href":"https:\/\/aavesa.com\/hu\/wp-json\/wp\/v2\/media?parent=98020"}],"wp:term":[{"taxonomy":"product_brand","embeddable":true,"href":"https:\/\/aavesa.com\/hu\/wp-json\/wp\/v2\/product_brand?post=98020"},{"taxonomy":"product_cat","embeddable":true,"href":"https:\/\/aavesa.com\/hu\/wp-json\/wp\/v2\/product_cat?post=98020"},{"taxonomy":"product_tag","embeddable":true,"href":"https:\/\/aavesa.com\/hu\/wp-json\/wp\/v2\/product_tag?post=98020"}],"curies":[{"name":"wp","href":"https:\/\/api.w.org\/{rel}","templated":true}]}}