

{"id":98024,"date":"2025-09-24T18:46:49","date_gmt":"2025-09-24T18:46:49","guid":{"rendered":"https:\/\/aavesa.com\/product\/termeszetes-bor-miniszoknya-661\/"},"modified":"2025-09-24T18:46:49","modified_gmt":"2025-09-24T18:46:49","slug":"termeszetes-bor-miniszoknya-661","status":"publish","type":"product","link":"https:\/\/aavesa.com\/hu\/product\/termeszetes-bor-miniszoknya-661\/","title":{"rendered":"Term\u00e9szetes b\u0151r miniszoknya 661"},"content":{"rendered":"<p data-start=\"68\" data-end=\"486\">Ez a term\u00e9szetes b\u0151r miniszoknya a kort\u00e1rs kifinomults\u00e1g esszenci\u00e1ja. A sziluettet kiemel\u0151 szab\u00e1ssal \u00e9s minimalista kialak\u00edt\u00e1ssal ide\u00e1lis v\u00e1laszt\u00e1s azoknak a n\u0151knek, akik a nappali \u00e9s az esti \u00f6lt\u00f6z\u00e9khez egyar\u00e1nt hozz\u00e1\u00e1ll\u00e1st \u00e9s st\u00edlust szeretn\u00e9nek k\u00f6lcs\u00f6n\u00f6zni. H\u00e1rom l\u00e1tv\u00e1nyos v\u00e1ltozatban kaphat\u00f3 &#8211; klasszikus fekete, antikolt hat\u00e1s\u00fa vintage barna \u00e9s bord\u00f3, kroko text\u00far\u00e1val &#8211; mindegyik v\u00e1ltozatnak megvan a maga k\u00fcl\u00f6n egy\u00e9nis\u00e9ge.  <\/p>\n<p data-start=\"488\" data-end=\"778\">A szoknya t\u00f6k\u00e9letesen p\u00e1ros\u00edthat\u00f3 az ugyanebb\u0151l a kollekci\u00f3b\u00f3l sz\u00e1rmaz\u00f3 b\u0151r melltart\u00f3val, \u00edgy egy mer\u00e9sz, m\u00e9gis eleg\u00e1ns szettet alkotva. Alkalomt\u00f3l f\u00fcgg\u0151en viselhet\u0151 magas csizm\u00e1val vagy t\u0171sark\u00faval. A term\u00e9szetes b\u0151r r\u00e1ad\u00e1sul luxus tapint\u00e1st \u00e9s hosszan tart\u00f3 tart\u00f3ss\u00e1got biztos\u00edt.  <\/p>\n<p>A term\u00e9k r\u00e9szletei:<\/p>\n<ul>\n<li data-start=\"780\" data-end=\"1021\">Term\u00e9szetes b\u0151rb\u0151l k\u00e9sz\u00fclt miniszoknya<\/li>\n<li data-start=\"780\" data-end=\"1021\">H\u00e1rom sz\u00ednben kaphat\u00f3: fekete, antikolt barna \u00e9s bord\u00f3 kroko.<\/li>\n<li data-start=\"780\" data-end=\"1021\">H\u00e1ts\u00f3 cipz\u00e1ras z\u00e1r\u00f3d\u00e1s<\/li>\n<li data-start=\"780\" data-end=\"1021\">A test vonal\u00e1t k\u00f6vet\u0151 k\u00fapos kialak\u00edt\u00e1s<\/li>\n<li data-start=\"780\" data-end=\"1021\">Bels\u0151 b\u00e9l\u00e9s a k\u00e9nyelmes viselet\u00e9rt<\/li>\n<li data-start=\"780\" data-end=\"1021\">Modell\u00fcnk 175 cm magas \u00e9s 36-os m\u00e9retet visel.<\/li>\n<li data-start=\"780\" data-end=\"1021\">Hossz: 38 cm<\/li>\n<\/ul>\n","protected":false},"excerpt":{"rendered":"<p>Ez a term\u00e9szetes b\u0151r miniszoknya a kort\u00e1rs kifinomults\u00e1g esszenci\u00e1ja. A sziluettet kiemel\u0151 szab\u00e1ssal \u00e9s minimalista kialak\u00edt\u00e1ssal ide\u00e1lis v\u00e1laszt\u00e1s azoknak a n\u0151knek, akik a nappali \u00e9s az esti \u00f6lt\u00f6z\u00e9khez egyar\u00e1nt hozz\u00e1\u00e1ll\u00e1st \u00e9s st\u00edlust szeretn\u00e9nek k\u00f6lcs\u00f6n\u00f6zni. H\u00e1rom l\u00e1tv\u00e1nyos v\u00e1ltozatban kaphat\u00f3 &#8211; klasszikus fekete, antikolt hat\u00e1s\u00fa vintage barna \u00e9s bord\u00f3, kroko text\u00far\u00e1val &#8211; mindegyik v\u00e1ltozatnak megvan a maga [&hellip;]<\/p>\n","protected":false},"featured_media":97350,"comment_status":"closed","ping_status":"closed","template":"","meta":{"_acf_changed":false,"om_disable_all_campaigns":false,"inline_featured_image":false,"_monsterinsights_skip_tracking":false,"_monsterinsights_sitenote_active":false,"_monsterinsights_sitenote_note":"","_monsterinsights_sitenote_category":0},"product_brand":[],"product_cat":[918,881,741,916],"product_tag":[],"class_list":{"0":"post-98024","1":"product","2":"type-product","3":"status-publish","4":"has-post-thumbnail","6":"product_cat-2025-2026-kollekcio-autentikus-elegancia-szormeben-es-termeszetes-borben","7":"product_cat-bor-szoknyak-noknek","8":"product_cat-nok","9":"product_cat-valodi-bor-termekek-tavaszra-es-oszre-kabatok-nadragok-kabatok-szoknyak-es-loveszkabatok-kabatok-nadragok-kabatok-szoknyak-es-loveszkabatok","11":"first","12":"instock","13":"taxable","14":"shipping-taxable","15":"purchasable","16":"product-type-variable","17":"has-default-attributes","18":"wvs-archive-product-wrapper"},"acf":{"categorie_feed":""},"aioseo_notices":[],"_links":{"self":[{"href":"https:\/\/aavesa.com\/hu\/wp-json\/wp\/v2\/product\/98024","targetHints":{"allow":["GET"]}}],"collection":[{"href":"https:\/\/aavesa.com\/hu\/wp-json\/wp\/v2\/product"}],"about":[{"href":"https:\/\/aavesa.com\/hu\/wp-json\/wp\/v2\/types\/product"}],"replies":[{"embeddable":true,"href":"https:\/\/aavesa.com\/hu\/wp-json\/wp\/v2\/comments?post=98024"}],"wp:featuredmedia":[{"embeddable":true,"href":"https:\/\/aavesa.com\/hu\/wp-json\/wp\/v2\/media\/97350"}],"wp:attachment":[{"href":"https:\/\/aavesa.com\/hu\/wp-json\/wp\/v2\/media?parent=98024"}],"wp:term":[{"taxonomy":"product_brand","embeddable":true,"href":"https:\/\/aavesa.com\/hu\/wp-json\/wp\/v2\/product_brand?post=98024"},{"taxonomy":"product_cat","embeddable":true,"href":"https:\/\/aavesa.com\/hu\/wp-json\/wp\/v2\/product_cat?post=98024"},{"taxonomy":"product_tag","embeddable":true,"href":"https:\/\/aavesa.com\/hu\/wp-json\/wp\/v2\/product_tag?post=98024"}],"curies":[{"name":"wp","href":"https:\/\/api.w.org\/{rel}","templated":true}]}}