

{"id":98030,"date":"2025-09-24T19:32:44","date_gmt":"2025-09-24T21:32:44","guid":{"rendered":"https:\/\/aavesa.com\/product\/megfordithato-birkabunda-2117\/"},"modified":"2026-04-13T09:01:09","modified_gmt":"2026-04-13T11:01:09","slug":"megfordithato-birkabunda-2117","status":"publish","type":"product","link":"https:\/\/aavesa.com\/hu\/product\/megfordithato-birkabunda-2117\/","title":{"rendered":"Megford\u00edthat\u00f3 birkabunda 2117"},"content":{"rendered":"<p data-start=\"66\" data-end=\"516\">Megford\u00edthat\u00f3 term\u00e9szetes sz\u0151rmebunda, ide\u00e1lis olyan n\u0151k sz\u00e1m\u00e1ra, akik kifinomult, k\u00e9nyelmes \u00e9s modern darabra v\u00e1gynak a t\u00e9li ruhat\u00e1rukban. A modell nagyvonal\u00fa kialak\u00edt\u00e1s\u00e1val h\u00edvja fel mag\u00e1ra a figyelmet, \u00e9s a fekete \u00e9s a bord\u00f3 gazdag \u00e1rnyalataiban kaphat\u00f3, t\u00f6k\u00e9letes a hideg \u00e9vszakhoz.<br data-start=\"291\" data-end=\"294\">A kab\u00e1t gombokkal z\u00e1r\u00f3dik, m\u00edg a k\u00e9t oldalzseb egyszerre praktikus \u00e9s diszkr\u00e9t. Ez a darab eleg\u00e1ns \u00f6lt\u00f6z\u00e9kekhez, valamint laza v\u00e1rosi megjelen\u00e9shez egyar\u00e1nt inspir\u00e1l\u00f3 v\u00e1laszt\u00e1s, mindezt \u00fagy, hogy k\u00f6zben kifinomult hat\u00e1st kelt.  <\/p>\n<p>A term\u00e9k r\u00e9szletei:<\/p>\n<ul>\n<li data-start=\"518\" data-end=\"715\">Pr\u00e9mium term\u00e9szetes sz\u0151rme<\/li>\n<li data-start=\"518\" data-end=\"715\">El\u00fcls\u0151 gombos z\u00e1r\u00f3d\u00e1s<\/li>\n<li data-start=\"518\" data-end=\"715\">2 oldalzseb<\/li>\n<li data-start=\"518\" data-end=\"715\">Sz\u00edn: burgundi \u00e9s fekete<\/li>\n<li data-start=\"518\" data-end=\"715\">K\u00e9nyelmes \u00e9s sokoldal\u00fa kialak\u00edt\u00e1s<\/li>\n<li data-start=\"518\" data-end=\"715\">Hossz: 75 cm<\/li>\n<li data-start=\"518\" data-end=\"715\">Modell\u00fcnk 175 cm magas \u00e9s 36-os m\u00e9retet visel.<\/li>\n<\/ul>\n","protected":false},"excerpt":{"rendered":"<p>Megford\u00edthat\u00f3 term\u00e9szetes sz\u0151rmebunda, ide\u00e1lis olyan n\u0151k sz\u00e1m\u00e1ra, akik kifinomult, k\u00e9nyelmes \u00e9s modern darabra v\u00e1gynak a t\u00e9li ruhat\u00e1rukban. A modell nagyvonal\u00fa kialak\u00edt\u00e1s\u00e1val h\u00edvja fel mag\u00e1ra a figyelmet, \u00e9s a fekete \u00e9s a bord\u00f3 gazdag \u00e1rnyalataiban kaphat\u00f3, t\u00f6k\u00e9letes a hideg \u00e9vszakhoz.A kab\u00e1t gombokkal z\u00e1r\u00f3dik, m\u00edg a k\u00e9t oldalzseb egyszerre praktikus \u00e9s diszkr\u00e9t. Ez a darab eleg\u00e1ns \u00f6lt\u00f6z\u00e9kekhez, [&hellip;]<\/p>\n","protected":false},"featured_media":97382,"comment_status":"closed","ping_status":"closed","template":"","meta":{"_acf_changed":false,"om_disable_all_campaigns":false,"inline_featured_image":false,"_monsterinsights_skip_tracking":false,"_monsterinsights_sitenote_active":false,"_monsterinsights_sitenote_note":"","_monsterinsights_sitenote_category":0},"product_brand":[],"product_cat":[918,784,778,779,741],"product_tag":[],"class_list":{"0":"post-98030","1":"product","2":"type-product","3":"status-publish","4":"has-post-thumbnail","6":"product_cat-2025-2026-kollekcio-autentikus-elegancia-szormeben-es-termeszetes-borben","7":"product_cat-baranybor","8":"product_cat-baranybor-kabatok-hu","9":"product_cat-noi-shearling-kabatok","10":"product_cat-nok","12":"first","13":"instock","14":"taxable","15":"shipping-taxable","16":"purchasable","17":"product-type-variable","18":"has-default-attributes","19":"wvs-archive-product-wrapper"},"acf":{"categorie_feed":""},"aioseo_notices":[],"_links":{"self":[{"href":"https:\/\/aavesa.com\/hu\/wp-json\/wp\/v2\/product\/98030","targetHints":{"allow":["GET"]}}],"collection":[{"href":"https:\/\/aavesa.com\/hu\/wp-json\/wp\/v2\/product"}],"about":[{"href":"https:\/\/aavesa.com\/hu\/wp-json\/wp\/v2\/types\/product"}],"replies":[{"embeddable":true,"href":"https:\/\/aavesa.com\/hu\/wp-json\/wp\/v2\/comments?post=98030"}],"wp:featuredmedia":[{"embeddable":true,"href":"https:\/\/aavesa.com\/hu\/wp-json\/wp\/v2\/media\/97382"}],"wp:attachment":[{"href":"https:\/\/aavesa.com\/hu\/wp-json\/wp\/v2\/media?parent=98030"}],"wp:term":[{"taxonomy":"product_brand","embeddable":true,"href":"https:\/\/aavesa.com\/hu\/wp-json\/wp\/v2\/product_brand?post=98030"},{"taxonomy":"product_cat","embeddable":true,"href":"https:\/\/aavesa.com\/hu\/wp-json\/wp\/v2\/product_cat?post=98030"},{"taxonomy":"product_tag","embeddable":true,"href":"https:\/\/aavesa.com\/hu\/wp-json\/wp\/v2\/product_tag?post=98030"}],"curies":[{"name":"wp","href":"https:\/\/api.w.org\/{rel}","templated":true}]}}