

{"id":98033,"date":"2025-09-24T18:31:25","date_gmt":"2025-09-24T18:31:25","guid":{"rendered":"https:\/\/aavesa.com\/product\/sarki-roka-szorme-fejpant-945\/"},"modified":"2026-03-22T09:22:58","modified_gmt":"2026-03-22T07:22:58","slug":"sarki-roka-szorme-fejpant-945","status":"publish","type":"product","link":"https:\/\/aavesa.com\/hu\/product\/sarki-roka-szorme-fejpant-945\/","title":{"rendered":"Sarki r\u00f3ka sz\u0151rme fejp\u00e1nt 945"},"content":{"rendered":"<p data-start=\"77\" data-end=\"360\">Ez a kifinomult \u00e9s praktikus kieg\u00e9sz\u00edt\u0151, ez a term\u00e9szetes r\u00f3kasz\u0151rme fejp\u00e1nt t\u00f6k\u00e9letes v\u00e1laszt\u00e1s a modern n\u0151 sz\u00e1m\u00e1ra, aki extra st\u00edlusra v\u00e1gyik an\u00e9lk\u00fcl, hogy kompromisszumot k\u00f6tne a k\u00e9nyelem ter\u00e9n. A puha \u00e9s terjedelmes sz\u0151rme eleg\u00e1nsan keretezi az arcot, \u00e9s kiv\u00e1l\u00f3 h\u0151v\u00e9delmet ny\u00fajt a hideg t\u00e9li napokon. <\/p>\n<p data-start=\"362\" data-end=\"624\">A sokoldal\u00fa \u00e9s k\u00f6nnyen \u00f6sszeilleszthet\u0151 fejp\u00e1nt egy kis luxust k\u00f6lcs\u00f6n\u00f6z b\u00e1rmilyen \u00f6lt\u00f6z\u00e9knek &#8211; ak\u00e1r sz\u0151rmebund\u00e1val, eleg\u00e1ns kab\u00e1ttal vagy k\u00e9nyelmes pul\u00f3verrel viseli. Ide\u00e1lis v\u00e1rosi s\u00e9t\u00e1khoz \u00e9s hegyi kir\u00e1ndul\u00e1sokhoz egyar\u00e1nt, a kifinomult ruhat\u00e1r elengedhetetlen szezon\u00e1lis darabja. <\/p>\n<p>A term\u00e9k r\u00e9szletei:<\/p>\n<ul>\n<li data-start=\"626\" data-end=\"763\">Anyag: term\u00e9szetes r\u00f3kasz\u0151rme<\/li>\n<li data-start=\"626\" data-end=\"763\">Nagyon meleg, ide\u00e1lis a b\u00e9lelt bels\u0151 t\u00e9rhez a k\u00e9nyelmes viselethez.<\/li>\n<li data-start=\"626\" data-end=\"763\">Sz\u00edn: M\u00e9lyfekete<\/li>\n<\/ul>\n","protected":false},"excerpt":{"rendered":"<p>Ez a kifinomult \u00e9s praktikus kieg\u00e9sz\u00edt\u0151, ez a term\u00e9szetes r\u00f3kasz\u0151rme fejp\u00e1nt t\u00f6k\u00e9letes v\u00e1laszt\u00e1s a modern n\u0151 sz\u00e1m\u00e1ra, aki extra st\u00edlusra v\u00e1gyik an\u00e9lk\u00fcl, hogy kompromisszumot k\u00f6tne a k\u00e9nyelem ter\u00e9n. A puha \u00e9s terjedelmes sz\u0151rme eleg\u00e1nsan keretezi az arcot, \u00e9s kiv\u00e1l\u00f3 h\u0151v\u00e9delmet ny\u00fajt a hideg t\u00e9li napokon. A sokoldal\u00fa \u00e9s k\u00f6nnyen \u00f6sszeilleszthet\u0151 fejp\u00e1nt egy kis luxust k\u00f6lcs\u00f6n\u00f6z [&hellip;]<\/p>\n","protected":false},"featured_media":97336,"comment_status":"closed","ping_status":"closed","template":"","meta":{"_acf_changed":false,"om_disable_all_campaigns":false,"inline_featured_image":false,"_monsterinsights_skip_tracking":false,"_monsterinsights_sitenote_active":false,"_monsterinsights_sitenote_note":"","_monsterinsights_sitenote_category":0},"product_brand":[],"product_cat":[918,750,741,765],"product_tag":[],"class_list":{"0":"post-98033","1":"product","2":"type-product","3":"status-publish","4":"has-post-thumbnail","6":"product_cat-2025-2026-kollekcio-autentikus-elegancia-szormeben-es-termeszetes-borben","7":"product_cat-bundas-kalapok-shearling-kalapok-noknek","8":"product_cat-nok","9":"product_cat-roka-szorme","11":"first","12":"instock","13":"taxable","14":"shipping-taxable","15":"purchasable","16":"product-type-variable","17":"has-default-attributes","18":"wvs-archive-product-wrapper"},"acf":{"categorie_feed":""},"aioseo_notices":[],"_links":{"self":[{"href":"https:\/\/aavesa.com\/hu\/wp-json\/wp\/v2\/product\/98033","targetHints":{"allow":["GET"]}}],"collection":[{"href":"https:\/\/aavesa.com\/hu\/wp-json\/wp\/v2\/product"}],"about":[{"href":"https:\/\/aavesa.com\/hu\/wp-json\/wp\/v2\/types\/product"}],"replies":[{"embeddable":true,"href":"https:\/\/aavesa.com\/hu\/wp-json\/wp\/v2\/comments?post=98033"}],"wp:featuredmedia":[{"embeddable":true,"href":"https:\/\/aavesa.com\/hu\/wp-json\/wp\/v2\/media\/97336"}],"wp:attachment":[{"href":"https:\/\/aavesa.com\/hu\/wp-json\/wp\/v2\/media?parent=98033"}],"wp:term":[{"taxonomy":"product_brand","embeddable":true,"href":"https:\/\/aavesa.com\/hu\/wp-json\/wp\/v2\/product_brand?post=98033"},{"taxonomy":"product_cat","embeddable":true,"href":"https:\/\/aavesa.com\/hu\/wp-json\/wp\/v2\/product_cat?post=98033"},{"taxonomy":"product_tag","embeddable":true,"href":"https:\/\/aavesa.com\/hu\/wp-json\/wp\/v2\/product_tag?post=98033"}],"curies":[{"name":"wp","href":"https:\/\/api.w.org\/{rel}","templated":true}]}}