

{"id":98035,"date":"2025-09-24T19:22:39","date_gmt":"2025-09-24T19:22:39","guid":{"rendered":"https:\/\/aavesa.com\/product\/nerc-szorme-kabat-2106-s\/"},"modified":"2025-09-24T19:22:39","modified_gmt":"2025-09-24T19:22:39","slug":"nerc-szorme-kabat-2106-s","status":"publish","type":"product","link":"https:\/\/aavesa.com\/hu\/product\/nerc-szorme-kabat-2106-s\/","title":{"rendered":"Nerc sz\u0151rme kab\u00e1t 2106 S"},"content":{"rendered":"<p data-start=\"77\" data-end=\"526\">Fedezze fel a hideg \u00e9vszak term\u00e9szetes eleganci\u00e1j\u00e1t ezzel a kifinomult ol\u00edvaz\u00f6ld \u00e1rnyalat\u00fa r\u00f6vid nercbunda kab\u00e1ttal. A modern, n\u0151ies szab\u00e1s\u00fa kab\u00e1t a sz\u0151rme finom text\u00far\u00e1j\u00e1val \u00e9s letisztult vonalvezet\u00e9s\u00e9vel ny\u0171g\u00f6z le. A sz\u00e9les gall\u00e9r \u00e9s az el\u00fcls\u0151 cipz\u00e1ras z\u00e1r\u00f3d\u00e1s egyszerre ad k\u00e9nyelmet \u00e9s st\u00edlust, \u00edgy ez a darab a t\u00e9li ruhat\u00e1r megk\u00fcl\u00f6nb\u00f6ztet\u0151 v\u00e1laszt\u00e1sa. A nagyon meleg \u00e9s k\u00f6nnyen \u00f6sszeilleszthet\u0151 kab\u00e1t t\u00f6k\u00e9letesen illik az eleg\u00e1ns \u00e9s a laza-sikkes \u00f6lt\u00f6z\u00e9kekhez egyar\u00e1nt.   <\/p>\n<p>A term\u00e9k r\u00e9szletei:<\/p>\n<ul>\n<li>K\u00fcls\u0151 anyag: Kiv\u00e1l\u00f3 min\u0151s\u00e9g\u0171 term\u00e9szetes ny\u00e9rc sz\u0151rme<\/li>\n<li data-start=\"528\" data-end=\"806\">Sz\u00e9les, klasszikus st\u00edlus\u00fa gall\u00e9r<\/li>\n<li data-start=\"528\" data-end=\"806\">El\u00fcls\u0151 cipz\u00e1ras z\u00e1r\u00f3d\u00e1s<\/li>\n<li data-start=\"528\" data-end=\"806\">K\u00e9t oldals\u00f3 zseb<\/li>\n<li data-start=\"528\" data-end=\"806\">R\u00f6vid, modern v\u00e1g\u00e1s<\/li>\n<li data-start=\"528\" data-end=\"806\">Nagyon meleg, ide\u00e1lis t\u00e9lre<\/li>\n<li data-start=\"528\" data-end=\"806\">Sz\u00edn: olajz\u00f6ld<\/li>\n<li data-start=\"528\" data-end=\"806\">Hossz: 57 cm<\/li>\n<li data-start=\"528\" data-end=\"806\">Modell\u00fcnk 175 cm magas \u00e9s 36-os m\u00e9retet visel.<\/li>\n<\/ul>\n","protected":false},"excerpt":{"rendered":"<p>Fedezze fel a hideg \u00e9vszak term\u00e9szetes eleganci\u00e1j\u00e1t ezzel a kifinomult ol\u00edvaz\u00f6ld \u00e1rnyalat\u00fa r\u00f6vid nercbunda kab\u00e1ttal. A modern, n\u0151ies szab\u00e1s\u00fa kab\u00e1t a sz\u0151rme finom text\u00far\u00e1j\u00e1val \u00e9s letisztult vonalvezet\u00e9s\u00e9vel ny\u0171g\u00f6z le. A sz\u00e9les gall\u00e9r \u00e9s az el\u00fcls\u0151 cipz\u00e1ras z\u00e1r\u00f3d\u00e1s egyszerre ad k\u00e9nyelmet \u00e9s st\u00edlust, \u00edgy ez a darab a t\u00e9li ruhat\u00e1r megk\u00fcl\u00f6nb\u00f6ztet\u0151 v\u00e1laszt\u00e1sa. A nagyon meleg \u00e9s [&hellip;]<\/p>\n","protected":false},"featured_media":97374,"comment_status":"closed","ping_status":"closed","template":"","meta":{"_acf_changed":false,"om_disable_all_campaigns":false,"inline_featured_image":false,"_monsterinsights_skip_tracking":false,"_monsterinsights_sitenote_active":false,"_monsterinsights_sitenote_note":"","_monsterinsights_sitenote_category":0},"product_brand":[],"product_cat":[918,766,769,741],"product_tag":[],"class_list":{"0":"post-98035","1":"product","2":"type-product","3":"status-publish","4":"has-post-thumbnail","6":"product_cat-2025-2026-kollekcio-autentikus-elegancia-szormeben-es-termeszetes-borben","7":"product_cat-bundas-kabatok-es-bundas-dzsekik-noknek","8":"product_cat-nerc-szorme","9":"product_cat-nok","11":"first","12":"instock","13":"taxable","14":"shipping-taxable","15":"purchasable","16":"product-type-variable","17":"has-default-attributes","18":"wvs-archive-product-wrapper"},"acf":{"categorie_feed":""},"aioseo_notices":[],"_links":{"self":[{"href":"https:\/\/aavesa.com\/hu\/wp-json\/wp\/v2\/product\/98035","targetHints":{"allow":["GET"]}}],"collection":[{"href":"https:\/\/aavesa.com\/hu\/wp-json\/wp\/v2\/product"}],"about":[{"href":"https:\/\/aavesa.com\/hu\/wp-json\/wp\/v2\/types\/product"}],"replies":[{"embeddable":true,"href":"https:\/\/aavesa.com\/hu\/wp-json\/wp\/v2\/comments?post=98035"}],"wp:featuredmedia":[{"embeddable":true,"href":"https:\/\/aavesa.com\/hu\/wp-json\/wp\/v2\/media\/97374"}],"wp:attachment":[{"href":"https:\/\/aavesa.com\/hu\/wp-json\/wp\/v2\/media?parent=98035"}],"wp:term":[{"taxonomy":"product_brand","embeddable":true,"href":"https:\/\/aavesa.com\/hu\/wp-json\/wp\/v2\/product_brand?post=98035"},{"taxonomy":"product_cat","embeddable":true,"href":"https:\/\/aavesa.com\/hu\/wp-json\/wp\/v2\/product_cat?post=98035"},{"taxonomy":"product_tag","embeddable":true,"href":"https:\/\/aavesa.com\/hu\/wp-json\/wp\/v2\/product_tag?post=98035"}],"curies":[{"name":"wp","href":"https:\/\/api.w.org\/{rel}","templated":true}]}}