

{"id":98036,"date":"2025-09-24T18:07:43","date_gmt":"2025-09-24T18:07:43","guid":{"rendered":"https:\/\/aavesa.com\/product\/noi-nyirkos-kabat-2111\/"},"modified":"2026-04-10T15:02:21","modified_gmt":"2026-04-10T17:02:21","slug":"noi-nyirkos-kabat-2111","status":"publish","type":"product","link":"https:\/\/aavesa.com\/hu\/product\/noi-nyirkos-kabat-2111\/","title":{"rendered":"N\u0151i nyirkos kab\u00e1t 2111"},"content":{"rendered":"<p data-start=\"76\" data-end=\"350\">Meleg, sokoldal\u00fa \u00e9s karakteres, ez a term\u00e9szetes b\u00e1r\u00e1nysz\u0151rm\u00e9b\u0151l k\u00e9sz\u00fclt r\u00f6vid ny\u00edrkab\u00e1t ide\u00e1lis darab a hideg \u00e9vszakra. A modern kialak\u00edt\u00e1s, aszimmetrikus cipz\u00e1rral \u00e9s szabott szab\u00e1ssal, kort\u00e1rs \u00e9rzetet k\u00f6lcs\u00f6n\u00f6z, an\u00e9lk\u00fcl, hogy a h\u0151komfortot vesz\u00e9lyeztetn\u00e9. <\/p>\n<p data-start=\"352\" data-end=\"713\">A puha shearlingbels\u0151 kiv\u00e1l\u00f3 szigetel\u00e9st biztos\u00edt, m\u00edg a k\u00fcls\u0151t term\u00e9szetes b\u0151rbor\u00edt\u00e1s d\u00edsz\u00edti, amely kiemeli a szerkezeti r\u00e9szleteket. Az ujjakon \u00e9s az oldalakon tal\u00e1lhat\u00f3 \u00e1ll\u00edthat\u00f3 csatok nemcsak eszt\u00e9tikusak, hanem funkcion\u00e1lisak is, lehet\u0151v\u00e9 t\u00e9ve a szem\u00e9lyre szabott illeszked\u00e9st. Ez a ny\u00edrbund\u00e1s kab\u00e1t k\u00f6nnyen integr\u00e1lhat\u00f3 mind az alkalmi, mind a v\u00e1rosi \u00f6lt\u00f6z\u00e9kbe.  <\/p>\n<p>A term\u00e9k r\u00e9szletei:<\/p>\n<ul>\n<li>Term\u00e9szetes b\u00e1r\u00e1nybunda meleg bels\u0151 kik\u00e9sz\u00edt\u00e9ssel<\/li>\n<li>Aszimmetrikus el\u00fcls\u0151 cipz\u00e1ras z\u00e1r\u00f3d\u00e1s<\/li>\n<li>K\u00e9t cipz\u00e1ras zseb<\/li>\n<li>\u00c1ll\u00edthat\u00f3 b\u0151rcsatok az ujjakon \u00e9s az oldalakon<\/li>\n<li>Nagy, b\u0151 gall\u00e9r az extra v\u00e9delem\u00e9rt<\/li>\n<li>R\u00f6vid, modern v\u00e1g\u00e1s<\/li>\n<li>Sz\u00edn: Vintage barna, kontrasztos feh\u00e9r ny\u00edrbund\u00e1val<\/li>\n<li>Hossz: 54 cm<\/li>\n<li>Modell\u00fcnk 175 cm magas \u00e9s 36-os m\u00e9retet visel.<\/li>\n<\/ul>\n","protected":false},"excerpt":{"rendered":"<p>Meleg, sokoldal\u00fa \u00e9s karakteres, ez a term\u00e9szetes b\u00e1r\u00e1nysz\u0151rm\u00e9b\u0151l k\u00e9sz\u00fclt r\u00f6vid ny\u00edrkab\u00e1t ide\u00e1lis darab a hideg \u00e9vszakra. A modern kialak\u00edt\u00e1s, aszimmetrikus cipz\u00e1rral \u00e9s szabott szab\u00e1ssal, kort\u00e1rs \u00e9rzetet k\u00f6lcs\u00f6n\u00f6z, an\u00e9lk\u00fcl, hogy a h\u0151komfortot vesz\u00e9lyeztetn\u00e9. A puha shearlingbels\u0151 kiv\u00e1l\u00f3 szigetel\u00e9st biztos\u00edt, m\u00edg a k\u00fcls\u0151t term\u00e9szetes b\u0151rbor\u00edt\u00e1s d\u00edsz\u00edti, amely kiemeli a szerkezeti r\u00e9szleteket. Az ujjakon \u00e9s az oldalakon tal\u00e1lhat\u00f3 [&hellip;]<\/p>\n","protected":false},"featured_media":97328,"comment_status":"closed","ping_status":"closed","template":"","meta":{"_acf_changed":false,"om_disable_all_campaigns":false,"inline_featured_image":false,"_monsterinsights_skip_tracking":false,"_monsterinsights_sitenote_active":false,"_monsterinsights_sitenote_note":"","_monsterinsights_sitenote_category":0},"product_brand":[],"product_cat":[918,784,952,773,741],"product_tag":[],"class_list":{"0":"post-98036","1":"product","2":"type-product","3":"status-publish","4":"has-post-thumbnail","6":"product_cat-2025-2026-kollekcio-autentikus-elegancia-szormeben-es-termeszetes-borben","7":"product_cat-baranybor","8":"product_cat-ferfi-es-noi-pehelypaplan-dzsekik-a-luxus-es-a-melegseg-vegso-kevereke","9":"product_cat-noi-shearling-dzsekik","10":"product_cat-nok","12":"first","13":"instock","14":"taxable","15":"shipping-taxable","16":"purchasable","17":"product-type-variable","18":"has-default-attributes","19":"wvs-archive-product-wrapper"},"acf":{"categorie_feed":""},"aioseo_notices":[],"_links":{"self":[{"href":"https:\/\/aavesa.com\/hu\/wp-json\/wp\/v2\/product\/98036","targetHints":{"allow":["GET"]}}],"collection":[{"href":"https:\/\/aavesa.com\/hu\/wp-json\/wp\/v2\/product"}],"about":[{"href":"https:\/\/aavesa.com\/hu\/wp-json\/wp\/v2\/types\/product"}],"replies":[{"embeddable":true,"href":"https:\/\/aavesa.com\/hu\/wp-json\/wp\/v2\/comments?post=98036"}],"wp:featuredmedia":[{"embeddable":true,"href":"https:\/\/aavesa.com\/hu\/wp-json\/wp\/v2\/media\/97328"}],"wp:attachment":[{"href":"https:\/\/aavesa.com\/hu\/wp-json\/wp\/v2\/media?parent=98036"}],"wp:term":[{"taxonomy":"product_brand","embeddable":true,"href":"https:\/\/aavesa.com\/hu\/wp-json\/wp\/v2\/product_brand?post=98036"},{"taxonomy":"product_cat","embeddable":true,"href":"https:\/\/aavesa.com\/hu\/wp-json\/wp\/v2\/product_cat?post=98036"},{"taxonomy":"product_tag","embeddable":true,"href":"https:\/\/aavesa.com\/hu\/wp-json\/wp\/v2\/product_tag?post=98036"}],"curies":[{"name":"wp","href":"https:\/\/api.w.org\/{rel}","templated":true}]}}