

{"id":98039,"date":"2025-09-24T17:43:30","date_gmt":"2025-09-24T17:43:30","guid":{"rendered":"https:\/\/aavesa.com\/product\/kanadai-voros-roka-szorme-sapka-fulvedovel-546\/"},"modified":"2025-09-24T17:43:30","modified_gmt":"2025-09-24T17:43:30","slug":"kanadai-voros-roka-szorme-sapka-fulvedovel-546","status":"publish","type":"product","link":"https:\/\/aavesa.com\/hu\/product\/kanadai-voros-roka-szorme-sapka-fulvedovel-546\/","title":{"rendered":"Kanadai v\u00f6r\u00f6s r\u00f3ka sz\u0151rme sapka f\u00fclv\u00e9d\u0151vel 546"},"content":{"rendered":"<p data-start=\"144\" data-end=\"545\">Ez a f\u00fcles sapka \u00fajradefini\u00e1lja a t\u00e9li eleganci\u00e1t egy klasszikus, modern m\u00f3don \u00fajra\u00e9rtelmezett diz\u00e1jnnal, amely teljes eg\u00e9sz\u00e9ben term\u00e9szetes kanadai v\u00f6r\u00f6s r\u00f3ka sz\u0151rm\u00e9b\u0151l k\u00e9sz\u00fclt. A sz\u0151rme nagyvonal\u00fa volumene l\u00e1tv\u00e1nyos hat\u00e1st kelt, \u00e9s minden t\u00e9li \u00f6lt\u00f6z\u00e9khez luxus\u00e9rzetet k\u00f6lcs\u00f6n\u00f6z. A term\u00e9szetes sz\u00edn, gazdag v\u00f6r\u00f6ses \u00e1rnyalatokban, aranysz\u00edn\u0171 t\u00fckr\u00f6z\u0151d\u00e9sekkel, fokozza minden egyes darab egyedis\u00e9g\u00e9t, \u00e9s kiemeli a sz\u0151rme sz\u00e9ps\u00e9g\u00e9t.  <\/p>\n<p data-start=\"547\" data-end=\"838\">Ez a rendk\u00edv\u00fcl meleg \u00e9s k\u00e9nyelmes sapka bel\u00fclr\u0151l b\u00e9lelt, \u00e9s term\u00e9szetes b\u0151rk\u00f6t\u00e9ssel rendelkezik, amely lehet\u0151v\u00e9 teszi a tetsz\u00e9s szerinti be\u00e1ll\u00edt\u00e1st. T\u00f6k\u00e9letes a fagyos napokon, hat\u00e9konyan tartja meg a h\u0151t, \u00e9s teljes v\u00e9delmet ny\u00fajt a f\u00fclnek, a fejnek \u00e9s a homloknak &#8211; an\u00e9lk\u00fcl, hogy kompromisszumot k\u00f6tne a st\u00edlusban. <\/p>\n<p>A term\u00e9k r\u00e9szletei:<\/p>\n<ul>\n<li data-start=\"840\" data-end=\"1130\">Term\u00e9szetes kanadai v\u00f6r\u00f6s r\u00f3ka sz\u0151rm\u00e9b\u0151l k\u00e9sz\u00fclt<\/li>\n<li data-start=\"840\" data-end=\"1130\">B\u00e9lelt bels\u0151 t\u00e9r a h\u0151komfort\u00e9rt<\/li>\n<li data-start=\"840\" data-end=\"1130\">Design hossz\u00fa f\u00fclv\u00e9d\u0151vel \u00e9s term\u00e9szetes b\u0151rk\u00f6t\u00e9ssel<\/li>\n<li data-start=\"840\" data-end=\"1130\">Volumenes st\u00edlus l\u00e1tv\u00e1nyos vizu\u00e1lis hat\u00e1ssal<\/li>\n<li data-start=\"840\" data-end=\"1130\">Nagyon meleg \u00e9s eleg\u00e1ns<\/li>\n<li data-start=\"840\" data-end=\"1130\">Alkalmas a hideg \u00e9vszakhoz \u00e9s a t\u00e9li \u00f6lt\u00f6z\u00e9kekhez<\/li>\n<\/ul>\n","protected":false},"excerpt":{"rendered":"<p>Ez a f\u00fcles sapka \u00fajradefini\u00e1lja a t\u00e9li eleganci\u00e1t egy klasszikus, modern m\u00f3don \u00fajra\u00e9rtelmezett diz\u00e1jnnal, amely teljes eg\u00e9sz\u00e9ben term\u00e9szetes kanadai v\u00f6r\u00f6s r\u00f3ka sz\u0151rm\u00e9b\u0151l k\u00e9sz\u00fclt. A sz\u0151rme nagyvonal\u00fa volumene l\u00e1tv\u00e1nyos hat\u00e1st kelt, \u00e9s minden t\u00e9li \u00f6lt\u00f6z\u00e9khez luxus\u00e9rzetet k\u00f6lcs\u00f6n\u00f6z. A term\u00e9szetes sz\u00edn, gazdag v\u00f6r\u00f6ses \u00e1rnyalatokban, aranysz\u00edn\u0171 t\u00fckr\u00f6z\u0151d\u00e9sekkel, fokozza minden egyes darab egyedis\u00e9g\u00e9t, \u00e9s kiemeli a sz\u0151rme sz\u00e9ps\u00e9g\u00e9t. Ez [&hellip;]<\/p>\n","protected":false},"featured_media":97322,"comment_status":"closed","ping_status":"closed","template":"","meta":{"_acf_changed":false,"om_disable_all_campaigns":false,"inline_featured_image":false,"_monsterinsights_skip_tracking":false,"_monsterinsights_sitenote_active":false,"_monsterinsights_sitenote_note":"","_monsterinsights_sitenote_category":0},"product_brand":[],"product_cat":[918,750,741,765],"product_tag":[],"class_list":{"0":"post-98039","1":"product","2":"type-product","3":"status-publish","4":"has-post-thumbnail","6":"product_cat-2025-2026-kollekcio-autentikus-elegancia-szormeben-es-termeszetes-borben","7":"product_cat-bundas-kalapok-shearling-kalapok-noknek","8":"product_cat-nok","9":"product_cat-roka-szorme","11":"first","12":"instock","13":"taxable","14":"shipping-taxable","15":"purchasable","16":"product-type-variable","17":"has-default-attributes","18":"wvs-archive-product-wrapper"},"acf":{"categorie_feed":""},"aioseo_notices":[],"_links":{"self":[{"href":"https:\/\/aavesa.com\/hu\/wp-json\/wp\/v2\/product\/98039","targetHints":{"allow":["GET"]}}],"collection":[{"href":"https:\/\/aavesa.com\/hu\/wp-json\/wp\/v2\/product"}],"about":[{"href":"https:\/\/aavesa.com\/hu\/wp-json\/wp\/v2\/types\/product"}],"replies":[{"embeddable":true,"href":"https:\/\/aavesa.com\/hu\/wp-json\/wp\/v2\/comments?post=98039"}],"wp:featuredmedia":[{"embeddable":true,"href":"https:\/\/aavesa.com\/hu\/wp-json\/wp\/v2\/media\/97322"}],"wp:attachment":[{"href":"https:\/\/aavesa.com\/hu\/wp-json\/wp\/v2\/media?parent=98039"}],"wp:term":[{"taxonomy":"product_brand","embeddable":true,"href":"https:\/\/aavesa.com\/hu\/wp-json\/wp\/v2\/product_brand?post=98039"},{"taxonomy":"product_cat","embeddable":true,"href":"https:\/\/aavesa.com\/hu\/wp-json\/wp\/v2\/product_cat?post=98039"},{"taxonomy":"product_tag","embeddable":true,"href":"https:\/\/aavesa.com\/hu\/wp-json\/wp\/v2\/product_tag?post=98039"}],"curies":[{"name":"wp","href":"https:\/\/api.w.org\/{rel}","templated":true}]}}