

{"id":98041,"date":"2025-09-27T13:50:58","date_gmt":"2025-09-27T13:50:58","guid":{"rendered":"https:\/\/aavesa.com\/product\/termeszetes-palomino-rokabunda-2101-v\/"},"modified":"2025-09-27T13:50:58","modified_gmt":"2025-09-27T13:50:58","slug":"termeszetes-palomino-rokabunda-2101-v","status":"publish","type":"product","link":"https:\/\/aavesa.com\/hu\/product\/termeszetes-palomino-rokabunda-2101-v\/","title":{"rendered":"Term\u00e9szetes palomin\u00f3 r\u00f3kabunda 2101 V"},"content":{"rendered":"<p data-start=\"77\" data-end=\"386\">Eleg\u00e1ns, kifinomult \u00e9s abszol\u00fat l\u00e1tv\u00e1nyos, ez a term\u00e9szetes r\u00f3kabunda leny\u0171g\u00f6z\u0151 f\u00e9ny\u0171z\u0151 text\u00far\u00e1j\u00e1val \u00e9s kifinomult ez\u00fcstsz\u00fcrke \u00e1rnyalataival. A klasszikus szab\u00e1s, egyenes vonalakkal \u00e9s id\u0151tlen diz\u00e1jnnal, kiemeli a sz\u0151rme term\u00e9szetes sz\u00e9ps\u00e9g\u00e9t, \u00edgy ez a darab a hiteles elegancia igazi szimb\u00f3lum\u00e1v\u00e1 v\u00e1lik. <\/p>\n<p data-start=\"388\" data-end=\"612\">A gazdag, lekerek\u00edtett gall\u00e9r kifinomults\u00e1got \u00e9s k\u00e9nyelmet biztos\u00edt, \u00edgy k\u00f6nnyen illeszthet\u0151 eleg\u00e1ns ruh\u00e1kba. A diszkr\u00e9t r\u00f6gz\u00edt\u00e9si rendszer meg\u0151rzi a foly\u00e9kony vonalakat, \u00edgy a sz\u0151rme sz\u00e9ps\u00e9ge a reflektorf\u00e9nybe ker\u00fcl. <\/p>\n<p data-start=\"614\" data-end=\"810\">A h\u0171v\u00f6s, f\u00e9nyes t\u00f3nusok term\u00e9szetes ez\u00fcst\u00f6s t\u00fckr\u00f6z\u0151d\u00e9sekkel el\u0151kel\u0151 \u00e9s exkluz\u00edv jelleget k\u00f6lcs\u00f6n\u00f6znek a kab\u00e1tnak, \u00edgy ide\u00e1lis mind k\u00fcl\u00f6nleges esem\u00e9nyekre, mind pedig mindennapi megjelen\u00e9sekre, ahol az elegancia sz\u00e1m\u00edt.<\/p>\n<p>A term\u00e9k r\u00e9szletei:<\/p>\n<ul>\n<li data-start=\"812\" data-end=\"1071\">Pr\u00e9mium term\u00e9szetes r\u00f3kabunda<\/li>\n<li data-start=\"812\" data-end=\"1071\">Klasszikus, eleg\u00e1ns szab\u00e1s<\/li>\n<li data-start=\"812\" data-end=\"1071\">Gazdag kerek gall\u00e9r<\/li>\n<li data-start=\"812\" data-end=\"1071\">Diszkr\u00e9t kamp\u00f3s \u00e9s szemes z\u00e1r\u00f3d\u00e1s<\/li>\n<li data-start=\"812\" data-end=\"1071\">Luxus text\u00fara term\u00e9szetes ez\u00fcstsz\u00fcrke \u00e1rnyalatokkal<\/li>\n<li data-start=\"812\" data-end=\"1071\">Exkluz\u00edv design, t\u00f6k\u00e9letes a kifinomult megjelen\u00e9shez<\/li>\n<li data-start=\"812\" data-end=\"1071\">Hossz: 60 cm<\/li>\n<li data-start=\"812\" data-end=\"1071\">Modell\u00fcnk 175 cm magas \u00e9s 36-os m\u00e9retet visel.<\/li>\n<\/ul>\n","protected":false},"excerpt":{"rendered":"<p>Eleg\u00e1ns, kifinomult \u00e9s abszol\u00fat l\u00e1tv\u00e1nyos, ez a term\u00e9szetes r\u00f3kabunda leny\u0171g\u00f6z\u0151 f\u00e9ny\u0171z\u0151 text\u00far\u00e1j\u00e1val \u00e9s kifinomult ez\u00fcstsz\u00fcrke \u00e1rnyalataival. A klasszikus szab\u00e1s, egyenes vonalakkal \u00e9s id\u0151tlen diz\u00e1jnnal, kiemeli a sz\u0151rme term\u00e9szetes sz\u00e9ps\u00e9g\u00e9t, \u00edgy ez a darab a hiteles elegancia igazi szimb\u00f3lum\u00e1v\u00e1 v\u00e1lik. A gazdag, lekerek\u00edtett gall\u00e9r kifinomults\u00e1got \u00e9s k\u00e9nyelmet biztos\u00edt, \u00edgy k\u00f6nnyen illeszthet\u0151 eleg\u00e1ns ruh\u00e1kba. A diszkr\u00e9t r\u00f6gz\u00edt\u00e9si [&hellip;]<\/p>\n","protected":false},"featured_media":97275,"comment_status":"closed","ping_status":"closed","template":"","meta":{"_acf_changed":false,"om_disable_all_campaigns":false,"inline_featured_image":false,"_monsterinsights_skip_tracking":false,"_monsterinsights_sitenote_active":false,"_monsterinsights_sitenote_note":"","_monsterinsights_sitenote_category":0},"product_brand":[],"product_cat":[918,766,765],"product_tag":[],"class_list":{"0":"post-98041","1":"product","2":"type-product","3":"status-publish","4":"has-post-thumbnail","6":"product_cat-2025-2026-kollekcio-autentikus-elegancia-szormeben-es-termeszetes-borben","7":"product_cat-bundas-kabatok-es-bundas-dzsekik-noknek","8":"product_cat-roka-szorme","10":"first","11":"instock","12":"taxable","13":"shipping-taxable","14":"purchasable","15":"product-type-variable","16":"has-default-attributes","17":"wvs-archive-product-wrapper"},"acf":{"categorie_feed":""},"aioseo_notices":[],"_links":{"self":[{"href":"https:\/\/aavesa.com\/hu\/wp-json\/wp\/v2\/product\/98041","targetHints":{"allow":["GET"]}}],"collection":[{"href":"https:\/\/aavesa.com\/hu\/wp-json\/wp\/v2\/product"}],"about":[{"href":"https:\/\/aavesa.com\/hu\/wp-json\/wp\/v2\/types\/product"}],"replies":[{"embeddable":true,"href":"https:\/\/aavesa.com\/hu\/wp-json\/wp\/v2\/comments?post=98041"}],"wp:featuredmedia":[{"embeddable":true,"href":"https:\/\/aavesa.com\/hu\/wp-json\/wp\/v2\/media\/97275"}],"wp:attachment":[{"href":"https:\/\/aavesa.com\/hu\/wp-json\/wp\/v2\/media?parent=98041"}],"wp:term":[{"taxonomy":"product_brand","embeddable":true,"href":"https:\/\/aavesa.com\/hu\/wp-json\/wp\/v2\/product_brand?post=98041"},{"taxonomy":"product_cat","embeddable":true,"href":"https:\/\/aavesa.com\/hu\/wp-json\/wp\/v2\/product_cat?post=98041"},{"taxonomy":"product_tag","embeddable":true,"href":"https:\/\/aavesa.com\/hu\/wp-json\/wp\/v2\/product_tag?post=98041"}],"curies":[{"name":"wp","href":"https:\/\/api.w.org\/{rel}","templated":true}]}}