

{"id":98042,"date":"2025-09-27T14:40:08","date_gmt":"2025-09-27T14:40:08","guid":{"rendered":"https:\/\/aavesa.com\/product\/roka-szorme-kalap-545\/"},"modified":"2025-09-27T14:40:08","modified_gmt":"2025-09-27T14:40:08","slug":"roka-szorme-kalap-545","status":"publish","type":"product","link":"https:\/\/aavesa.com\/hu\/product\/roka-szorme-kalap-545\/","title":{"rendered":"R\u00f3ka sz\u0151rme kalap 545"},"content":{"rendered":"<p>R\u00f3kabund\u00e1b\u00f3l \u00e9s b\u0151rb\u0151l k\u00e9sz\u00fclt sapka, eleg\u00e1ns \u00e9s praktikus kieg\u00e9sz\u00edt\u0151, t\u00f6k\u00e9letes a hideg t\u00e9li napokon. A legfinomabb term\u00e9szetes anyagokb\u00f3l k\u00e9sz\u00fclt kalap a b\u0151r kifinomults\u00e1g\u00e1t \u00f6tv\u00f6zi a r\u00f3kabunda luxus megjelen\u00e9s\u00e9vel, extra meleget \u00e9s st\u00edlust k\u00edn\u00e1lva. <\/p>\n<p>A bels\u0151 r\u00e9sz teljesen b\u00e9lelt a fokozott h\u0151komfort \u00e9s a kellemes viselet \u00e9rdek\u00e9ben, f\u00fcggetlen\u00fcl a k\u00fcls\u0151 h\u0151m\u00e9rs\u00e9klett\u0151l. A prec\u00edz szab\u00e1ssal k\u00e9sz\u00fclt kerek kialak\u00edt\u00e1s k\u00e9nyelmesen illeszkedik a fejre, a b\u0151s\u00e9ges term\u00e9szetes r\u00f3kasz\u0151rme szeg\u00e9ly pedig kifinomult \u00e9s n\u0151ies hat\u00e1st k\u00f6lcs\u00f6n\u00f6z. <\/p>\n<p>K\u00f6nnyen p\u00e1ros\u00edthat\u00f3 b\u00e1rmilyen kab\u00e1ttal vagy fel\u00f6lt\u0151vel, ez a darab ide\u00e1lis v\u00e1laszt\u00e1s az eleg\u00e1ns, m\u00e9gis funkcion\u00e1lis t\u00e9li megjelen\u00e9shez. K\u00e9t v\u00e1ltozatban kaphat\u00f3 &#8211; fekete vagy sz\u00fcrke sz\u0151rm\u00e9vel -, hogy t\u00f6k\u00e9letesen illeszkedjen b\u00e1rmelyik szezon\u00e1lis ruhat\u00e1rhoz. <\/p>\n<p>A term\u00e9k r\u00e9szletei:<\/p>\n<ul>\n<li>Pr\u00e9mium min\u0151s\u00e9g\u0171 term\u00e9szetes b\u0151r<\/li>\n<li>Nagyvonal\u00fa szeg\u00e9ly term\u00e9szetes r\u00f3kasz\u0151rme<\/li>\n<li>B\u00e9lelt bels\u0151 t\u00e9r a tov\u00e1bbi k\u00e9nyelem\u00e9rt<\/li>\n<li>Klasszikus, kerek \u00e9s eleg\u00e1ns design<\/li>\n<li>Kaphat\u00f3 sz\u00ednek: fekete vagy sz\u00fcrke sz\u0151rm\u00e9vel<\/li>\n<li>K\u00e9nyelmes szab\u00e1s, ide\u00e1lis a hideg \u00e9vszakban<\/li>\n<\/ul>\n","protected":false},"excerpt":{"rendered":"<p>R\u00f3kabund\u00e1b\u00f3l \u00e9s b\u0151rb\u0151l k\u00e9sz\u00fclt sapka, eleg\u00e1ns \u00e9s praktikus kieg\u00e9sz\u00edt\u0151, t\u00f6k\u00e9letes a hideg t\u00e9li napokon. A legfinomabb term\u00e9szetes anyagokb\u00f3l k\u00e9sz\u00fclt kalap a b\u0151r kifinomults\u00e1g\u00e1t \u00f6tv\u00f6zi a r\u00f3kabunda luxus megjelen\u00e9s\u00e9vel, extra meleget \u00e9s st\u00edlust k\u00edn\u00e1lva. A bels\u0151 r\u00e9sz teljesen b\u00e9lelt a fokozott h\u0151komfort \u00e9s a kellemes viselet \u00e9rdek\u00e9ben, f\u00fcggetlen\u00fcl a k\u00fcls\u0151 h\u0151m\u00e9rs\u00e9klett\u0151l. A prec\u00edz szab\u00e1ssal k\u00e9sz\u00fclt kerek [&hellip;]<\/p>\n","protected":false},"featured_media":97308,"comment_status":"closed","ping_status":"closed","template":"","meta":{"_acf_changed":false,"om_disable_all_campaigns":false,"inline_featured_image":false,"_monsterinsights_skip_tracking":false,"_monsterinsights_sitenote_active":false,"_monsterinsights_sitenote_note":"","_monsterinsights_sitenote_category":0},"product_brand":[],"product_cat":[918,750,741,765,737],"product_tag":[],"class_list":{"0":"post-98042","1":"product","2":"type-product","3":"status-publish","4":"has-post-thumbnail","6":"product_cat-2025-2026-kollekcio-autentikus-elegancia-szormeben-es-termeszetes-borben","7":"product_cat-bundas-kalapok-shearling-kalapok-noknek","8":"product_cat-nok","9":"product_cat-roka-szorme","10":"product_cat-teli-sapkak","12":"first","13":"instock","14":"taxable","15":"shipping-taxable","16":"purchasable","17":"product-type-variable","18":"has-default-attributes","19":"wvs-archive-product-wrapper"},"acf":{"categorie_feed":""},"aioseo_notices":[],"_links":{"self":[{"href":"https:\/\/aavesa.com\/hu\/wp-json\/wp\/v2\/product\/98042","targetHints":{"allow":["GET"]}}],"collection":[{"href":"https:\/\/aavesa.com\/hu\/wp-json\/wp\/v2\/product"}],"about":[{"href":"https:\/\/aavesa.com\/hu\/wp-json\/wp\/v2\/types\/product"}],"replies":[{"embeddable":true,"href":"https:\/\/aavesa.com\/hu\/wp-json\/wp\/v2\/comments?post=98042"}],"wp:featuredmedia":[{"embeddable":true,"href":"https:\/\/aavesa.com\/hu\/wp-json\/wp\/v2\/media\/97308"}],"wp:attachment":[{"href":"https:\/\/aavesa.com\/hu\/wp-json\/wp\/v2\/media?parent=98042"}],"wp:term":[{"taxonomy":"product_brand","embeddable":true,"href":"https:\/\/aavesa.com\/hu\/wp-json\/wp\/v2\/product_brand?post=98042"},{"taxonomy":"product_cat","embeddable":true,"href":"https:\/\/aavesa.com\/hu\/wp-json\/wp\/v2\/product_cat?post=98042"},{"taxonomy":"product_tag","embeddable":true,"href":"https:\/\/aavesa.com\/hu\/wp-json\/wp\/v2\/product_tag?post=98042"}],"curies":[{"name":"wp","href":"https:\/\/api.w.org\/{rel}","templated":true}]}}