

{"id":98047,"date":"2025-09-26T15:50:55","date_gmt":"2025-09-26T15:50:55","guid":{"rendered":"https:\/\/aavesa.com\/product\/termeszetes-kanadai-rokaprem-kopeny-625-k\/"},"modified":"2025-09-26T15:50:55","modified_gmt":"2025-09-26T15:50:55","slug":"termeszetes-kanadai-rokaprem-kopeny-625-k","status":"publish","type":"product","link":"https:\/\/aavesa.com\/hu\/product\/termeszetes-kanadai-rokaprem-kopeny-625-k\/","title":{"rendered":"Term\u00e9szetes kanadai r\u00f3kapr\u00e9m k\u00f6peny 625 K"},"content":{"rendered":"<p data-start=\"78\" data-end=\"376\">Egyedi, eleg\u00e1ns \u00e9s abszol\u00fat l\u00e1tv\u00e1nyos, ez a term\u00e9szetes kanadai r\u00f3kabunda k\u00f6peny leny\u0171g\u00f6z\u0151 f\u00e9ny\u0171z\u0151 text\u00far\u00e1j\u00e1val \u00e9s meleg, autentikus \u00e1rnyalataival. A klasszikus szab\u00e1s, sz\u00e9les \u00e9s harmonikus vonalakkal, kiemeli a sz\u0151rme term\u00e9szetes sz\u00e9ps\u00e9g\u00e9t, \u00edgy ez a darab exkluz\u00edv v\u00e1laszt\u00e1s a t\u00e9li ruhat\u00e1rba. <\/p>\n<p data-start=\"378\" data-end=\"641\">A nyak t\u00f6v\u00e9ben finoman elhelyezett gazdag gall\u00e9r finoms\u00e1got \u00e9s k\u00e9nyelmet biztos\u00edt, \u00edgy k\u00f6nnyen kieg\u00e9sz\u00edtheti eleg\u00e1ns ruh\u00e1kkal. A diszkr\u00e9t r\u00f6gz\u00edt\u00e9si rendszer fenntartja a tiszta \u00e9s kifinomult megjelen\u00e9st, kiemelve a sz\u0151rme kiv\u00e9teles min\u0151s\u00e9g\u00e9t. <\/p>\n<p data-start=\"643\" data-end=\"836\">A meleg, term\u00e9szetes v\u00f6r\u00f6ses \u00e1rnyalatok el\u0151kel\u0151 \u00e9s id\u0151tlen hat\u00e1st keltenek, \u00edgy ez a k\u00f6peny ide\u00e1lis k\u00fcl\u00f6nleges esem\u00e9nyekre \u00e9s olyan pillanatokra, amikor a luxus \u00e9s a finom \u00edzl\u00e9s r\u00e9v\u00e9n szeretne kit\u0171nni.<\/p>\n<p>A term\u00e9k r\u00e9szletei:<\/p>\n<ul>\n<li>  Pr\u00e9mium term\u00e9szetes kanadai r\u00f3kabunda<\/li>\n<li>Sz\u00e9les, eleg\u00e1ns szab\u00e1s<\/li>\n<li>Gazdag kerek gall\u00e9r a nyak t\u00f6v\u00e9n\u00e9l<\/li>\n<li>Diszkr\u00e9t kamp\u00f3s \u00e9s szemes r\u00f6gz\u00edt\u00e9s<\/li>\n<li>Luxus text\u00fara term\u00e9szetes v\u00f6r\u00f6ses \u00e1rnyalatokkal<\/li>\n<li>Exkluz\u00edv design, t\u00f6k\u00e9letes a kifinomult megjelen\u00e9shez<\/li>\n<li>Hossz: 55 cm<\/li>\n<li data-start=\"838\" data-end=\"1124\">Modell\u00fcnk 175 cm magas \u00e9s 36-os m\u00e9retet visel.<\/li>\n<\/ul>\n","protected":false},"excerpt":{"rendered":"<p>Egyedi, eleg\u00e1ns \u00e9s abszol\u00fat l\u00e1tv\u00e1nyos, ez a term\u00e9szetes kanadai r\u00f3kabunda k\u00f6peny leny\u0171g\u00f6z\u0151 f\u00e9ny\u0171z\u0151 text\u00far\u00e1j\u00e1val \u00e9s meleg, autentikus \u00e1rnyalataival. A klasszikus szab\u00e1s, sz\u00e9les \u00e9s harmonikus vonalakkal, kiemeli a sz\u0151rme term\u00e9szetes sz\u00e9ps\u00e9g\u00e9t, \u00edgy ez a darab exkluz\u00edv v\u00e1laszt\u00e1s a t\u00e9li ruhat\u00e1rba. A nyak t\u00f6v\u00e9ben finoman elhelyezett gazdag gall\u00e9r finoms\u00e1got \u00e9s k\u00e9nyelmet biztos\u00edt, \u00edgy k\u00f6nnyen kieg\u00e9sz\u00edtheti eleg\u00e1ns ruh\u00e1kkal. [&hellip;]<\/p>\n","protected":false},"featured_media":97266,"comment_status":"closed","ping_status":"closed","template":"","meta":{"_acf_changed":false,"om_disable_all_campaigns":false,"inline_featured_image":false,"_monsterinsights_skip_tracking":false,"_monsterinsights_sitenote_active":false,"_monsterinsights_sitenote_note":"","_monsterinsights_sitenote_category":0},"product_brand":[],"product_cat":[918,766,765],"product_tag":[],"class_list":{"0":"post-98047","1":"product","2":"type-product","3":"status-publish","4":"has-post-thumbnail","6":"product_cat-2025-2026-kollekcio-autentikus-elegancia-szormeben-es-termeszetes-borben","7":"product_cat-bundas-kabatok-es-bundas-dzsekik-noknek","8":"product_cat-roka-szorme","10":"first","11":"instock","12":"taxable","13":"shipping-taxable","14":"purchasable","15":"product-type-variable","16":"has-default-attributes","17":"wvs-archive-product-wrapper"},"acf":{"categorie_feed":""},"aioseo_notices":[],"_links":{"self":[{"href":"https:\/\/aavesa.com\/hu\/wp-json\/wp\/v2\/product\/98047","targetHints":{"allow":["GET"]}}],"collection":[{"href":"https:\/\/aavesa.com\/hu\/wp-json\/wp\/v2\/product"}],"about":[{"href":"https:\/\/aavesa.com\/hu\/wp-json\/wp\/v2\/types\/product"}],"replies":[{"embeddable":true,"href":"https:\/\/aavesa.com\/hu\/wp-json\/wp\/v2\/comments?post=98047"}],"wp:featuredmedia":[{"embeddable":true,"href":"https:\/\/aavesa.com\/hu\/wp-json\/wp\/v2\/media\/97266"}],"wp:attachment":[{"href":"https:\/\/aavesa.com\/hu\/wp-json\/wp\/v2\/media?parent=98047"}],"wp:term":[{"taxonomy":"product_brand","embeddable":true,"href":"https:\/\/aavesa.com\/hu\/wp-json\/wp\/v2\/product_brand?post=98047"},{"taxonomy":"product_cat","embeddable":true,"href":"https:\/\/aavesa.com\/hu\/wp-json\/wp\/v2\/product_cat?post=98047"},{"taxonomy":"product_tag","embeddable":true,"href":"https:\/\/aavesa.com\/hu\/wp-json\/wp\/v2\/product_tag?post=98047"}],"curies":[{"name":"wp","href":"https:\/\/api.w.org\/{rel}","templated":true}]}}