

{"id":98048,"date":"2025-09-24T19:20:12","date_gmt":"2025-09-24T21:20:12","guid":{"rendered":"https:\/\/aavesa.com\/product\/birkabor-szorme-kabat-2107\/"},"modified":"2026-04-10T15:02:23","modified_gmt":"2026-04-10T17:02:23","slug":"birkabor-szorme-kabat-2107","status":"publish","type":"product","link":"https:\/\/aavesa.com\/hu\/product\/birkabor-szorme-kabat-2107\/","title":{"rendered":"Birkab\u0151r sz\u0151rme kab\u00e1t 2107"},"content":{"rendered":"<p data-start=\"75\" data-end=\"321\">N\u0151ies, kifinomult \u00e9s rendk\u00edv\u00fcl k\u00e9nyelmes, ez a term\u00e9szetes b\u00e1r\u00e1nyb\u0151r bunda t\u00f6k\u00e9letes v\u00e1laszt\u00e1s a hideg \u00e9vszakra. A puha \u00e9s sima text\u00far\u00e1j\u00fa pr\u00e9mium sz\u0151rm\u00e9b\u0151l k\u00e9sz\u00fclt darab diszkr\u00e9t eleganci\u00e1j\u00e1val \u00e9s a r\u00e9szletekre val\u00f3 odafigyel\u00e9ssel ny\u0171g\u00f6z le. <\/p>\n<p data-start=\"323\" data-end=\"597\">A laza szab\u00e1st magas gall\u00e9r eg\u00e9sz\u00edti ki, amely kiv\u00e1l\u00f3 v\u00e9delmet ny\u00fajt a hideg ellen, valamint k\u00e9t, a diz\u00e1jnba t\u00f6k\u00e9letesen integr\u00e1lt oldalzseb. A rejtett gombnyom\u00e1sos z\u00e1r\u00e1s fenntartja a kab\u00e1t letisztult, minimalista vonalvezet\u00e9s\u00e9t, mik\u00f6zben biztos\u00edtja a funkcionalit\u00e1st. <\/p>\n<p data-start=\"599\" data-end=\"745\">Ez a term\u00e9szetes sz\u0151rmekab\u00e1t gyorsan ruhat\u00e1rad kulcsfontoss\u00e1g\u00fa elem\u00e9v\u00e9 v\u00e1lik, ide\u00e1lis mind a h\u00e9tk\u00f6znapi, eleg\u00e1nsabb nappali \u00f6lt\u00f6z\u00e9kekhez, mind az eleg\u00e1nsabb megjelen\u00e9sekhez.<\/p>\n<p>A term\u00e9k r\u00e9szletei:<\/p>\n<ul>\n<li data-start=\"747\" data-end=\"999\">  Pr\u00e9mium min\u0151s\u00e9g\u0171 term\u00e9szetes b\u00e1r\u00e1nyb\u0151r sz\u0151rme<\/li>\n<li data-start=\"747\" data-end=\"999\">Sz\u00ednek: Fekete \u00e9s vil\u00e1gos r\u00f3zsasz\u00edn<\/li>\n<li data-start=\"747\" data-end=\"999\">Magas gall\u00e9r, eleg\u00e1ns \u00e9s praktikus<\/li>\n<li data-start=\"747\" data-end=\"999\">Rejtett nyom\u00f3gombos z\u00e1r\u00f3d\u00e1s<\/li>\n<li data-start=\"747\" data-end=\"999\">K\u00e9t oldals\u00f3 zseb<\/li>\n<li data-start=\"747\" data-end=\"999\">Puha, meleg \u00e9s kellemes tapint\u00e1s\u00fa text\u00fara<\/li>\n<li data-start=\"747\" data-end=\"999\">Hossz: 68 cm<\/li>\n<li data-start=\"747\" data-end=\"999\">Modell\u00fcnk 175 cm magas \u00e9s 36-os m\u00e9retet visel.<\/li>\n<\/ul>\n","protected":false},"excerpt":{"rendered":"<p>N\u0151ies, kifinomult \u00e9s rendk\u00edv\u00fcl k\u00e9nyelmes, ez a term\u00e9szetes b\u00e1r\u00e1nyb\u0151r bunda t\u00f6k\u00e9letes v\u00e1laszt\u00e1s a hideg \u00e9vszakra. A puha \u00e9s sima text\u00far\u00e1j\u00fa pr\u00e9mium sz\u0151rm\u00e9b\u0151l k\u00e9sz\u00fclt darab diszkr\u00e9t eleganci\u00e1j\u00e1val \u00e9s a r\u00e9szletekre val\u00f3 odafigyel\u00e9ssel ny\u0171g\u00f6z le. A laza szab\u00e1st magas gall\u00e9r eg\u00e9sz\u00edti ki, amely kiv\u00e1l\u00f3 v\u00e9delmet ny\u00fajt a hideg ellen, valamint k\u00e9t, a diz\u00e1jnba t\u00f6k\u00e9letesen integr\u00e1lt oldalzseb. A [&hellip;]<\/p>\n","protected":false},"featured_media":97300,"comment_status":"closed","ping_status":"closed","template":"","meta":{"_acf_changed":false,"om_disable_all_campaigns":false,"inline_featured_image":false,"_monsterinsights_skip_tracking":false,"_monsterinsights_sitenote_active":false,"_monsterinsights_sitenote_note":"","_monsterinsights_sitenote_category":0},"product_brand":[],"product_cat":[918,784,778,952,773,779,741],"product_tag":[],"class_list":{"0":"post-98048","1":"product","2":"type-product","3":"status-publish","4":"has-post-thumbnail","6":"product_cat-2025-2026-kollekcio-autentikus-elegancia-szormeben-es-termeszetes-borben","7":"product_cat-baranybor","8":"product_cat-baranybor-kabatok-hu","9":"product_cat-ferfi-es-noi-pehelypaplan-dzsekik-a-luxus-es-a-melegseg-vegso-kevereke","10":"product_cat-noi-shearling-dzsekik","11":"product_cat-noi-shearling-kabatok","12":"product_cat-nok","14":"first","15":"instock","16":"taxable","17":"shipping-taxable","18":"purchasable","19":"product-type-variable","20":"has-default-attributes","21":"wvs-archive-product-wrapper"},"acf":{"categorie_feed":""},"aioseo_notices":[],"_links":{"self":[{"href":"https:\/\/aavesa.com\/hu\/wp-json\/wp\/v2\/product\/98048","targetHints":{"allow":["GET"]}}],"collection":[{"href":"https:\/\/aavesa.com\/hu\/wp-json\/wp\/v2\/product"}],"about":[{"href":"https:\/\/aavesa.com\/hu\/wp-json\/wp\/v2\/types\/product"}],"replies":[{"embeddable":true,"href":"https:\/\/aavesa.com\/hu\/wp-json\/wp\/v2\/comments?post=98048"}],"wp:featuredmedia":[{"embeddable":true,"href":"https:\/\/aavesa.com\/hu\/wp-json\/wp\/v2\/media\/97300"}],"wp:attachment":[{"href":"https:\/\/aavesa.com\/hu\/wp-json\/wp\/v2\/media?parent=98048"}],"wp:term":[{"taxonomy":"product_brand","embeddable":true,"href":"https:\/\/aavesa.com\/hu\/wp-json\/wp\/v2\/product_brand?post=98048"},{"taxonomy":"product_cat","embeddable":true,"href":"https:\/\/aavesa.com\/hu\/wp-json\/wp\/v2\/product_cat?post=98048"},{"taxonomy":"product_tag","embeddable":true,"href":"https:\/\/aavesa.com\/hu\/wp-json\/wp\/v2\/product_tag?post=98048"}],"curies":[{"name":"wp","href":"https:\/\/api.w.org\/{rel}","templated":true}]}}