

{"id":98054,"date":"2025-09-24T19:00:20","date_gmt":"2025-09-24T19:00:20","guid":{"rendered":"https:\/\/aavesa.com\/product\/termeszetes-bor-rovidnadrag-660\/"},"modified":"2025-09-24T19:00:20","modified_gmt":"2025-09-24T19:00:20","slug":"termeszetes-bor-rovidnadrag-660","status":"publish","type":"product","link":"https:\/\/aavesa.com\/hu\/product\/termeszetes-bor-rovidnadrag-660\/","title":{"rendered":"Term\u00e9szetes b\u0151r r\u00f6vidnadr\u00e1g 660"},"content":{"rendered":"<p data-start=\"72\" data-end=\"376\">Modern, sokoldal\u00fa \u00e9s kifinomult st\u00edlus\u00fa ez a fekete nat\u00far b\u0151rnadr\u00e1g, amely egy igazi statement darab a n\u0151i ruhat\u00e1rban. Kiv\u00e1l\u00f3 min\u0151s\u00e9g\u0171, finom text\u00far\u00e1j\u00fa term\u00e9szetes b\u0151rb\u0151l k\u00e9sz\u00fclt, \u00e9s extra finoms\u00e1got k\u00f6lcs\u00f6n\u00f6z b\u00e1rmelyik \u00f6lt\u00f6z\u00e9knek, legyen az alkalmi vagy eleg\u00e1ns. <\/p>\n<p data-start=\"378\" data-end=\"573\">A magas der\u00e9kkal \u00e9s el\u00fcls\u0151 red\u0151kkel ell\u00e1tott, laza szab\u00e1s h\u00edzeleg a sziluettnek, \u00e9s olyan modern megjelen\u00e9st eredm\u00e9nyez, amelyet k\u00f6nny\u0171 minimalista fels\u0151kkel, selyembl\u00fazokkal vagy t\u00falm\u00e9retezett bl\u00e9zerekkel viselni.<\/p>\n<p data-start=\"575\" data-end=\"718\">Ezek a b\u0151rnadr\u00e1gok t\u00f6k\u00e9letesek a meleg napokra vagy az esti esem\u00e9nyekre, a k\u00e9nyelmet a st\u00edlussal \u00f6tv\u00f6zik, luxus \u00e9s mer\u00e9sz megjelen\u00e9st k\u00f6lcs\u00f6n\u00f6zve minden megjelen\u00e9snek.<\/p>\n<p>A term\u00e9k r\u00e9szletei:<\/p>\n<ul>\n<li data-start=\"720\" data-end=\"931\">100% term\u00e9szetes b\u0151r, pr\u00e9mium kivitelben<\/li>\n<li data-start=\"720\" data-end=\"931\">Sz\u00edn: Fekete<\/li>\n<li data-start=\"720\" data-end=\"931\">Magas der\u00e9kr\u00e9sz, enyh\u00e9n b\u0151v\u00edtett szab\u00e1ssal<\/li>\n<li data-start=\"720\" data-end=\"931\">El\u00fcls\u0151 red\u0151k az extra t\u00e9rfogat\u00e9rt \u00e9s eleganci\u00e1\u00e9rt<\/li>\n<li data-start=\"720\" data-end=\"931\">Hossz: 40 cm<\/li>\n<li data-start=\"720\" data-end=\"931\">Modell\u00fcnk 175 cm magas \u00e9s 36-os m\u00e9retet visel.<\/li>\n<\/ul>\n","protected":false},"excerpt":{"rendered":"<p>Modern, sokoldal\u00fa \u00e9s kifinomult st\u00edlus\u00fa ez a fekete nat\u00far b\u0151rnadr\u00e1g, amely egy igazi statement darab a n\u0151i ruhat\u00e1rban. Kiv\u00e1l\u00f3 min\u0151s\u00e9g\u0171, finom text\u00far\u00e1j\u00fa term\u00e9szetes b\u0151rb\u0151l k\u00e9sz\u00fclt, \u00e9s extra finoms\u00e1got k\u00f6lcs\u00f6n\u00f6z b\u00e1rmelyik \u00f6lt\u00f6z\u00e9knek, legyen az alkalmi vagy eleg\u00e1ns. A magas der\u00e9kkal \u00e9s el\u00fcls\u0151 red\u0151kkel ell\u00e1tott, laza szab\u00e1s h\u00edzeleg a sziluettnek, \u00e9s olyan modern megjelen\u00e9st eredm\u00e9nyez, amelyet k\u00f6nny\u0171 [&hellip;]<\/p>\n","protected":false},"featured_media":97295,"comment_status":"closed","ping_status":"closed","template":"","meta":{"_acf_changed":false,"om_disable_all_campaigns":false,"inline_featured_image":false,"_monsterinsights_skip_tracking":false,"_monsterinsights_sitenote_active":false,"_monsterinsights_sitenote_note":"","_monsterinsights_sitenote_category":0},"product_brand":[],"product_cat":[918,882,741,916],"product_tag":[],"class_list":{"0":"post-98054","1":"product","2":"type-product","3":"status-publish","4":"has-post-thumbnail","6":"product_cat-2025-2026-kollekcio-autentikus-elegancia-szormeben-es-termeszetes-borben","7":"product_cat-bor-nadragok-noknek","8":"product_cat-nok","9":"product_cat-valodi-bor-termekek-tavaszra-es-oszre-kabatok-nadragok-kabatok-szoknyak-es-loveszkabatok-kabatok-nadragok-kabatok-szoknyak-es-loveszkabatok","11":"first","12":"instock","13":"taxable","14":"shipping-taxable","15":"purchasable","16":"product-type-variable","17":"has-default-attributes","18":"wvs-archive-product-wrapper"},"acf":{"categorie_feed":""},"aioseo_notices":[],"_links":{"self":[{"href":"https:\/\/aavesa.com\/hu\/wp-json\/wp\/v2\/product\/98054","targetHints":{"allow":["GET"]}}],"collection":[{"href":"https:\/\/aavesa.com\/hu\/wp-json\/wp\/v2\/product"}],"about":[{"href":"https:\/\/aavesa.com\/hu\/wp-json\/wp\/v2\/types\/product"}],"replies":[{"embeddable":true,"href":"https:\/\/aavesa.com\/hu\/wp-json\/wp\/v2\/comments?post=98054"}],"wp:featuredmedia":[{"embeddable":true,"href":"https:\/\/aavesa.com\/hu\/wp-json\/wp\/v2\/media\/97295"}],"wp:attachment":[{"href":"https:\/\/aavesa.com\/hu\/wp-json\/wp\/v2\/media?parent=98054"}],"wp:term":[{"taxonomy":"product_brand","embeddable":true,"href":"https:\/\/aavesa.com\/hu\/wp-json\/wp\/v2\/product_brand?post=98054"},{"taxonomy":"product_cat","embeddable":true,"href":"https:\/\/aavesa.com\/hu\/wp-json\/wp\/v2\/product_cat?post=98054"},{"taxonomy":"product_tag","embeddable":true,"href":"https:\/\/aavesa.com\/hu\/wp-json\/wp\/v2\/product_tag?post=98054"}],"curies":[{"name":"wp","href":"https:\/\/api.w.org\/{rel}","templated":true}]}}