

{"id":98057,"date":"2025-09-27T16:20:52","date_gmt":"2025-09-27T16:20:52","guid":{"rendered":"https:\/\/aavesa.com\/product\/kanadai-roka-szorme-kabat-2100-k\/"},"modified":"2025-09-27T16:20:52","modified_gmt":"2025-09-27T16:20:52","slug":"kanadai-roka-szorme-kabat-2100-k","status":"publish","type":"product","link":"https:\/\/aavesa.com\/hu\/product\/kanadai-roka-szorme-kabat-2100-k\/","title":{"rendered":"Kanadai r\u00f3ka sz\u0151rme kab\u00e1t 2100 K"},"content":{"rendered":"<p data-start=\"74\" data-end=\"382\">Ez a kifinomult, f\u00e9ny\u0171z\u0151 \u00e9s l\u00e1tv\u00e1nyos, term\u00e9szetes kanadai r\u00f3kabund\u00e1b\u00f3l k\u00e9sz\u00fclt r\u00f6vid kab\u00e1t gazdag text\u00far\u00e1j\u00e1val \u00e9s kifinomult megjelen\u00e9s\u00e9vel ny\u0171g\u00f6z le. A laza szab\u00e1s, a k\u00f6zepes hossz\u00fas\u00e1g \u00e9s a foly\u00e9kony vonalak kiemelik a sz\u0151rme term\u00e9szetes sz\u00e9ps\u00e9g\u00e9t, \u00e9s olyan statement darabot alkotnak, amely minden figyelmet mag\u00e1val ragad. <\/p>\n<p data-start=\"384\" data-end=\"615\">A v\u00f6r\u00f6sesbarna term\u00e9szetes \u00e1rnyalataiban, feh\u00e9r akcentusokkal ell\u00e1tott meleg t\u00f3nusok a kanadai r\u00f3ka autentikus jelleg\u00e9t hangs\u00falyozz\u00e1k, \u00e9s b\u00e1rmilyen ruh\u00e1hoz &#8211; legyen sz\u00f3 ak\u00e1r esti megjelen\u00e9sr\u0151l, ak\u00e1r modern nappali megjelen\u00e9sr\u0151l &#8211; eleganci\u00e1t k\u00f6lcs\u00f6n\u00f6znek.<\/p>\n<p data-start=\"617\" data-end=\"869\">A diszkr\u00e9t kamp\u00f3s \u00e9s szemes z\u00e1r\u00f3d\u00e1s tiszta \u00e9s kifinomult megjelen\u00e9st biztos\u00edt, m\u00edg a gondosan kidolgozott szab\u00e1svonal k\u00e9nyelmet \u00e9s mozg\u00e1sszabads\u00e1got biztos\u00edt. K\u00e9t praktikus zsebbel is rendelkezik, amelyek t\u00f6k\u00e9letesen alkalmasak a kezek melegen tart\u00e1s\u00e1ra a hideg \u00e9vszakban. <\/p>\n<p>A term\u00e9k r\u00e9szletei:<\/p>\n<ul>\n<li data-start=\"871\" data-end=\"1141\">Teljesen term\u00e9szetes kanadai r\u00f3kasz\u0151rme, pr\u00e9mium min\u0151s\u00e9g\u0171<\/li>\n<li data-start=\"871\" data-end=\"1141\">Puha, f\u00e9ny\u0171z\u0151 text\u00fara<\/li>\n<li data-start=\"871\" data-end=\"1141\">Hook-and-eye z\u00e1r\u00f3rendszer<\/li>\n<li data-start=\"871\" data-end=\"1141\">Egyenes, k\u00e9nyelmes v\u00e1g\u00e1s<\/li>\n<li data-start=\"871\" data-end=\"1141\">Meleg, term\u00e9szetes t\u00f3nusok<\/li>\n<li data-start=\"871\" data-end=\"1141\">Alkalmas k\u00fcl\u00f6nleges esem\u00e9nyekre \u00e9s eleg\u00e1ns nappali ruh\u00e1khoz egyar\u00e1nt.<\/li>\n<li data-start=\"871\" data-end=\"1141\">Hossz: 57 cm<\/li>\n<li data-start=\"871\" data-end=\"1141\">Modell\u00fcnk 175 cm magas \u00e9s 36-os m\u00e9retet visel.<\/li>\n<\/ul>\n","protected":false},"excerpt":{"rendered":"<p>Ez a kifinomult, f\u00e9ny\u0171z\u0151 \u00e9s l\u00e1tv\u00e1nyos, term\u00e9szetes kanadai r\u00f3kabund\u00e1b\u00f3l k\u00e9sz\u00fclt r\u00f6vid kab\u00e1t gazdag text\u00far\u00e1j\u00e1val \u00e9s kifinomult megjelen\u00e9s\u00e9vel ny\u0171g\u00f6z le. A laza szab\u00e1s, a k\u00f6zepes hossz\u00fas\u00e1g \u00e9s a foly\u00e9kony vonalak kiemelik a sz\u0151rme term\u00e9szetes sz\u00e9ps\u00e9g\u00e9t, \u00e9s olyan statement darabot alkotnak, amely minden figyelmet mag\u00e1val ragad. A v\u00f6r\u00f6sesbarna term\u00e9szetes \u00e1rnyalataiban, feh\u00e9r akcentusokkal ell\u00e1tott meleg t\u00f3nusok a kanadai [&hellip;]<\/p>\n","protected":false},"featured_media":97260,"comment_status":"closed","ping_status":"closed","template":"","meta":{"_acf_changed":false,"om_disable_all_campaigns":false,"inline_featured_image":false,"_monsterinsights_skip_tracking":false,"_monsterinsights_sitenote_active":false,"_monsterinsights_sitenote_note":"","_monsterinsights_sitenote_category":0},"product_brand":[],"product_cat":[918,766,741,765],"product_tag":[],"class_list":{"0":"post-98057","1":"product","2":"type-product","3":"status-publish","4":"has-post-thumbnail","6":"product_cat-2025-2026-kollekcio-autentikus-elegancia-szormeben-es-termeszetes-borben","7":"product_cat-bundas-kabatok-es-bundas-dzsekik-noknek","8":"product_cat-nok","9":"product_cat-roka-szorme","11":"first","12":"instock","13":"taxable","14":"shipping-taxable","15":"purchasable","16":"product-type-variable","17":"has-default-attributes","18":"wvs-archive-product-wrapper"},"acf":{"categorie_feed":""},"aioseo_notices":[],"_links":{"self":[{"href":"https:\/\/aavesa.com\/hu\/wp-json\/wp\/v2\/product\/98057","targetHints":{"allow":["GET"]}}],"collection":[{"href":"https:\/\/aavesa.com\/hu\/wp-json\/wp\/v2\/product"}],"about":[{"href":"https:\/\/aavesa.com\/hu\/wp-json\/wp\/v2\/types\/product"}],"replies":[{"embeddable":true,"href":"https:\/\/aavesa.com\/hu\/wp-json\/wp\/v2\/comments?post=98057"}],"wp:featuredmedia":[{"embeddable":true,"href":"https:\/\/aavesa.com\/hu\/wp-json\/wp\/v2\/media\/97260"}],"wp:attachment":[{"href":"https:\/\/aavesa.com\/hu\/wp-json\/wp\/v2\/media?parent=98057"}],"wp:term":[{"taxonomy":"product_brand","embeddable":true,"href":"https:\/\/aavesa.com\/hu\/wp-json\/wp\/v2\/product_brand?post=98057"},{"taxonomy":"product_cat","embeddable":true,"href":"https:\/\/aavesa.com\/hu\/wp-json\/wp\/v2\/product_cat?post=98057"},{"taxonomy":"product_tag","embeddable":true,"href":"https:\/\/aavesa.com\/hu\/wp-json\/wp\/v2\/product_tag?post=98057"}],"curies":[{"name":"wp","href":"https:\/\/api.w.org\/{rel}","templated":true}]}}