

{"id":98059,"date":"2025-09-25T17:30:29","date_gmt":"2025-09-25T17:30:29","guid":{"rendered":"https:\/\/aavesa.com\/product\/termeszetes-borszoknya-659\/"},"modified":"2025-09-25T17:30:29","modified_gmt":"2025-09-25T17:30:29","slug":"termeszetes-borszoknya-659","status":"publish","type":"product","link":"https:\/\/aavesa.com\/hu\/product\/termeszetes-borszoknya-659\/","title":{"rendered":"Term\u00e9szetes b\u0151rszoknya 659"},"content":{"rendered":"<p data-start=\"77\" data-end=\"340\">Ez a kifinomult, n\u0151ies \u00e9s id\u0151tlen diz\u00e1jn\u00fa, barna sz\u00edn\u0171 b\u0151rszoknya minden modern n\u0151 ruhat\u00e1r\u00e1nak meghat\u00e1roz\u00f3 darabja. A midi szab\u00e1s, az oldals\u00f3 tekerv\u00e9nyes z\u00e1r\u00f3d\u00e1ssal \u00e9s az eleg\u00e1ns red\u0151s r\u00e9szletekkel kiemeli a sziluettet, \u00e9s kifinomults\u00e1got k\u00f6lcs\u00f6n\u00f6z b\u00e1rmelyik \u00f6lt\u00f6z\u00e9knek. <\/p>\n<p data-start=\"342\" data-end=\"563\">Kiv\u00e1l\u00f3 min\u0151s\u00e9g\u0171 term\u00e9szetes b\u0151rb\u0151l k\u00e9sz\u00fclt, puha \u00e9s sima tapint\u00e1s\u00fa, luxus \u00e9rzetet \u00e9s kiv\u00e9teles sokoldal\u00fas\u00e1got sug\u00e1roz. A szoknya k\u00f6nnyen stiliz\u00e1lhat\u00f3 irodai megjelen\u00e9shez \u00e9s eleg\u00e1ns esti megjelen\u00e9shez egyar\u00e1nt. <\/p>\n<p data-start=\"565\" data-end=\"639\">A klasszikus eleganci\u00e1t \u00e9s a kort\u00e1rs st\u00edlust \u00f6tv\u00f6z\u0151, alapvet\u0151 modell.<\/p>\n<p>A term\u00e9k r\u00e9szletei:<\/p>\n<ul>\n<li data-start=\"641\" data-end=\"848\">100% term\u00e9szetes b\u0151r, pr\u00e9mium kivitelben<\/li>\n<li data-start=\"641\" data-end=\"848\">Csomagol\u00e1sos z\u00e1r\u00f3d\u00e1s oldals\u00f3 gombbal<\/li>\n<li data-start=\"641\" data-end=\"848\">R\u00e1ncos r\u00e9szlet a st\u00edlusos hat\u00e1s\u00e9rt<\/li>\n<li data-start=\"641\" data-end=\"848\">Egyenes szab\u00e1s, midi hossz<\/li>\n<li data-start=\"641\" data-end=\"848\">Sz\u00ednek: Fekete<\/li>\n<li data-start=\"641\" data-end=\"848\">  Hossz: 77 cm<\/li>\n<li data-start=\"641\" data-end=\"848\">Modell\u00fcnk 175 cm magas \u00e9s 36-os m\u00e9retet visel.<\/li>\n<\/ul>\n","protected":false},"excerpt":{"rendered":"<p>Ez a kifinomult, n\u0151ies \u00e9s id\u0151tlen diz\u00e1jn\u00fa, barna sz\u00edn\u0171 b\u0151rszoknya minden modern n\u0151 ruhat\u00e1r\u00e1nak meghat\u00e1roz\u00f3 darabja. A midi szab\u00e1s, az oldals\u00f3 tekerv\u00e9nyes z\u00e1r\u00f3d\u00e1ssal \u00e9s az eleg\u00e1ns red\u0151s r\u00e9szletekkel kiemeli a sziluettet, \u00e9s kifinomults\u00e1got k\u00f6lcs\u00f6n\u00f6z b\u00e1rmelyik \u00f6lt\u00f6z\u00e9knek. Kiv\u00e1l\u00f3 min\u0151s\u00e9g\u0171 term\u00e9szetes b\u0151rb\u0151l k\u00e9sz\u00fclt, puha \u00e9s sima tapint\u00e1s\u00fa, luxus \u00e9rzetet \u00e9s kiv\u00e9teles sokoldal\u00fas\u00e1got sug\u00e1roz. A szoknya k\u00f6nnyen stiliz\u00e1lhat\u00f3 [&hellip;]<\/p>\n","protected":false},"featured_media":97289,"comment_status":"closed","ping_status":"closed","template":"","meta":{"_acf_changed":false,"om_disable_all_campaigns":false,"inline_featured_image":false,"_monsterinsights_skip_tracking":false,"_monsterinsights_sitenote_active":false,"_monsterinsights_sitenote_note":"","_monsterinsights_sitenote_category":0},"product_brand":[],"product_cat":[918,881,916],"product_tag":[],"class_list":{"0":"post-98059","1":"product","2":"type-product","3":"status-publish","4":"has-post-thumbnail","6":"product_cat-2025-2026-kollekcio-autentikus-elegancia-szormeben-es-termeszetes-borben","7":"product_cat-bor-szoknyak-noknek","8":"product_cat-valodi-bor-termekek-tavaszra-es-oszre-kabatok-nadragok-kabatok-szoknyak-es-loveszkabatok-kabatok-nadragok-kabatok-szoknyak-es-loveszkabatok","10":"first","11":"instock","12":"taxable","13":"shipping-taxable","14":"purchasable","15":"product-type-variable","16":"has-default-attributes","17":"wvs-archive-product-wrapper"},"acf":{"categorie_feed":""},"aioseo_notices":[],"_links":{"self":[{"href":"https:\/\/aavesa.com\/hu\/wp-json\/wp\/v2\/product\/98059","targetHints":{"allow":["GET"]}}],"collection":[{"href":"https:\/\/aavesa.com\/hu\/wp-json\/wp\/v2\/product"}],"about":[{"href":"https:\/\/aavesa.com\/hu\/wp-json\/wp\/v2\/types\/product"}],"replies":[{"embeddable":true,"href":"https:\/\/aavesa.com\/hu\/wp-json\/wp\/v2\/comments?post=98059"}],"wp:featuredmedia":[{"embeddable":true,"href":"https:\/\/aavesa.com\/hu\/wp-json\/wp\/v2\/media\/97289"}],"wp:attachment":[{"href":"https:\/\/aavesa.com\/hu\/wp-json\/wp\/v2\/media?parent=98059"}],"wp:term":[{"taxonomy":"product_brand","embeddable":true,"href":"https:\/\/aavesa.com\/hu\/wp-json\/wp\/v2\/product_brand?post=98059"},{"taxonomy":"product_cat","embeddable":true,"href":"https:\/\/aavesa.com\/hu\/wp-json\/wp\/v2\/product_cat?post=98059"},{"taxonomy":"product_tag","embeddable":true,"href":"https:\/\/aavesa.com\/hu\/wp-json\/wp\/v2\/product_tag?post=98059"}],"curies":[{"name":"wp","href":"https:\/\/api.w.org\/{rel}","templated":true}]}}