

{"id":98061,"date":"2025-09-28T07:10:38","date_gmt":"2025-09-28T07:10:38","guid":{"rendered":"https:\/\/aavesa.com\/product\/mink-szorme-kabat-3405-s\/"},"modified":"2025-09-28T07:10:38","modified_gmt":"2025-09-28T07:10:38","slug":"mink-szorme-kabat-3405-s","status":"publish","type":"product","link":"https:\/\/aavesa.com\/hu\/product\/mink-szorme-kabat-3405-s\/","title":{"rendered":"Mink sz\u0151rme kab\u00e1t 3405 S"},"content":{"rendered":"<p data-start=\"76\" data-end=\"328\">Modern, f\u00e9ny\u0171z\u0151 \u00e9s rendk\u00edv\u00fcl sokoldal\u00fa, ez a teljes nercbund\u00e1b\u00f3l k\u00e9sz\u00fclt f\u00e9rfi dzseki igazi statement darab a hideg \u00e9vszakban. A term\u00e9szetes nercbunda pr\u00e9mium min\u0151s\u00e9g\u0171, kifinomult \u00e9s impoz\u00e1ns megjelen\u00e9st biztos\u00edt, t\u00f6k\u00e9letes az autentikus eleganci\u00e1ra v\u00e1gy\u00f3k sz\u00e1m\u00e1ra. <\/p>\n<p data-start=\"330\" data-end=\"528\">A magas gall\u00e9rral kieg\u00e9sz\u00edtett alkalmazkod\u00f3 kialak\u00edt\u00e1s extra v\u00e9delmet \u00e9s st\u00edlusos megjelen\u00e9st biztos\u00edt, m\u00edg a mandzsett\u00e1n \u00e9s a szeg\u00e9lyen tal\u00e1lhat\u00f3 rugalmas b\u0151r szeg\u00e9ly k\u00e9nyelmes illeszked\u00e9st \u00e9s modern befejez\u00e9st biztos\u00edt.<\/p>\n<p data-start=\"530\" data-end=\"655\">A kab\u00e1t k\u00e9t funkcion\u00e1lis zsebbel rendelkezik, a praktikus cipz\u00e1ras z\u00e1r\u00e1s pedig tiszta \u00e9s j\u00f3l elk\u00fcl\u00f6n\u00fcl\u0151 megjelen\u00e9st biztos\u00edt.<\/p>\n<p data-start=\"657\" data-end=\"807\">A klasszikus fekete sz\u00ednben kaphat\u00f3 kab\u00e1t gyorsan luxuscikk\u00e9 v\u00e1lik, amely z\u00f6kken\u0151mentesen illeszkedik mind a h\u00e9tk\u00f6znapi, mind a smart-casual \u00f6lt\u00f6z\u00e9kbe.<\/p>\n<p>A term\u00e9k r\u00e9szletei:<\/p>\n<ul>\n<li>Teljesen term\u00e9szetes nercbunda, pr\u00e9mium min\u0151s\u00e9g\u0171<\/li>\n<li>Eleg\u00e1ns \u00e9s funkcion\u00e1lis magas gall\u00e9r<\/li>\n<li>Elasztikus b\u0151r szeg\u00e9ly a mandzsett\u00e1n \u00e9s a szeg\u00e9lyen<\/li>\n<li>El\u00fcls\u0151 cipz\u00e1ras z\u00e1r\u00f3d\u00e1s<\/li>\n<li>K\u00e9t el\u00fcls\u0151 zseb<\/li>\n<li>  Sz\u00edn: Fekete<\/li>\n<li>Modell\u00fcnk 185 cm magas \u00e9s 50-es m\u00e9retet visel.<\/li>\n<\/ul>\n","protected":false},"excerpt":{"rendered":"<p>Modern, f\u00e9ny\u0171z\u0151 \u00e9s rendk\u00edv\u00fcl sokoldal\u00fa, ez a teljes nercbund\u00e1b\u00f3l k\u00e9sz\u00fclt f\u00e9rfi dzseki igazi statement darab a hideg \u00e9vszakban. A term\u00e9szetes nercbunda pr\u00e9mium min\u0151s\u00e9g\u0171, kifinomult \u00e9s impoz\u00e1ns megjelen\u00e9st biztos\u00edt, t\u00f6k\u00e9letes az autentikus eleganci\u00e1ra v\u00e1gy\u00f3k sz\u00e1m\u00e1ra. A magas gall\u00e9rral kieg\u00e9sz\u00edtett alkalmazkod\u00f3 kialak\u00edt\u00e1s extra v\u00e9delmet \u00e9s st\u00edlusos megjelen\u00e9st biztos\u00edt, m\u00edg a mandzsett\u00e1n \u00e9s a szeg\u00e9lyen tal\u00e1lhat\u00f3 rugalmas b\u0151r [&hellip;]<\/p>\n","protected":false},"featured_media":97254,"comment_status":"closed","ping_status":"closed","template":"","meta":{"_acf_changed":false,"om_disable_all_campaigns":false,"inline_featured_image":false,"_monsterinsights_skip_tracking":false,"_monsterinsights_sitenote_active":false,"_monsterinsights_sitenote_note":"","_monsterinsights_sitenote_category":0},"product_brand":[],"product_cat":[918,794,769],"product_tag":[],"class_list":{"0":"post-98061","1":"product","2":"type-product","3":"status-publish","4":"has-post-thumbnail","6":"product_cat-2025-2026-kollekcio-autentikus-elegancia-szormeben-es-termeszetes-borben","7":"product_cat-ferfi-bundak","8":"product_cat-nerc-szorme","10":"first","11":"instock","12":"taxable","13":"shipping-taxable","14":"purchasable","15":"product-type-variable","16":"has-default-attributes","17":"wvs-archive-product-wrapper"},"acf":{"categorie_feed":""},"aioseo_notices":[],"_links":{"self":[{"href":"https:\/\/aavesa.com\/hu\/wp-json\/wp\/v2\/product\/98061","targetHints":{"allow":["GET"]}}],"collection":[{"href":"https:\/\/aavesa.com\/hu\/wp-json\/wp\/v2\/product"}],"about":[{"href":"https:\/\/aavesa.com\/hu\/wp-json\/wp\/v2\/types\/product"}],"replies":[{"embeddable":true,"href":"https:\/\/aavesa.com\/hu\/wp-json\/wp\/v2\/comments?post=98061"}],"wp:featuredmedia":[{"embeddable":true,"href":"https:\/\/aavesa.com\/hu\/wp-json\/wp\/v2\/media\/97254"}],"wp:attachment":[{"href":"https:\/\/aavesa.com\/hu\/wp-json\/wp\/v2\/media?parent=98061"}],"wp:term":[{"taxonomy":"product_brand","embeddable":true,"href":"https:\/\/aavesa.com\/hu\/wp-json\/wp\/v2\/product_brand?post=98061"},{"taxonomy":"product_cat","embeddable":true,"href":"https:\/\/aavesa.com\/hu\/wp-json\/wp\/v2\/product_cat?post=98061"},{"taxonomy":"product_tag","embeddable":true,"href":"https:\/\/aavesa.com\/hu\/wp-json\/wp\/v2\/product_tag?post=98061"}],"curies":[{"name":"wp","href":"https:\/\/api.w.org\/{rel}","templated":true}]}}