

{"id":98063,"date":"2025-09-26T15:30:27","date_gmt":"2025-09-26T17:30:27","guid":{"rendered":"https:\/\/aavesa.com\/product\/fonott-valodi-bordzseki-1061\/"},"modified":"2025-09-26T15:30:27","modified_gmt":"2025-09-26T15:30:27","slug":"fonott-valodi-bordzseki-1061","status":"publish","type":"product","link":"https:\/\/aavesa.com\/hu\/product\/fonott-valodi-bordzseki-1061\/","title":{"rendered":"Fonott val\u00f3di b\u0151rdzseki 1061"},"content":{"rendered":"<p>Eredeti, modern \u00e9s avantg\u00e1rd hangulat\u00fa, fonott val\u00f3di b\u0151rb\u0151l k\u00e9sz\u00fclt bomberdzseki, amely minden tekintetet mag\u00e1ra vonz. A k\u00e9zzel fonott text\u00fara f\u00e9ny\u0171z\u0151 \u00e9s kifinomult megjelen\u00e9st biztos\u00edt, kiemelve a r\u00e9szletekre ford\u00edtott figyelmet \u00e9s az anyag kiv\u00e1l\u00f3 min\u0151s\u00e9g\u00e9t. <\/p>\n<p>A bomber szab\u00e1s, rugalmas der\u00e9kkal \u00e9s b\u0151 ujjakkal, k\u00e9nyelmet \u00e9s sokoldal\u00fas\u00e1got k\u00edn\u00e1l, k\u00f6nnyen integr\u00e1lhat\u00f3 v\u00e1rosi, alkalmi vagy eleg\u00e1ns ruh\u00e1kba. A kab\u00e1t k\u00e9t oldals\u00f3 zsebbel \u00e9s egy tov\u00e1bbi cipz\u00e1ras zsebbel rendelkezik, amely a jobb fels\u0151 oldalon helyezkedik el, \u00e9s t\u00f6k\u00e9letesen megfelel a tov\u00e1bbi funkcionalit\u00e1snak. <\/p>\n<p>Az el\u00fcls\u0151 z\u00e1r\u00e1s egy rejtett cipz\u00e1rral k\u00e9sz\u00fclt egy kapcsokkal ell\u00e1tott patent alatt, fenntartva a tiszta \u00e9s kiegyens\u00falyozott megjelen\u00e9st.<\/p>\n<p>A term\u00e9k r\u00e9szletei:<\/p>\n<ul>\n<li>K\u00e9zzel fonott val\u00f3di b\u0151r<\/li>\n<li>Bomber szab\u00e1s, elasztikus der\u00e9kkal<\/li>\n<li>K\u00e9t oldals\u00f3 zseb + fels\u0151 cipz\u00e1ras zseb<\/li>\n<li>Cipz\u00e1r \u00e9s kapcsos z\u00e1r\u00f3d\u00e1s<\/li>\n<li>Sz\u00edn: fekete<\/li>\n<li>Kort\u00e1rs design, pr\u00e9mium min\u0151s\u00e9g<\/li>\n<li>  Hossz: 50 cm<\/li>\n<li>Modell\u00fcnk 175 cm magas \u00e9s 36-os m\u00e9retet visel.<\/li>\n<\/ul>\n","protected":false},"excerpt":{"rendered":"<p>Eredeti, modern \u00e9s avantg\u00e1rd hangulat\u00fa, fonott val\u00f3di b\u0151rb\u0151l k\u00e9sz\u00fclt bomberdzseki, amely minden tekintetet mag\u00e1ra vonz. A k\u00e9zzel fonott text\u00fara f\u00e9ny\u0171z\u0151 \u00e9s kifinomult megjelen\u00e9st biztos\u00edt, kiemelve a r\u00e9szletekre ford\u00edtott figyelmet \u00e9s az anyag kiv\u00e1l\u00f3 min\u0151s\u00e9g\u00e9t. A bomber szab\u00e1s, rugalmas der\u00e9kkal \u00e9s b\u0151 ujjakkal, k\u00e9nyelmet \u00e9s sokoldal\u00fas\u00e1got k\u00edn\u00e1l, k\u00f6nnyen integr\u00e1lhat\u00f3 v\u00e1rosi, alkalmi vagy eleg\u00e1ns ruh\u00e1kba. A kab\u00e1t [&hellip;]<\/p>\n","protected":false},"featured_media":97283,"comment_status":"closed","ping_status":"closed","template":"","meta":{"_acf_changed":false,"om_disable_all_campaigns":false,"inline_featured_image":false,"_monsterinsights_skip_tracking":false,"_monsterinsights_sitenote_active":false,"_monsterinsights_sitenote_note":"","_monsterinsights_sitenote_category":0},"product_brand":[],"product_cat":[918,767,741,916],"product_tag":[],"class_list":{"0":"post-98063","1":"product","2":"type-product","3":"status-publish","4":"has-post-thumbnail","6":"product_cat-2025-2026-kollekcio-autentikus-elegancia-szormeben-es-termeszetes-borben","7":"product_cat-borkabatok-noknek","8":"product_cat-nok","9":"product_cat-valodi-bor-termekek-tavaszra-es-oszre-kabatok-nadragok-kabatok-szoknyak-es-loveszkabatok-kabatok-nadragok-kabatok-szoknyak-es-loveszkabatok","11":"first","12":"instock","13":"taxable","14":"shipping-taxable","15":"purchasable","16":"product-type-variable","17":"has-default-attributes","18":"wvs-archive-product-wrapper"},"acf":{"categorie_feed":""},"aioseo_notices":[],"_links":{"self":[{"href":"https:\/\/aavesa.com\/hu\/wp-json\/wp\/v2\/product\/98063","targetHints":{"allow":["GET"]}}],"collection":[{"href":"https:\/\/aavesa.com\/hu\/wp-json\/wp\/v2\/product"}],"about":[{"href":"https:\/\/aavesa.com\/hu\/wp-json\/wp\/v2\/types\/product"}],"replies":[{"embeddable":true,"href":"https:\/\/aavesa.com\/hu\/wp-json\/wp\/v2\/comments?post=98063"}],"wp:featuredmedia":[{"embeddable":true,"href":"https:\/\/aavesa.com\/hu\/wp-json\/wp\/v2\/media\/97283"}],"wp:attachment":[{"href":"https:\/\/aavesa.com\/hu\/wp-json\/wp\/v2\/media?parent=98063"}],"wp:term":[{"taxonomy":"product_brand","embeddable":true,"href":"https:\/\/aavesa.com\/hu\/wp-json\/wp\/v2\/product_brand?post=98063"},{"taxonomy":"product_cat","embeddable":true,"href":"https:\/\/aavesa.com\/hu\/wp-json\/wp\/v2\/product_cat?post=98063"},{"taxonomy":"product_tag","embeddable":true,"href":"https:\/\/aavesa.com\/hu\/wp-json\/wp\/v2\/product_tag?post=98063"}],"curies":[{"name":"wp","href":"https:\/\/api.w.org\/{rel}","templated":true}]}}