

{"id":98069,"date":"2025-04-19T13:08:00","date_gmt":"2025-04-19T13:08:00","guid":{"rendered":"https:\/\/aavesa.com\/product\/baranybor-papucs-912\/"},"modified":"2025-04-19T13:08:00","modified_gmt":"2025-04-19T13:08:00","slug":"baranybor-papucs-912","status":"publish","type":"product","link":"https:\/\/aavesa.com\/hu\/product\/baranybor-papucs-912\/","title":{"rendered":"B\u00e1r\u00e1nyb\u0151r papucs 912"},"content":{"rendered":"<p class=\"\" data-start=\"246\" data-end=\"525\">Adjon egy csipetnyi k\u00e9nyelmet \u00e9s eleganci\u00e1t a mindennapjaihoz a <strong data-start=\"313\" data-end=\"345\">Model 912 b\u00e1r\u00e1nyb\u0151r papuccsal<\/strong>. Az otthoni t\u00f6k\u00e9letes kikapcsol\u00f3d\u00e1shoz tervezett, <strong data-start=\"432\" data-end=\"457\">kiv\u00e1l\u00f3 min\u0151s\u00e9g\u0171 b\u00e1r\u00e1nysz\u0151rb\u0151l<\/strong> k\u00e9sz\u00fclt <strong data-start=\"395\" data-end=\"414\">belt\u00e9ri papucsok<\/strong> kiv\u00e9teles meleget \u00e9s luxus \u00e9rzetet biztos\u00edtanak minden l\u00e9p\u00e9sn\u00e9l. <\/p>\n<p class=\"\" data-start=\"527\" data-end=\"813\">T\u00f6bbf\u00e9le eleg\u00e1ns sz\u00ednben &#8211; b\u00e9zs<strong data-start=\"568\" data-end=\"609\">, sz\u00fcrke, konyak, s\u00e1rga, z\u00f6ld \u00e9s menta &#8211;<\/strong>kaphat\u00f3, t\u00f6k\u00e9letes v\u00e1laszt\u00e1s azoknak, akik a leglaz\u00e1bb pillanatokban is \u00e9rt\u00e9kelik a st\u00edlust. A <strong data-start=\"708\" data-end=\"737\">modern, minimalista diz\u00e1jn<\/strong> \u00e9s az ultra-puha text\u00fara igazi k\u00e9nyeztet\u00e9ss\u00e9 teszi ezeket a papucsokat a l\u00e1bad sz\u00e1m\u00e1ra. <\/p>\n<ul data-start=\"815\" data-end=\"1063\">\n<li class=\"\" data-start=\"815\" data-end=\"857\">\n<p class=\"\" data-start=\"817\" data-end=\"857\">Term\u00e9szetes b\u00e1r\u00e1nyb\u0151rb\u0151l (b\u00e1r\u00e1nysz\u0151rme) k\u00e9sz\u00fclt.<\/p>\n<\/li>\n<li class=\"\" data-start=\"858\" data-end=\"900\">\n<p class=\"\" data-start=\"860\" data-end=\"900\">Meleg, l\u00e9g\u00e1tereszt\u0151 \u00e9s nedvess\u00e9gszab\u00e1lyoz\u00f3<\/p>\n<\/li>\n<li class=\"\" data-start=\"901\" data-end=\"944\">\n<p class=\"\" data-start=\"903\" data-end=\"944\">Puha tapint\u00e1s\u00fa bels\u0151 t\u00e9r a maxim\u00e1lis k\u00e9nyelem\u00e9rt<\/p>\n<\/li>\n<li class=\"\" data-start=\"945\" data-end=\"994\">\n<p class=\"\" data-start=\"947\" data-end=\"994\">K\u00f6nny\u0171 \u00e9s k\u00f6nnyen viselhet\u0151 a h\u00e1z k\u00f6r\u00fcl<\/p>\n<\/li>\n<li class=\"\" data-start=\"995\" data-end=\"1063\">\n<p class=\"\" data-start=\"997\" data-end=\"1063\">6 st\u00edlusos sz\u00ednben kaphat\u00f3: b\u00e9zs, sz\u00fcrke, konyak, s\u00e1rga, menta, z\u00f6ld.<\/p>\n<\/li>\n<\/ul>\n","protected":false},"excerpt":{"rendered":"<p>Adjon egy csipetnyi k\u00e9nyelmet \u00e9s eleganci\u00e1t a mindennapjaihoz a Model 912 b\u00e1r\u00e1nyb\u0151r papuccsal. Az otthoni t\u00f6k\u00e9letes kikapcsol\u00f3d\u00e1shoz tervezett, kiv\u00e1l\u00f3 min\u0151s\u00e9g\u0171 b\u00e1r\u00e1nysz\u0151rb\u0151l k\u00e9sz\u00fclt belt\u00e9ri papucsok kiv\u00e9teles meleget \u00e9s luxus \u00e9rzetet biztos\u00edtanak minden l\u00e9p\u00e9sn\u00e9l. T\u00f6bbf\u00e9le eleg\u00e1ns sz\u00ednben &#8211; b\u00e9zs, sz\u00fcrke, konyak, s\u00e1rga, z\u00f6ld \u00e9s menta &#8211;kaphat\u00f3, t\u00f6k\u00e9letes v\u00e1laszt\u00e1s azoknak, akik a leglaz\u00e1bb pillanatokban is \u00e9rt\u00e9kelik a st\u00edlust. [&hellip;]<\/p>\n","protected":false},"featured_media":96740,"comment_status":"closed","ping_status":"closed","template":"","meta":{"_acf_changed":false,"om_disable_all_campaigns":false,"inline_featured_image":false,"_monsterinsights_skip_tracking":false,"_monsterinsights_sitenote_active":false,"_monsterinsights_sitenote_note":"","_monsterinsights_sitenote_category":0},"product_brand":[],"product_cat":[918,784,801],"product_tag":[],"class_list":{"0":"post-98069","1":"product","2":"type-product","3":"status-publish","4":"has-post-thumbnail","6":"product_cat-2025-2026-kollekcio-autentikus-elegancia-szormeben-es-termeszetes-borben","7":"product_cat-baranybor","8":"product_cat-baranybor-papucs","10":"first","11":"instock","12":"taxable","13":"shipping-taxable","14":"purchasable","15":"product-type-variable","16":"has-default-attributes","17":"wvs-archive-product-wrapper"},"acf":{"categorie_feed":""},"aioseo_notices":[],"_links":{"self":[{"href":"https:\/\/aavesa.com\/hu\/wp-json\/wp\/v2\/product\/98069","targetHints":{"allow":["GET"]}}],"collection":[{"href":"https:\/\/aavesa.com\/hu\/wp-json\/wp\/v2\/product"}],"about":[{"href":"https:\/\/aavesa.com\/hu\/wp-json\/wp\/v2\/types\/product"}],"replies":[{"embeddable":true,"href":"https:\/\/aavesa.com\/hu\/wp-json\/wp\/v2\/comments?post=98069"}],"wp:featuredmedia":[{"embeddable":true,"href":"https:\/\/aavesa.com\/hu\/wp-json\/wp\/v2\/media\/96740"}],"wp:attachment":[{"href":"https:\/\/aavesa.com\/hu\/wp-json\/wp\/v2\/media?parent=98069"}],"wp:term":[{"taxonomy":"product_brand","embeddable":true,"href":"https:\/\/aavesa.com\/hu\/wp-json\/wp\/v2\/product_brand?post=98069"},{"taxonomy":"product_cat","embeddable":true,"href":"https:\/\/aavesa.com\/hu\/wp-json\/wp\/v2\/product_cat?post=98069"},{"taxonomy":"product_tag","embeddable":true,"href":"https:\/\/aavesa.com\/hu\/wp-json\/wp\/v2\/product_tag?post=98069"}],"curies":[{"name":"wp","href":"https:\/\/api.w.org\/{rel}","templated":true}]}}