

{"id":98070,"date":"2025-09-24T19:05:31","date_gmt":"2025-09-24T19:05:31","guid":{"rendered":"https:\/\/aavesa.com\/product\/termeszetes-nercbunda-kopeny-sarki-roka-szorme-szegellyel-623\/"},"modified":"2025-09-24T19:05:31","modified_gmt":"2025-09-24T19:05:31","slug":"termeszetes-nercbunda-kopeny-sarki-roka-szorme-szegellyel-623","status":"publish","type":"product","link":"https:\/\/aavesa.com\/hu\/product\/termeszetes-nercbunda-kopeny-sarki-roka-szorme-szegellyel-623\/","title":{"rendered":"Term\u00e9szetes nercbunda k\u00f6peny sarki r\u00f3ka sz\u0151rme szeg\u00e9llyel 623"},"content":{"rendered":"<p data-start=\"83\" data-end=\"463\">Kifinomult \u00e9s abszol\u00fat l\u00e1tv\u00e1nyos, ez a term\u00e9szetes nercbund\u00e1b\u00f3l k\u00e9sz\u00fclt, kecsesen a v\u00e1llakra ter\u00edtett k\u00f6peny kiemelkedik kiv\u00e9teles kialak\u00edt\u00e1s\u00e1val, amelyet a term\u00e9szetes sarki r\u00f3ka sz\u0151rm\u00e9b\u0151l k\u00e9sz\u00fclt eleg\u00e1ns szeg\u00e9ly eg\u00e9sz\u00edt ki. Igazi statement-darab, t\u00f6k\u00e9letes k\u00fcl\u00f6nleges esem\u00e9nyekre, csillog\u00f3 partikra, vagy ak\u00e1r egy h\u00e9tk\u00f6znapot is eml\u00e9kezetess\u00e9 var\u00e1zsolhat egy kifinomult \u00f6lt\u00f6z\u00e9kkel p\u00e1ros\u00edtva. <\/p>\n<p data-start=\"465\" data-end=\"725\">A gondosan szabott szab\u00e1s kiemeli a nerc term\u00e9szetes luxus\u00e1t, m\u00edg a r\u00f3kapr\u00e9m szeg\u00e9ly t\u00e9rfogatot, text\u00far\u00e1t \u00e9s egy extra adag nemess\u00e9get k\u00f6lcs\u00f6n\u00f6z. A kamp\u00f3s \u00e9s szemes z\u00e1r\u00f3d\u00e1s stabilit\u00e1st \u00e9s hib\u00e1tlan megjelen\u00e9st biztos\u00edt, mik\u00f6zben meg\u0151rzi a k\u00f6peny klasszikus eleganci\u00e1j\u00e1t. <\/p>\n<p data-start=\"727\" data-end=\"851\">Az id\u0151tlen fekete sz\u00ednben kaphat\u00f3 exkluz\u00edv darab gyorsan sokoldal\u00fa \u00e9s kifinomult kieg\u00e9sz\u00edt\u0151je lesz ruhat\u00e1r\u00e1nak.<\/p>\n<p>A term\u00e9k r\u00e9szletei:<\/p>\n<ul>\n<li>Teljes nercb\u0151r, pr\u00e9mium min\u0151s\u00e9g\u0171<\/li>\n<li>Sarki r\u00f3ka sz\u0151rme szeg\u00e9ly<\/li>\n<li>Hook-and-eye r\u00f6gz\u00edt\u00e9s<\/li>\n<li>B\u0151s\u00e9ges, eleg\u00e1ns v\u00e1g\u00e1s<\/li>\n<li>Alkalmas esem\u00e9nyekre vagy kifinomult mindennapi viseletre<\/li>\n<\/ul>\n","protected":false},"excerpt":{"rendered":"<p>Kifinomult \u00e9s abszol\u00fat l\u00e1tv\u00e1nyos, ez a term\u00e9szetes nercbund\u00e1b\u00f3l k\u00e9sz\u00fclt, kecsesen a v\u00e1llakra ter\u00edtett k\u00f6peny kiemelkedik kiv\u00e9teles kialak\u00edt\u00e1s\u00e1val, amelyet a term\u00e9szetes sarki r\u00f3ka sz\u0151rm\u00e9b\u0151l k\u00e9sz\u00fclt eleg\u00e1ns szeg\u00e9ly eg\u00e9sz\u00edt ki. Igazi statement-darab, t\u00f6k\u00e9letes k\u00fcl\u00f6nleges esem\u00e9nyekre, csillog\u00f3 partikra, vagy ak\u00e1r egy h\u00e9tk\u00f6znapot is eml\u00e9kezetess\u00e9 var\u00e1zsolhat egy kifinomult \u00f6lt\u00f6z\u00e9kkel p\u00e1ros\u00edtva. A gondosan szabott szab\u00e1s kiemeli a nerc term\u00e9szetes luxus\u00e1t, [&hellip;]<\/p>\n","protected":false},"featured_media":97240,"comment_status":"closed","ping_status":"closed","template":"","meta":{"_acf_changed":false,"om_disable_all_campaigns":false,"inline_featured_image":false,"_monsterinsights_skip_tracking":false,"_monsterinsights_sitenote_active":false,"_monsterinsights_sitenote_note":"","_monsterinsights_sitenote_category":0},"product_brand":[],"product_cat":[918,792,769,741,765],"product_tag":[],"class_list":{"0":"post-98070","1":"product","2":"type-product","3":"status-publish","4":"has-post-thumbnail","6":"product_cat-2025-2026-kollekcio-autentikus-elegancia-szormeben-es-termeszetes-borben","7":"product_cat-bundas-salak-es-bundas-kopenyek","8":"product_cat-nerc-szorme","9":"product_cat-nok","10":"product_cat-roka-szorme","12":"first","13":"instock","14":"taxable","15":"shipping-taxable","16":"purchasable","17":"product-type-variable","18":"has-default-attributes","19":"wvs-archive-product-wrapper"},"acf":{"categorie_feed":""},"aioseo_notices":[],"_links":{"self":[{"href":"https:\/\/aavesa.com\/hu\/wp-json\/wp\/v2\/product\/98070","targetHints":{"allow":["GET"]}}],"collection":[{"href":"https:\/\/aavesa.com\/hu\/wp-json\/wp\/v2\/product"}],"about":[{"href":"https:\/\/aavesa.com\/hu\/wp-json\/wp\/v2\/types\/product"}],"replies":[{"embeddable":true,"href":"https:\/\/aavesa.com\/hu\/wp-json\/wp\/v2\/comments?post=98070"}],"wp:featuredmedia":[{"embeddable":true,"href":"https:\/\/aavesa.com\/hu\/wp-json\/wp\/v2\/media\/97240"}],"wp:attachment":[{"href":"https:\/\/aavesa.com\/hu\/wp-json\/wp\/v2\/media?parent=98070"}],"wp:term":[{"taxonomy":"product_brand","embeddable":true,"href":"https:\/\/aavesa.com\/hu\/wp-json\/wp\/v2\/product_brand?post=98070"},{"taxonomy":"product_cat","embeddable":true,"href":"https:\/\/aavesa.com\/hu\/wp-json\/wp\/v2\/product_cat?post=98070"},{"taxonomy":"product_tag","embeddable":true,"href":"https:\/\/aavesa.com\/hu\/wp-json\/wp\/v2\/product_tag?post=98070"}],"curies":[{"name":"wp","href":"https:\/\/api.w.org\/{rel}","templated":true}]}}