

{"id":98078,"date":"2025-09-28T07:20:36","date_gmt":"2025-09-28T07:20:36","guid":{"rendered":"https:\/\/aavesa.com\/product\/borkabat-leveheto-mongol-szorme-gallerral-1056\/"},"modified":"2025-09-28T07:20:36","modified_gmt":"2025-09-28T07:20:36","slug":"borkabat-leveheto-mongol-szorme-gallerral-1056","status":"publish","type":"product","link":"https:\/\/aavesa.com\/hu\/product\/borkabat-leveheto-mongol-szorme-gallerral-1056\/","title":{"rendered":"B\u0151rkab\u00e1t levehet\u0151 mongol sz\u0151rme gall\u00e9rral 1056"},"content":{"rendered":"<p class=\"\" data-start=\"315\" data-end=\"596\">Ez a val\u00f3di b\u0151rdzseki t\u00f6k\u00e9letes v\u00e1laszt\u00e1s a st\u00edlusos \u00e9s modern megjelen\u00e9shez. K\u00fcl\u00f6nleges kialak\u00edt\u00e1s\u00e1val \u00e9s gondosan kidolgozott r\u00e9szleteivel kit\u0171nik a term\u00e9szetes mongol b\u00e1r\u00e1nysz\u0151rb\u0151l k\u00e9sz\u00fclt levehet\u0151 gall\u00e9rj\u00e1nak k\u00f6sz\u00f6nhet\u0151en, amely f\u00e9ny\u0171z\u0151 \u00e9s kifinomult hangs\u00falyt ad. <\/p>\n<p class=\"\" data-start=\"598\" data-end=\"880\">Az elasztikus mandzsett\u00e1k \u00e9s a der\u00e9kp\u00e1nt k\u00e9nyelmes illeszked\u00e9st \u00e9s hat\u00e1rozott sziluettet biztos\u00edt, a k\u00e9t praktikus oldalzseb pedig \u00e9ppoly funkcion\u00e1liss\u00e1 teszi, mint amennyire divatos. K\u00e9t id\u0151tlen \u00e1rnyalatban &#8211; konyak \u00e9s fekete &#8211; kaphat\u00f3, ez a kab\u00e1t k\u00f6nnyed\u00e9n illeszkedik b\u00e1rmely kort\u00e1rs ruhat\u00e1rba. <\/p>\n<ul data-start=\"882\" data-end=\"1122\">\n<li class=\"\" data-start=\"882\" data-end=\"924\">\n<p class=\"\" data-start=\"884\" data-end=\"924\">Kiv\u00e1l\u00f3 min\u0151s\u00e9g\u0171 val\u00f3di b\u0151rb\u0151l k\u00e9sz\u00fclt<\/p>\n<\/li>\n<li class=\"\" data-start=\"925\" data-end=\"970\">\n<p class=\"\" data-start=\"927\" data-end=\"970\">Levehet\u0151 gall\u00e9r term\u00e9szetes mongol sz\u0151rm\u00e9b\u0151l<\/p>\n<\/li>\n<li class=\"\" data-start=\"971\" data-end=\"1012\">\n<p class=\"\" data-start=\"973\" data-end=\"1012\">K\u00e9nyelmes elasztikus mandzsetta \u00e9s szeg\u00e9ly<\/p>\n<\/li>\n<li class=\"\" data-start=\"1013\" data-end=\"1042\">\n<p class=\"\" data-start=\"1015\" data-end=\"1042\">K\u00e9t diszkr\u00e9t oldalzseb<\/p>\n<\/li>\n<li data-start=\"1013\" data-end=\"1042\">Hossz 56 cm<\/li>\n<li class=\"\" data-start=\"1043\" data-end=\"1076\">\n<p class=\"\" data-start=\"1045\" data-end=\"1076\">Fekete \u00e9s konyak sz\u00ednben kaphat\u00f3<\/p>\n<\/li>\n<li class=\"\" data-start=\"1077\" data-end=\"1122\">\n<p class=\"\" data-start=\"1079\" data-end=\"1122\">Ide\u00e1lis modern, v\u00e1rosi \u00e9s eleg\u00e1ns \u00f6lt\u00f6z\u00e9kekhez.<\/p>\n<\/li>\n<li data-start=\"1077\" data-end=\"1122\">Modell\u00fcnk 175 cm magas \u00e9s 36-os m\u00e9retet visel.<\/li>\n<\/ul>\n","protected":false},"excerpt":{"rendered":"<p>Ez a val\u00f3di b\u0151rdzseki t\u00f6k\u00e9letes v\u00e1laszt\u00e1s a st\u00edlusos \u00e9s modern megjelen\u00e9shez. K\u00fcl\u00f6nleges kialak\u00edt\u00e1s\u00e1val \u00e9s gondosan kidolgozott r\u00e9szleteivel kit\u0171nik a term\u00e9szetes mongol b\u00e1r\u00e1nysz\u0151rb\u0151l k\u00e9sz\u00fclt levehet\u0151 gall\u00e9rj\u00e1nak k\u00f6sz\u00f6nhet\u0151en, amely f\u00e9ny\u0171z\u0151 \u00e9s kifinomult hangs\u00falyt ad. Az elasztikus mandzsett\u00e1k \u00e9s a der\u00e9kp\u00e1nt k\u00e9nyelmes illeszked\u00e9st \u00e9s hat\u00e1rozott sziluettet biztos\u00edt, a k\u00e9t praktikus oldalzseb pedig \u00e9ppoly funkcion\u00e1liss\u00e1 teszi, mint amennyire divatos. [&hellip;]<\/p>\n","protected":false},"featured_media":97215,"comment_status":"closed","ping_status":"closed","template":"","meta":{"_acf_changed":false,"om_disable_all_campaigns":false,"inline_featured_image":false,"_monsterinsights_skip_tracking":false,"_monsterinsights_sitenote_active":false,"_monsterinsights_sitenote_note":"","_monsterinsights_sitenote_category":0},"product_brand":[],"product_cat":[918,767,916],"product_tag":[],"class_list":{"0":"post-98078","1":"product","2":"type-product","3":"status-publish","4":"has-post-thumbnail","6":"product_cat-2025-2026-kollekcio-autentikus-elegancia-szormeben-es-termeszetes-borben","7":"product_cat-borkabatok-noknek","8":"product_cat-valodi-bor-termekek-tavaszra-es-oszre-kabatok-nadragok-kabatok-szoknyak-es-loveszkabatok-kabatok-nadragok-kabatok-szoknyak-es-loveszkabatok","10":"first","11":"instock","12":"taxable","13":"shipping-taxable","14":"purchasable","15":"product-type-variable","16":"has-default-attributes","17":"wvs-archive-product-wrapper"},"acf":{"categorie_feed":""},"aioseo_notices":[],"_links":{"self":[{"href":"https:\/\/aavesa.com\/hu\/wp-json\/wp\/v2\/product\/98078","targetHints":{"allow":["GET"]}}],"collection":[{"href":"https:\/\/aavesa.com\/hu\/wp-json\/wp\/v2\/product"}],"about":[{"href":"https:\/\/aavesa.com\/hu\/wp-json\/wp\/v2\/types\/product"}],"replies":[{"embeddable":true,"href":"https:\/\/aavesa.com\/hu\/wp-json\/wp\/v2\/comments?post=98078"}],"wp:featuredmedia":[{"embeddable":true,"href":"https:\/\/aavesa.com\/hu\/wp-json\/wp\/v2\/media\/97215"}],"wp:attachment":[{"href":"https:\/\/aavesa.com\/hu\/wp-json\/wp\/v2\/media?parent=98078"}],"wp:term":[{"taxonomy":"product_brand","embeddable":true,"href":"https:\/\/aavesa.com\/hu\/wp-json\/wp\/v2\/product_brand?post=98078"},{"taxonomy":"product_cat","embeddable":true,"href":"https:\/\/aavesa.com\/hu\/wp-json\/wp\/v2\/product_cat?post=98078"},{"taxonomy":"product_tag","embeddable":true,"href":"https:\/\/aavesa.com\/hu\/wp-json\/wp\/v2\/product_tag?post=98078"}],"curies":[{"name":"wp","href":"https:\/\/api.w.org\/{rel}","templated":true}]}}