

{"id":98083,"date":"2025-09-28T07:30:22","date_gmt":"2025-09-28T07:30:22","guid":{"rendered":"https:\/\/aavesa.com\/product\/golden-island-termeszetes-rokaszorme-kabat-2099\/"},"modified":"2026-03-21T18:04:48","modified_gmt":"2026-03-21T16:04:48","slug":"golden-island-termeszetes-rokaszorme-kabat-2099","status":"publish","type":"product","link":"https:\/\/aavesa.com\/hu\/product\/golden-island-termeszetes-rokaszorme-kabat-2099\/","title":{"rendered":"Golden Island term\u00e9szetes r\u00f3kasz\u0151rme kab\u00e1t 2099"},"content":{"rendered":"<p data-start=\"130\" data-end=\"509\">Fedezze fel a kifinomults\u00e1g cs\u00facs\u00e1t ezzel a r\u00f6vid Golden Island term\u00e9szetes r\u00f3kabund\u00e1b\u00f3l k\u00e9sz\u00fclt kab\u00e1ttal, amely egy exkluz\u00edv darab, amely a val\u00f3di luxust mer\u00e9sz, modern diz\u00e1jnnal \u00f6tv\u00f6zi. A Golden Island sz\u0151rme h\u00edres az arany, b\u00e9zs \u00e9s kr\u00e9m meleg t\u00f3nusair\u00f3l, amelyek finoman keverednek ez\u00fcst\u00f6s f\u00e9nypontokkal &#8211; kifinomult \u00e9s igaz\u00e1n egyedi megjelen\u00e9st eredm\u00e9nyezve, amely ide\u00e1lis a felejthetetlen megjelen\u00e9sekhez. <\/p>\n<p class=\"\" data-start=\"511\" data-end=\"843\">A kiv\u00e1gott szab\u00e1s sz\u00e9les v\u00e1ll- \u00e9s ujjvonallal egy terjedelmes, n\u0151ies sziluettet eredm\u00e9nyez. K\u00e9t oldals\u00f3 zseb, amelyek z\u00f6kken\u0151mentesen illeszkednek a diz\u00e1jnba, funkcionalit\u00e1st biztos\u00edtanak an\u00e9lk\u00fcl, hogy az eleganci\u00e1t vesz\u00e9lyeztetn\u00e9k. A kab\u00e1t diszkr\u00e9t el\u00fcls\u0151 z\u00e1r\u00f3d\u00e1ssal \u00e9s teljesen b\u00e9lelt bels\u0151vel rendelkezik, amely biztos\u00edtja a meleget \u00e9s a k\u00e9nyelmet a hidegebb \u00e9vszakban.  <\/p>\n<ul>\n<li data-start=\"847\" data-end=\"909\">Term\u00e9szetes aranyszigeti r\u00f3kasz\u0151rm\u00e9b\u0151l k\u00e9sz\u00fclt &#8211; ritka \u00e9s exkluz\u00edv.<\/li>\n<li data-start=\"912\" data-end=\"978\">L\u00e1tv\u00e1nyos term\u00e9szetes \u00e1rnyalatok: az arany, a b\u00e9zs \u00e9s az ez\u00fcst \u00e1rnyalatai.<\/li>\n<li data-start=\"981\" data-end=\"1034\">R\u00f6vid kialak\u00edt\u00e1s fokozott hanger\u0151vel \u00e9s mer\u00e9sz eleganci\u00e1val<\/li>\n<li data-start=\"1037\" data-end=\"1066\">K\u00e9t funkcion\u00e1lis oldalzseb<\/li>\n<li data-start=\"1069\" data-end=\"1094\">Rejtett el\u00fcls\u0151 z\u00e1r\u00e1s<\/li>\n<li data-start=\"1097\" data-end=\"1139\">Teljesen b\u00e9lelt bels\u0151 t\u00e9r a h\u0151komfort\u00e9rt<\/li>\n<li data-start=\"1142\" data-end=\"1210\">Ide\u00e1lis k\u00fcl\u00f6nleges esem\u00e9nyekhez, eleg\u00e1ns est\u00e9khez vagy kifinomult \u00f6lt\u00f6z\u00e9kekhez.<\/li>\n<li>Hossz: 50 cm<\/li>\n<li>Modell\u00fcnk 175 cm magas \u00e9s 36-os m\u00e9retet visel.<\/li>\n<\/ul>\n","protected":false},"excerpt":{"rendered":"<p>Fedezze fel a kifinomults\u00e1g cs\u00facs\u00e1t ezzel a r\u00f6vid Golden Island term\u00e9szetes r\u00f3kabund\u00e1b\u00f3l k\u00e9sz\u00fclt kab\u00e1ttal, amely egy exkluz\u00edv darab, amely a val\u00f3di luxust mer\u00e9sz, modern diz\u00e1jnnal \u00f6tv\u00f6zi. A Golden Island sz\u0151rme h\u00edres az arany, b\u00e9zs \u00e9s kr\u00e9m meleg t\u00f3nusair\u00f3l, amelyek finoman keverednek ez\u00fcst\u00f6s f\u00e9nypontokkal &#8211; kifinomult \u00e9s igaz\u00e1n egyedi megjelen\u00e9st eredm\u00e9nyezve, amely ide\u00e1lis a felejthetetlen megjelen\u00e9sekhez. [&hellip;]<\/p>\n","protected":false},"featured_media":97228,"comment_status":"closed","ping_status":"closed","template":"","meta":{"_acf_changed":false,"om_disable_all_campaigns":false,"inline_featured_image":false,"_monsterinsights_skip_tracking":false,"_monsterinsights_sitenote_active":false,"_monsterinsights_sitenote_note":"","_monsterinsights_sitenote_category":0},"product_brand":[],"product_cat":[918,766,765],"product_tag":[],"class_list":{"0":"post-98083","1":"product","2":"type-product","3":"status-publish","4":"has-post-thumbnail","6":"product_cat-2025-2026-kollekcio-autentikus-elegancia-szormeben-es-termeszetes-borben","7":"product_cat-bundas-kabatok-es-bundas-dzsekik-noknek","8":"product_cat-roka-szorme","10":"first","11":"instock","12":"taxable","13":"shipping-taxable","14":"purchasable","15":"product-type-variable","16":"has-default-attributes","17":"wvs-archive-product-wrapper"},"acf":{"categorie_feed":""},"aioseo_notices":[],"_links":{"self":[{"href":"https:\/\/aavesa.com\/hu\/wp-json\/wp\/v2\/product\/98083","targetHints":{"allow":["GET"]}}],"collection":[{"href":"https:\/\/aavesa.com\/hu\/wp-json\/wp\/v2\/product"}],"about":[{"href":"https:\/\/aavesa.com\/hu\/wp-json\/wp\/v2\/types\/product"}],"replies":[{"embeddable":true,"href":"https:\/\/aavesa.com\/hu\/wp-json\/wp\/v2\/comments?post=98083"}],"wp:featuredmedia":[{"embeddable":true,"href":"https:\/\/aavesa.com\/hu\/wp-json\/wp\/v2\/media\/97228"}],"wp:attachment":[{"href":"https:\/\/aavesa.com\/hu\/wp-json\/wp\/v2\/media?parent=98083"}],"wp:term":[{"taxonomy":"product_brand","embeddable":true,"href":"https:\/\/aavesa.com\/hu\/wp-json\/wp\/v2\/product_brand?post=98083"},{"taxonomy":"product_cat","embeddable":true,"href":"https:\/\/aavesa.com\/hu\/wp-json\/wp\/v2\/product_cat?post=98083"},{"taxonomy":"product_tag","embeddable":true,"href":"https:\/\/aavesa.com\/hu\/wp-json\/wp\/v2\/product_tag?post=98083"}],"curies":[{"name":"wp","href":"https:\/\/api.w.org\/{rel}","templated":true}]}}