

{"id":98084,"date":"2025-09-25T17:40:56","date_gmt":"2025-09-25T17:40:56","guid":{"rendered":"https:\/\/aavesa.com\/product\/fawn-light-polar-fox-szorme-kabat-gallerral-2099\/"},"modified":"2025-09-25T17:40:56","modified_gmt":"2025-09-25T17:40:56","slug":"fawn-light-polar-fox-szorme-kabat-gallerral-2099","status":"publish","type":"product","link":"https:\/\/aavesa.com\/hu\/product\/fawn-light-polar-fox-szorme-kabat-gallerral-2099\/","title":{"rendered":"Fawn Light Polar Fox sz\u0151rme kab\u00e1t gall\u00e9rral 2099"},"content":{"rendered":"<p class=\"\" data-start=\"309\" data-end=\"514\">Ez a <strong data-start=\"314\" data-end=\"373\">val\u00f3di Fawn Light sarki r\u00f3kabund\u00e1b\u00f3l k\u00e9sz\u00fclt r\u00f6vid kab\u00e1t<\/strong> a kifinomult elegancia defin\u00edci\u00f3ja. Eleg\u00e1ns szab\u00e1s\u00e1val \u00e9s nagyvonal\u00fa gall\u00e9rj\u00e1val azonnal kifinomult hangulatot k\u00f6lcs\u00f6n\u00f6z b\u00e1rmilyen \u00f6lt\u00f6z\u00e9knek. <\/p>\n<p class=\"\" data-start=\"516\" data-end=\"774\">A term\u00e9szetes sarki r\u00f3ka sz\u0151rme <strong data-start=\"559\" data-end=\"592\">gazdag s\u0171r\u0171s\u00e9g\u00e9r\u0151l \u00e9s d\u00fas text\u00far\u00e1j\u00e1r\u00f3l<\/strong> ismert, amely nem csak meleget, hanem felt\u0171n\u0151 vizu\u00e1lis hat\u00e1st is biztos\u00edt. Az exkluz\u00edv Fawn Light \u00e1rnyalat fokozza e darab f\u00e9ny\u0171z\u0151 vonzerej\u00e9t, \u00edgy igazi sz\u00ednfoltja lesz b\u00e1rmelyik ruh\u00e1sszekr\u00e9nynek. <\/p>\n<p class=\"\" data-start=\"776\" data-end=\"1039\">A praktikus \u00e9s egyben eleg\u00e1ns kab\u00e1t <strong data-start=\"826\" data-end=\"855\">k\u00e9t diszkr\u00e9t oldalzsebbel<\/strong> rendelkezik, \u00edgy t\u00f6k\u00e9letes egyens\u00falyt teremt a csillog\u00e1s \u00e9s a funkcionalit\u00e1s k\u00f6z\u00f6tt. Azoknak a n\u0151knek tervezt\u00e9k, akik szeretnek kit\u0171nni, \u00edgy ide\u00e1lis v\u00e1laszt\u00e1s k\u00fcl\u00f6nleges alkalmakra \u00e9s ig\u00e9nyes h\u00e9tk\u00f6znapi viseletre egyar\u00e1nt. <\/p>\n<ul>\n<li data-start=\"1043\" data-end=\"1087\">Term\u00e9szetes Fawn Light sarki r\u00f3ka sz\u0151rm\u00e9b\u0151l k\u00e9sz\u00fclt.<\/li>\n<li data-start=\"1090\" data-end=\"1137\">Eleg\u00e1ns kiv\u00e1gott kialak\u00edt\u00e1s, terjedelmes gall\u00e9rral<\/li>\n<li data-start=\"1140\" data-end=\"1181\">F\u00e9ny\u0171z\u0151 text\u00fara \u00e9s jellegzetes sz\u00edn<\/li>\n<li data-start=\"1184\" data-end=\"1209\">K\u00e9t rejtett oldalzseb<\/li>\n<li data-start=\"1212\" data-end=\"1267\">T\u00f6k\u00e9letes az esti megjelen\u00e9shez vagy a nappali ruh\u00e1khoz.<\/li>\n<li>Hossz: 50 cm<\/li>\n<li>Modell\u00fcnk 175 cm magas \u00e9s 36-os m\u00e9retet visel.<\/li>\n<\/ul>\n","protected":false},"excerpt":{"rendered":"<p>Ez a val\u00f3di Fawn Light sarki r\u00f3kabund\u00e1b\u00f3l k\u00e9sz\u00fclt r\u00f6vid kab\u00e1t a kifinomult elegancia defin\u00edci\u00f3ja. Eleg\u00e1ns szab\u00e1s\u00e1val \u00e9s nagyvonal\u00fa gall\u00e9rj\u00e1val azonnal kifinomult hangulatot k\u00f6lcs\u00f6n\u00f6z b\u00e1rmilyen \u00f6lt\u00f6z\u00e9knek. A term\u00e9szetes sarki r\u00f3ka sz\u0151rme gazdag s\u0171r\u0171s\u00e9g\u00e9r\u0151l \u00e9s d\u00fas text\u00far\u00e1j\u00e1r\u00f3l ismert, amely nem csak meleget, hanem felt\u0171n\u0151 vizu\u00e1lis hat\u00e1st is biztos\u00edt. Az exkluz\u00edv Fawn Light \u00e1rnyalat fokozza e darab f\u00e9ny\u0171z\u0151 [&hellip;]<\/p>\n","protected":false},"featured_media":97209,"comment_status":"closed","ping_status":"closed","template":"","meta":{"_acf_changed":false,"om_disable_all_campaigns":false,"inline_featured_image":false,"_monsterinsights_skip_tracking":false,"_monsterinsights_sitenote_active":false,"_monsterinsights_sitenote_note":"","_monsterinsights_sitenote_category":0},"product_brand":[],"product_cat":[918,766,741,765],"product_tag":[],"class_list":{"0":"post-98084","1":"product","2":"type-product","3":"status-publish","4":"has-post-thumbnail","6":"product_cat-2025-2026-kollekcio-autentikus-elegancia-szormeben-es-termeszetes-borben","7":"product_cat-bundas-kabatok-es-bundas-dzsekik-noknek","8":"product_cat-nok","9":"product_cat-roka-szorme","11":"first","12":"instock","13":"taxable","14":"shipping-taxable","15":"purchasable","16":"product-type-variable","17":"has-default-attributes","18":"wvs-archive-product-wrapper"},"acf":{"categorie_feed":""},"aioseo_notices":[],"_links":{"self":[{"href":"https:\/\/aavesa.com\/hu\/wp-json\/wp\/v2\/product\/98084","targetHints":{"allow":["GET"]}}],"collection":[{"href":"https:\/\/aavesa.com\/hu\/wp-json\/wp\/v2\/product"}],"about":[{"href":"https:\/\/aavesa.com\/hu\/wp-json\/wp\/v2\/types\/product"}],"replies":[{"embeddable":true,"href":"https:\/\/aavesa.com\/hu\/wp-json\/wp\/v2\/comments?post=98084"}],"wp:featuredmedia":[{"embeddable":true,"href":"https:\/\/aavesa.com\/hu\/wp-json\/wp\/v2\/media\/97209"}],"wp:attachment":[{"href":"https:\/\/aavesa.com\/hu\/wp-json\/wp\/v2\/media?parent=98084"}],"wp:term":[{"taxonomy":"product_brand","embeddable":true,"href":"https:\/\/aavesa.com\/hu\/wp-json\/wp\/v2\/product_brand?post=98084"},{"taxonomy":"product_cat","embeddable":true,"href":"https:\/\/aavesa.com\/hu\/wp-json\/wp\/v2\/product_cat?post=98084"},{"taxonomy":"product_tag","embeddable":true,"href":"https:\/\/aavesa.com\/hu\/wp-json\/wp\/v2\/product_tag?post=98084"}],"curies":[{"name":"wp","href":"https:\/\/api.w.org\/{rel}","templated":true}]}}