

{"id":98087,"date":"2025-09-24T19:15:26","date_gmt":"2025-09-24T19:15:26","guid":{"rendered":"https:\/\/aavesa.com\/product\/mongol-szorme-melleny-477\/"},"modified":"2025-09-24T19:15:26","modified_gmt":"2025-09-24T19:15:26","slug":"mongol-szorme-melleny-477","status":"publish","type":"product","link":"https:\/\/aavesa.com\/hu\/product\/mongol-szorme-melleny-477\/","title":{"rendered":"Mongol sz\u0151rme mell\u00e9ny 477"},"content":{"rendered":"<p data-start=\"140\" data-end=\"416\"><strong>Adj mer\u00e9szebb\u00e9 a ruhat\u00e1radat ezzel a mongol juh\u00e1szbunda mell\u00e9nnyel &#8211; ez a kiemelked\u0151 darab a boh\u00e9m b\u00e1jt \u00e9s a modern kifinomults\u00e1got \u00f6tv\u00f6zi. A mell\u00e9ny jellegzetes text\u00far\u00e1ja, finom f\u00fcrt\u00f6kkel \u00e9s term\u00e9szetes volumennel, karaktert \u00e9s st\u00edlust k\u00f6lcs\u00f6n\u00f6z b\u00e1rmelyik ruh\u00e1nak. <\/strong><\/p>\n<p class=\"\" data-start=\"418\" data-end=\"659\">T\u00f6k\u00e9letes a hidegebb h\u00f3napokban a r\u00e9tegez\u00e9shez, k\u00f6nnyed\u00e9n p\u00e1ros\u00edthat\u00f3 k\u00f6t\u00f6tt ruh\u00e1kkal, laza bl\u00fazokkal, b\u0151rdzsekikkel vagy vaskos pul\u00f3verekkel. A diszkr\u00e9t oldalzsebek fokozz\u00e1k a praktikuss\u00e1got \u00e9s a k\u00e9nyelmet an\u00e9lk\u00fcl, hogy a sziluettet vesz\u00e9lyeztetn\u00e9k. <\/p>\n<p class=\"\" data-start=\"661\" data-end=\"758\">Sokoldal\u00fa \u00e9s st\u00edlusos v\u00e1laszt\u00e1s annak a n\u0151nek, aki szeretne kit\u0171nni, mik\u00f6zben a mindennapok k\u00e9nyelm\u00e9t \u00e9lvezi.<\/p>\n<ul>\n<li data-start=\"762\" data-end=\"801\">Term\u00e9szetes mongol juh\u00e1szb\u0151rb\u0151l k\u00e9sz\u00fclt<\/li>\n<li data-start=\"804\" data-end=\"843\">Gazdag text\u00fara puha, hat\u00e1rozott f\u00fcrt\u00f6kkel<\/li>\n<li data-start=\"846\" data-end=\"880\">Ujjatlan kialak\u00edt\u00e1s, k\u00f6nnyen r\u00e9tegezhet\u0151<\/li>\n<li data-start=\"883\" data-end=\"913\">Laza szab\u00e1s teljes b\u00e9l\u00e9ssel<\/li>\n<li data-start=\"916\" data-end=\"962\">Funkcion\u00e1lis oldals\u00f3 zsebek a k\u00f6tetben elrejtve<\/li>\n<li data-start=\"965\" data-end=\"1007\">Meleg, k\u00f6nnyen st\u00edlusos \u00e1rnyalatban kaphat\u00f3<\/li>\n<li data-start=\"1010\" data-end=\"1055\">Alkalmas \u0151szre, t\u00e9lre \u00e9s kora tavaszra<\/li>\n<li>Hossz: 55 cm<\/li>\n<li>Modell\u00fcnk 175 cm magas \u00e9s 36-os m\u00e9retet visel.<\/li>\n<\/ul>\n","protected":false},"excerpt":{"rendered":"<p>Adj mer\u00e9szebb\u00e9 a ruhat\u00e1radat ezzel a mongol juh\u00e1szbunda mell\u00e9nnyel &#8211; ez a kiemelked\u0151 darab a boh\u00e9m b\u00e1jt \u00e9s a modern kifinomults\u00e1got \u00f6tv\u00f6zi. A mell\u00e9ny jellegzetes text\u00far\u00e1ja, finom f\u00fcrt\u00f6kkel \u00e9s term\u00e9szetes volumennel, karaktert \u00e9s st\u00edlust k\u00f6lcs\u00f6n\u00f6z b\u00e1rmelyik ruh\u00e1nak. T\u00f6k\u00e9letes a hidegebb h\u00f3napokban a r\u00e9tegez\u00e9shez, k\u00f6nnyed\u00e9n p\u00e1ros\u00edthat\u00f3 k\u00f6t\u00f6tt ruh\u00e1kkal, laza bl\u00fazokkal, b\u0151rdzsekikkel vagy vaskos pul\u00f3verekkel. A diszkr\u00e9t [&hellip;]<\/p>\n","protected":false},"featured_media":97222,"comment_status":"closed","ping_status":"closed","template":"","meta":{"_acf_changed":false,"om_disable_all_campaigns":false,"inline_featured_image":false,"_monsterinsights_skip_tracking":false,"_monsterinsights_sitenote_active":false,"_monsterinsights_sitenote_note":"","_monsterinsights_sitenote_category":0},"product_brand":[],"product_cat":[918,784,793],"product_tag":[],"class_list":{"0":"post-98087","1":"product","2":"type-product","3":"status-publish","4":"has-post-thumbnail","6":"product_cat-2025-2026-kollekcio-autentikus-elegancia-szormeben-es-termeszetes-borben","7":"product_cat-baranybor","8":"product_cat-shearling-mellenyek-es-bundas-mellenyek-noknek","10":"first","11":"instock","12":"taxable","13":"shipping-taxable","14":"purchasable","15":"product-type-variable","16":"has-default-attributes","17":"wvs-archive-product-wrapper"},"acf":{"categorie_feed":""},"aioseo_notices":[],"_links":{"self":[{"href":"https:\/\/aavesa.com\/hu\/wp-json\/wp\/v2\/product\/98087","targetHints":{"allow":["GET"]}}],"collection":[{"href":"https:\/\/aavesa.com\/hu\/wp-json\/wp\/v2\/product"}],"about":[{"href":"https:\/\/aavesa.com\/hu\/wp-json\/wp\/v2\/types\/product"}],"replies":[{"embeddable":true,"href":"https:\/\/aavesa.com\/hu\/wp-json\/wp\/v2\/comments?post=98087"}],"wp:featuredmedia":[{"embeddable":true,"href":"https:\/\/aavesa.com\/hu\/wp-json\/wp\/v2\/media\/97222"}],"wp:attachment":[{"href":"https:\/\/aavesa.com\/hu\/wp-json\/wp\/v2\/media?parent=98087"}],"wp:term":[{"taxonomy":"product_brand","embeddable":true,"href":"https:\/\/aavesa.com\/hu\/wp-json\/wp\/v2\/product_brand?post=98087"},{"taxonomy":"product_cat","embeddable":true,"href":"https:\/\/aavesa.com\/hu\/wp-json\/wp\/v2\/product_cat?post=98087"},{"taxonomy":"product_tag","embeddable":true,"href":"https:\/\/aavesa.com\/hu\/wp-json\/wp\/v2\/product_tag?post=98087"}],"curies":[{"name":"wp","href":"https:\/\/api.w.org\/{rel}","templated":true}]}}