

{"id":98091,"date":"2024-09-10T13:12:12","date_gmt":"2024-09-10T13:12:12","guid":{"rendered":"https:\/\/aavesa.com\/product\/birkabor-hazi-papucs-909\/"},"modified":"2024-09-10T13:12:12","modified_gmt":"2024-09-10T13:12:12","slug":"birkabor-hazi-papucs-909","status":"publish","type":"product","link":"https:\/\/aavesa.com\/hu\/product\/birkabor-hazi-papucs-909\/","title":{"rendered":"Birkab\u0151r h\u00e1zi papucs 909"},"content":{"rendered":"<p>A f\u00e9rfi b\u00e1r\u00e1nyb\u0151r h\u00e1zipapucs ide\u00e1lis v\u00e1laszt\u00e1s azok sz\u00e1m\u00e1ra, akik k\u00e9nyelmet \u00e9s meleget keresnek a mindennapokban. Az eleg\u00e1ns \u00e9s praktikus kialak\u00edt\u00e1s\u00fa papucsok a rendk\u00edv\u00fcl puha \u00e9s meleg b\u00e1r\u00e1nyb\u0151rnek k\u00f6sz\u00f6nhet\u0151en minden l\u00e9p\u00e9sn\u00e9l kellemes \u00e9rz\u00e9st ny\u00fajtanak. T\u00f6k\u00e9letes belt\u00e9ri viselet, maxim\u00e1lis k\u00e9nyelmet biztos\u00edtanak a hideg napokon, melegen \u00e9s pihentet\u0151n tartva a l\u00e1bakat. Ezek a papucsok egyszerre praktikusak \u00e9s st\u00edlusosak, kiv\u00e1l\u00f3 v\u00e1laszt\u00e1s a pr\u00e9mium k\u00e9nyelmet \u00e9s kifinomult st\u00edlust kedvel\u0151 f\u00e9rfiak sz\u00e1m\u00e1ra. A papucs a k\u00f6vetkez\u0151 sz\u00ednekben kaphat\u00f3: barna, fekete, ol\u00edva, sz\u00fcrke \u00e9s konyak-fekete.    <\/p>\n","protected":false},"excerpt":{"rendered":"<p>A f\u00e9rfi b\u00e1r\u00e1nyb\u0151r h\u00e1zipapucs ide\u00e1lis v\u00e1laszt\u00e1s azok sz\u00e1m\u00e1ra, akik k\u00e9nyelmet \u00e9s meleget keresnek a mindennapokban. Az eleg\u00e1ns \u00e9s praktikus kialak\u00edt\u00e1s\u00fa papucsok a rendk\u00edv\u00fcl puha \u00e9s meleg b\u00e1r\u00e1nyb\u0151rnek k\u00f6sz\u00f6nhet\u0151en minden l\u00e9p\u00e9sn\u00e9l kellemes \u00e9rz\u00e9st ny\u00fajtanak. T\u00f6k\u00e9letes belt\u00e9ri viselet, maxim\u00e1lis k\u00e9nyelmet biztos\u00edtanak a hideg napokon, melegen \u00e9s pihentet\u0151n tartva a l\u00e1bakat. Ezek a papucsok egyszerre praktikusak \u00e9s st\u00edlusosak, [&hellip;]<\/p>\n","protected":false},"featured_media":95820,"comment_status":"closed","ping_status":"closed","template":"","meta":{"_acf_changed":false,"om_disable_all_campaigns":false,"inline_featured_image":false,"_monsterinsights_skip_tracking":false,"_monsterinsights_sitenote_active":false,"_monsterinsights_sitenote_note":"","_monsterinsights_sitenote_category":0},"product_brand":[],"product_cat":[880,816,795],"product_tag":[],"class_list":{"0":"post-98091","1":"product","2":"type-product","3":"status-publish","4":"has-post-thumbnail","6":"product_cat-2024-2025-kollekcio","7":"product_cat-juhbor-papucsok-ferfiaknak","8":"product_cat-kiegeszitok","10":"first","11":"instock","12":"taxable","13":"shipping-taxable","14":"purchasable","15":"product-type-variable","16":"has-default-attributes","17":"wvs-archive-product-wrapper"},"acf":{"categorie_feed":""},"aioseo_notices":[],"_links":{"self":[{"href":"https:\/\/aavesa.com\/hu\/wp-json\/wp\/v2\/product\/98091","targetHints":{"allow":["GET"]}}],"collection":[{"href":"https:\/\/aavesa.com\/hu\/wp-json\/wp\/v2\/product"}],"about":[{"href":"https:\/\/aavesa.com\/hu\/wp-json\/wp\/v2\/types\/product"}],"replies":[{"embeddable":true,"href":"https:\/\/aavesa.com\/hu\/wp-json\/wp\/v2\/comments?post=98091"}],"wp:featuredmedia":[{"embeddable":true,"href":"https:\/\/aavesa.com\/hu\/wp-json\/wp\/v2\/media\/95820"}],"wp:attachment":[{"href":"https:\/\/aavesa.com\/hu\/wp-json\/wp\/v2\/media?parent=98091"}],"wp:term":[{"taxonomy":"product_brand","embeddable":true,"href":"https:\/\/aavesa.com\/hu\/wp-json\/wp\/v2\/product_brand?post=98091"},{"taxonomy":"product_cat","embeddable":true,"href":"https:\/\/aavesa.com\/hu\/wp-json\/wp\/v2\/product_cat?post=98091"},{"taxonomy":"product_tag","embeddable":true,"href":"https:\/\/aavesa.com\/hu\/wp-json\/wp\/v2\/product_tag?post=98091"}],"curies":[{"name":"wp","href":"https:\/\/api.w.org\/{rel}","templated":true}]}}